{"id":5425,"date":"2021-07-13T20:51:00","date_gmt":"2021-07-13T19:51:00","guid":{"rendered":"https:\/\/bohemehouse.lt\/about\/"},"modified":"2025-09-11T08:03:09","modified_gmt":"2025-09-11T07:03:09","slug":"apie","status":"publish","type":"page","link":"https:\/\/bohemehouse.lt\/lt\/apie\/","title":{"rendered":"Apie"},"content":{"rendered":"<div class=\"wpb-content-wrapper\"><p>[vc_row el_class=&#8221;desktop&#8221;][vc_column][vc_empty_space height=&#8221;230px&#8221;][\/vc_column][\/vc_row][vc_row el_class=&#8221;mobile&#8221;][vc_column][vc_empty_space height=&#8221;100px&#8221;][\/vc_column][\/vc_row][vc_row el_id=&#8221;about&#8221;][vc_column enable_content_animation=&#8221;yes&#8221; ca_init_scale_x=&#8221;1&#8243; ca_init_scale_y=&#8221;1&#8243; ca_init_scale_z=&#8221;1&#8243; ca_init_opacity=&#8221;0&#8243; ca_an_scale_x=&#8221;1&#8243; ca_an_scale_y=&#8221;1&#8243; ca_an_scale_z=&#8221;1&#8243; ca_an_opacity=&#8221;1&#8243; offset=&#8221;vc_col-md-5&#8243; ca_init_translate_y=&#8221;42&#8243;]<style>.ld_fancy_heading_69de2e5023547 h5{font-size:20px;color:rgb(187, 160, 122);}.ld_fancy_heading_69de2e5023547 h5 {margin-top:0px !important; margin-bottom:0px !important;  } .ld_fancy_heading_69de2e5023547 .lqd-highlight-inner{height:0.275em;bottom:0px;}.ld_fancy_heading_69de2e5023547 h5 {margin-top:0px !important; margin-bottom:0px !important;  } <\/style><div class=\"ld-fancy-heading ld_fancy_heading_69de2e5023547\">\n\t<h5 class=\"lqd-highlight-underline lqd-highlight-grow-left\" data-split-text=\"true\" data-custom-animations=\"true\" data-ca-options='{\"triggerHandler\":\"inview\",\"animationTarget\":\".lqd-lines .split-inner\",\"duration\":700,\"delay\":100,\"easing\":\"easeOutQuint\",\"direction\":\"forward\",\"initValues\":{\"scale\":1},\"animations\":{\"scale\":1}}' data-split-options='{\"type\":\"lines\"}'><span class=\"ld-fh-txt\"> <em>APIE<\/em><\/span><\/h5><\/div>[vc_empty_space height=&#8221;5px&#8221;]<style>.ld_fancy_heading_69de2e50238d9 h2 {margin-top:0px !important; margin-bottom:0px !important;  } .ld_fancy_heading_69de2e50238d9 .lqd-highlight-inner{height:0.275em;bottom:0px;}.ld_fancy_heading_69de2e50238d9 h2 {margin-top:0px !important; margin-bottom:0px !important;  } <\/style><div class=\"ld-fancy-heading ld_fancy_heading_69de2e50238d9\">\n\t<h2 class=\"lqd-highlight-underline lqd-highlight-grow-left\" data-fittext=\"true\" data-fittext-options='{\"compressor\":0.5,\"maxFontSize\":\"currentFontSize\",\"minFontSize\":\"45\"}' data-split-text=\"true\" data-custom-animations=\"true\" data-ca-options='{\"triggerHandler\":\"inview\",\"animationTarget\":\".lqd-lines .split-inner\",\"duration\":700,\"delay\":100,\"easing\":\"easeOutQuint\",\"direction\":\"forward\",\"initValues\":{\"scale\":1},\"animations\":{\"scale\":1}}' data-split-options='{\"type\":\"lines\"}'><span class=\"ld-fh-txt\"> NAUJI SVETINGUMO STANDARTAI<\/span><\/h2><\/div>[vc_empty_space height=&#8221;48px&#8221;]<style>@media (min-width: 992px) { .ld_fancy_heading_69de2e5023aeb p {margin-right:8% !important;  }  } .ld_fancy_heading_69de2e5023aeb .lqd-highlight-inner{height:0.275em;bottom:0px;}@media (min-width: 992px) { .ld_fancy_heading_69de2e5023aeb p {margin-right:8% !important;  }  } <\/style><div class=\"ld-fancy-heading ld_fancy_heading_69de2e5023aeb\">\n\t<p class=\"lqd-highlight-underline lqd-highlight-grow-left\" data-split-text=\"true\" data-custom-animations=\"true\" data-ca-options='{\"triggerHandler\":\"inview\",\"animationTarget\":\".lqd-lines .split-inner\",\"duration\":700,\"startDelay\":\"180\",\"delay\":100,\"easing\":\"easeOutQuint\",\"direction\":\"forward\",\"initValues\":{\"scale\":1},\"animations\":{\"scale\":1}}' data-split-options='{\"type\":\"lines\"}'><span class=\"ld-fh-txt\"> Architekt\u0117s lai\u0161kas<br \/>\n.. apie \u0161iuolaikin\u0119 bohem\u0105<\/p>\n<p>B\u014dHEME HOUSE tai daugiau nei apartamentai nak\u010diai. Tai \u012fkvepianti erdv\u0117, gimusi i\u0161 m\u016bs\u0173 aistros architekt\u016brai, dizainui ir unikalioms patirtims.<\/p>\n<p>Tikime, kad vienas geriausi\u0173 b\u016bd\u0173 pa\u017einti miest\u0105 yra pa\u017e\u012fstant vietos \u017emoni\u0173 istorijas. Tad tarpukariu datuojamame name nusprend\u0117me atkurti laikinosios sostin\u0117s gyvenimo b\u016bd\u0105. 20 kult\u016brin\u0117s ekstaz\u0117s kupin\u0173 Nepriklausomyb\u0117s met\u0173 Kaunas buvo vadinamas Ma\u017euoju Pary\u017eiumi. Pary\u017eiumi persismelk\u0119s tarpukario kult\u016bros fenomenas prad\u0117jo kurtis pra\u0117jus vos keleriems metams po mieste \u012fvestos kanalizacijos.<\/p>\n<p>Inteligent\u0173 ir meninink\u0173 namai virto salonais, kur five o\u2019clock metu buvo serviruojama kava su migdol\u0173 pienu ir intriguojantys pokalbiai apie men\u0105, valstyb\u0119 ar apatinius. Restoranuose vyst\u0117si kult\u016brinio luomo diskusin\u0117 atmosfera, kur kiekvienas save gerbiantis inteligentas tur\u0117jo vardin\u012f staliuk\u0105, piet\u016bs kainavo penktadal\u012f vidutin\u0117s algos, o damos, pamir\u0161usios p\u0117dkelnes, pie\u0161davosi si\u016bles ant blauzd\u0173 antaki\u0173 pie\u0161tukais.<\/p>\n<p>Kas yra bohema? Daugelio s\u0105mon\u0117se bohemos s\u0105voka yra visi\u0161kai neapibr\u0117\u017eta &#8211; vieniems tai tik i\u0161tisos vyne ir cigaret\u0117se paskendusios savait\u0117s, kitiems tai socialinis meninink\u0173 luomas, laisv\u0117s sinonimas, aprangos stilius, id\u0117jiniai susi\u0117jimai, gyvenimo b\u016bdas ar tik asociacijos su praeitimi.<br \/>\nMums bohema tai \u0117jimas vienu \u017eingsniu priekyje, vidin\u0117 laisv\u0117 m\u0105styti kitaip, moderni filosofija su romaus mai\u0161to prieskoniu tvyran\u010diame susikaustymo fone ir atokv\u0117pis nuo pilkumos, kupinas gyv\u0173 pokalbi\u0173 apie id\u0117jas.<\/p>\n<p>B\u014dHEME HOUSE nerasite muziejini\u0173 ir bibliografini\u0173 tarpukario artdeco interjer\u0173, objekt\u0173 ar artefakt\u0173. B\u014dHEME HOUSE atrasite XXI am\u017eiaus kalba pasakojamus \u012fdomiausi\u0173 asmenybi\u0173 gyvenimo u\u017ekulisius a\u0161tuoniuose teminiuose apartamentuose. Apartamentus inspiravusi\u0173 asmenybi\u0173 istorijas pateikiame per J\u016bs\u0173 vie\u0161nag\u0117s laiko t\u0117km\u0119 ir tikim\u0117s, kad \u0161i knyga virs \u012fkvepian\u010dia potyrio dalimi.<\/p>\n<p>Eksperimentuodami ir interpretuodami tikim\u0117s kartu su jumis sukurti erdv\u0119 modernios bohemos formavimuisi. B\u014dHEME HOUSE jus nuolat pasitiks kaip kintantis ir augantis k\u016brinys, \u017eadantis naujas istorijas ir naujus potyrius.<\/p>\n<p>\u0160is namas buvo sukurtas jaunos \u0161eimos &#8211; Vaivos, Lino ir Majos &#8211; pripildytas m\u016bs\u0173 meile, nesuskai\u010diuojamomis pastangomis ir svajon\u0117mis sukurti \u012fkvepian\u010di\u0105 patirt\u012f m\u016bs\u0173 gimtajame mieste. Visada tik\u0117jome, jog pab\u0117gimas i\u0161 rutinos, kelion\u0117s tur\u0117t\u0173 tapti i\u0161skirtin\u0117mis patirtimis &#8211; nuo ne\u012fprast\u0173 interjer\u0173 iki interaktyvaus miesto pa\u017einimo.<\/p>\n<p>M\u0117gaukit\u0117s \u0161ia \u012fkvepian\u010dia erdve .. pa\u017eadame jums monumentalius \u012fsp\u016bd\u017eius.<\/p>\n<p>Su meile,<br \/>\nVaiva<\/span><\/p><\/div>[\/vc_column][vc_column offset=&#8221;vc_col-md-offset-2 vc_col-md-5&#8243;]<style>.ld_fancy_heading_69de2e5023d30 p{font-size:30px;color:rgb(187, 160, 122);}.ld_fancy_heading_69de2e5023d30 p {margin-bottom:-1.75em !important;  } .ld_fancy_heading_69de2e5023d30 .lqd-highlight-inner{height:0.275em;bottom:0px;}.ld_fancy_heading_69de2e5023d30 p {margin-bottom:-1.75em !important;  } <\/style><div class=\"ld-fancy-heading text-right ld_fancy_heading_69de2e5023d30\">\n\t<p class=\"lqd-highlight-underline lqd-highlight-grow-left\" ><span class=\"ld-fh-txt\"> Est<\/span><\/p><\/div><style>.ld_counter_69de2e5023e6a .liquid-counter-element{font-size:200px;font-weight:400;}.ld_counter_69de2e5023e6a > .liquid-counter-element > span{color:rgb(187, 160, 122);}<\/style><div id=\"ld_counter_69de2e5023e6a\" class=\"liquid-counter liquid-counter-default pull-right ld_counter_69de2e5023e6a\">\n\t\n\t\t\t<div class=\"liquid-counter-element \" data-enable-counter=\"true\" data-counter-options='{\"targetNumber\":\"2020\",\"blurEffect\":true}'>\n\t\t\t\t\t\t\t\t\t\t\t\t<span>2020<\/span>\t\t<\/div><!-- \/.liquid-counter-element -->\n\t\n<\/div><!-- \/.liquid-counter --><div id=\"ld_images_group_container_69de2e5024190\" class=\"liquid-img-group-container ld_images_group_container_69de2e5024190\"  >\n\t<div class=\"liquid-img-group-inner\">\n\t\t<style>@media (min-width: 992px) { .ld_images_group_element_69de2e502453a {top:-120px !important;  }  } @media (min-width: 992px) { .ld_images_group_element_69de2e502453a {margin-left:-30px !important;  }  } <\/style><div id=\"ld_images_group_element_69de2e502453a\" class=\"liquid-img-group-single ld_images_group_element_69de2e502453a\" >\n\t\n\t\t\n\t<div class=\"liquid-img-group-img-container\">\n\t\t\n\t\t\n\t\t\t\t\n\t\t\t\t<div class=\"liquid-img-container-inner\" data-parallax=\"true\" data-parallax-from='{\"translateY\":-42}' data-parallax-to='{\"translateY\":33}' data-parallax-options='{\"overflowHidden\":false,\"easing\":\"linear\"}'>\n\t\t\t<figure ><img decoding=\"async\" width=\"1000\" height=\"1265\" src=\"https:\/\/bohemehouse.lt\/wp-content\/uploads\/2021\/07\/bohemehouse-1-1.jpg\" class=\"attachment-full size-full\" alt=\"\" srcset=\"https:\/\/bohemehouse.lt\/wp-content\/uploads\/2021\/07\/bohemehouse-1-1.jpg 1000w, https:\/\/bohemehouse.lt\/wp-content\/uploads\/2021\/07\/bohemehouse-1-1-237x300.jpg 237w, https:\/\/bohemehouse.lt\/wp-content\/uploads\/2021\/07\/bohemehouse-1-1-809x1024.jpg 809w\" sizes=\"(max-width: 1000px) 100vw, 1000px\" \/><\/figure>\t\t\t\t\t<\/div><!-- \/.liquid-img-container-inner -->\n\t\t\n\t<\/div><!-- \/.liquid-img-group-content -->\n<\/div><!-- \/.liquid-img-group-single -->\n\t\n\t<\/div><!-- \/.liquid-img-group-inner -->\n<\/div><!-- \/.liquid-img-group-container -->[\/vc_column][\/vc_row][vc_row][vc_column][vc_empty_space height=&#8221;100px&#8221;][\/vc_column][\/vc_row][vc_row full_width=&#8221;stretch_row&#8221; el_id=&#8221;footer&#8221; css=&#8221;.vc_custom_1757505980323{padding-top: 35px !important;padding-bottom: 45px !important;background-color: #3F4041 !important;}&#8221;][vc_column align=&#8221;text-center&#8221;]<style>.mobile > li > a{font-size:12px;letter-spacing:0.1em;text-transform:uppercase;}.mobile > li{margin-bottom:30px;}.mobile > li > a,.mobile ul > li > a{color:rgb(204, 205, 206);}<\/style>\n<ul id=\"mobile\" class=\"lqd-custom-menu reset-ul   mobile\"><li id=\"menu-item-5464\" class=\"menu-item menu-item-type-custom menu-item-object-custom menu-item-5464\"><a href=\"\/lt#apartments\">Apartamentai<\/a><\/li>\n<li id=\"menu-item-5465\" class=\"menu-item menu-item-type-custom menu-item-object-custom menu-item-5465\"><a href=\"\/lt#offers\">Pasi\u016blymai<\/a><\/li>\n<li id=\"menu-item-5466\" class=\"desktop menu-item menu-item-type-custom menu-item-object-custom menu-item-5466\"><a href=\"\/lt#lobbyrestoranas\">Restoranas<\/a><\/li>\n<li id=\"menu-item-5467\" class=\"desktop menu-item menu-item-type-custom menu-item-object-custom menu-item-5467\"><a href=\"\/lt#roofterrace\">Stogo terasa<\/a><\/li>\n<li id=\"menu-item-5468\" class=\"desktop menu-item menu-item-type-custom menu-item-object-custom menu-item-5468\"><a href=\"\/lt#cinemalounge\">Kino teatras<\/a><\/li>\n<li id=\"menu-item-5766\" class=\"mobile menu-item menu-item-type-custom menu-item-object-custom menu-item-5766\"><a href=\"https:\/\/bohemehouse.lt\/lt#lobbyrestmob\">Restoranas<\/a><\/li>\n<li id=\"menu-item-5767\" class=\"mobile menu-item menu-item-type-custom menu-item-object-custom menu-item-5767\"><a href=\"https:\/\/bohemehouse.lt\/lt#roofterracemob\">Stogo terasa<\/a><\/li>\n<li id=\"menu-item-5768\" class=\"mobile menu-item menu-item-type-custom menu-item-object-custom menu-item-5768\"><a href=\"https:\/\/bohemehouse.lt\/lt#cinemaloungemob\">Kino teatras<\/a><\/li>\n<li id=\"menu-item-5469\" class=\"menu-item menu-item-type-post_type menu-item-object-page menu-item-5469\"><a href=\"https:\/\/bohemehouse.lt\/lt\/apie\/\">Apie<\/a><\/li>\n<li id=\"menu-item-5470\" class=\"menu-item menu-item-type-post_type menu-item-object-page menu-item-5470\"><a href=\"https:\/\/bohemehouse.lt\/lt\/kontaktai\/\">Kontaktai<\/a><\/li>\n<li id=\"menu-item-5471\" class=\"menu-item menu-item-type-post_type menu-item-object-page menu-item-5471\"><a href=\"https:\/\/bohemehouse.lt\/lt\/bendrosios-taisykles\/\">Bendrosios taisykl\u0117s<\/a><\/li>\n<li id=\"menu-item-5716\" class=\"menu-item menu-item-type-post_type menu-item-object-page menu-item-5716\"><a href=\"https:\/\/bohemehouse.lt\/lt\/privacy-policy\/\">Privatumo politika<\/a><\/li>\n<li id=\"menu-item-5472\" class=\"menu-item menu-item-type-post_type menu-item-object-page menu-item-5472\"><a href=\"https:\/\/bohemehouse.lt\/lt\/duk\/\">DUK<\/a><\/li>\n<\/ul><style>.desktop > li > a{font-size:12px;letter-spacing:0.1em;text-transform:uppercase;}.desktop li + li{margin-left:30px;}.desktop > li > a,.desktop ul > li > a{color:rgb(204, 205, 206);}<\/style>\n<ul id=\"desktop\" class=\"lqd-custom-menu reset-ul inline-nav  desktop\"><li class=\"menu-item menu-item-type-custom menu-item-object-custom menu-item-5464\"><a href=\"\/lt#apartments\">Apartamentai<\/a><\/li>\n<li class=\"menu-item menu-item-type-custom menu-item-object-custom menu-item-5465\"><a href=\"\/lt#offers\">Pasi\u016blymai<\/a><\/li>\n<li class=\"desktop menu-item menu-item-type-custom menu-item-object-custom menu-item-5466\"><a href=\"\/lt#lobbyrestoranas\">Restoranas<\/a><\/li>\n<li class=\"desktop menu-item menu-item-type-custom menu-item-object-custom menu-item-5467\"><a href=\"\/lt#roofterrace\">Stogo terasa<\/a><\/li>\n<li class=\"desktop menu-item menu-item-type-custom menu-item-object-custom menu-item-5468\"><a href=\"\/lt#cinemalounge\">Kino teatras<\/a><\/li>\n<li class=\"mobile menu-item menu-item-type-custom menu-item-object-custom menu-item-5766\"><a href=\"https:\/\/bohemehouse.lt\/lt#lobbyrestmob\">Restoranas<\/a><\/li>\n<li class=\"mobile menu-item menu-item-type-custom menu-item-object-custom menu-item-5767\"><a href=\"https:\/\/bohemehouse.lt\/lt#roofterracemob\">Stogo terasa<\/a><\/li>\n<li class=\"mobile menu-item menu-item-type-custom menu-item-object-custom menu-item-5768\"><a href=\"https:\/\/bohemehouse.lt\/lt#cinemaloungemob\">Kino teatras<\/a><\/li>\n<li class=\"menu-item menu-item-type-post_type menu-item-object-page menu-item-5469\"><a href=\"https:\/\/bohemehouse.lt\/lt\/apie\/\">Apie<\/a><\/li>\n<li class=\"menu-item menu-item-type-post_type menu-item-object-page menu-item-5470\"><a href=\"https:\/\/bohemehouse.lt\/lt\/kontaktai\/\">Kontaktai<\/a><\/li>\n<li class=\"menu-item menu-item-type-post_type menu-item-object-page menu-item-5471\"><a href=\"https:\/\/bohemehouse.lt\/lt\/bendrosios-taisykles\/\">Bendrosios taisykl\u0117s<\/a><\/li>\n<li class=\"menu-item menu-item-type-post_type menu-item-object-page menu-item-5716\"><a href=\"https:\/\/bohemehouse.lt\/lt\/privacy-policy\/\">Privatumo politika<\/a><\/li>\n<li class=\"menu-item menu-item-type-post_type menu-item-object-page menu-item-5472\"><a href=\"https:\/\/bohemehouse.lt\/lt\/duk\/\">DUK<\/a><\/li>\n<\/ul><style>.ld_spacer_69de2e5028f12{height:25px;}<\/style>\n<div class=\"ld-empty-space ld_spacer_69de2e5028f12\"><span class=\"liquid_empty_space_inner\"><\/span><\/div>[\/vc_column][vc_column align=&#8221;text-center&#8221; offset=&#8221;vc_col-md-offset-3 vc_col-md-6&#8243;]<style>.ld_social_icons_69de2e5029007.social-icon li a{color:#CCCDCE;}.ld_social_icons_69de2e5029007.social-icon li a:hover{color:#ffffff;}<\/style><ul class=\"social-icon social-icon-md ld_social_icons_69de2e5029007\" id=ld_social_icons_69de2e5029007>\n<li><a href=\"https:\/\/www.facebook.com\/bohemehouse\/\" target=\"_blank\" rel=\"nofollow\"><i class=\"fa fa-facebook\"><\/i><\/a><\/li><li><a href=\"https:\/\/www.instagram.com\/bohemehouse\/\" target=\"_blank\" rel=\"nofollow\"><i class=\"fa fa-instagram\"><\/i><\/a><\/li><li><a href=\"http:\/\/www.pinterest.com\/thearchitectlt\" target=\"_blank\" rel=\"nofollow\"><i class=\"fa fa-pinterest\"><\/i><\/a><\/li><\/ul>[\/vc_column][\/vc_row]<\/p>\n<\/div>","protected":false},"excerpt":{"rendered":"<p>[vc_row el_class=&#8221;desktop&#8221;][vc_column][vc_empty_space height=&#8221;230px&#8221;][\/vc_column][\/vc_row][vc_row el_class=&#8221;mobile&#8221;][vc_column][vc_empty_space height=&#8221;100px&#8221;][\/vc_column][\/vc_row][vc_row el_id=&#8221;about&#8221;][vc_column enable_content_animation=&#8221;yes&#8221; ca_init_scale_x=&#8221;1&#8243; ca_init_scale_y=&#8221;1&#8243; ca_init_scale_z=&#8221;1&#8243; ca_init_opacity=&#8221;0&#8243; ca_an_scale_x=&#8221;1&#8243; ca_an_scale_y=&#8221;1&#8243; ca_an_scale_z=&#8221;1&#8243; ca_an_opacity=&#8221;1&#8243;&#8230;<\/p>\n","protected":false},"author":1,"featured_media":0,"parent":0,"menu_order":0,"comment_status":"closed","ping_status":"closed","template":"","meta":{"footnotes":""},"class_list":["post-5425","page","type-page","status-publish","hentry"],"yoast_head":"<!-- This site is optimized with the Yoast SEO plugin v27.1.1 - https:\/\/yoast.com\/product\/yoast-seo-wordpress\/ -->\n<title>B\u014dHEME HOUSE | About<\/title>\n<meta name=\"description\" content=\"B\u014dHEME HOUSE is more than a residence - this Mazoniai family house has rooted in our passions for bespoke design &amp; unique experiences.\" \/>\n<meta name=\"robots\" content=\"index, follow, max-snippet:-1, max-image-preview:large, max-video-preview:-1\" \/>\n<link rel=\"canonical\" href=\"https:\/\/bohemehouse.lt\/lt\/apie\/\" \/>\n<meta property=\"og:locale\" content=\"lt_LT\" \/>\n<meta property=\"og:type\" content=\"article\" \/>\n<meta property=\"og:title\" content=\"B\u014dHEME HOUSE | About\" \/>\n<meta property=\"og:description\" content=\"B\u014dHEME HOUSE is more than a residence - this Mazoniai family house has rooted in our passions for bespoke design &amp; unique experiences.\" \/>\n<meta property=\"og:url\" content=\"https:\/\/bohemehouse.lt\/lt\/apie\/\" \/>\n<meta property=\"og:site_name\" content=\"B\u014dHEME HOUSE\" \/>\n<meta property=\"article:modified_time\" content=\"2025-09-11T07:03:09+00:00\" \/>\n<meta name=\"twitter:card\" content=\"summary_large_image\" \/>\n<meta name=\"twitter:label1\" content=\"Est. reading time\" \/>\n\t<meta name=\"twitter:data1\" content=\"3 minut\u0117s\" \/>\n<script type=\"application\/ld+json\" class=\"yoast-schema-graph\">{\"@context\":\"https:\/\/schema.org\",\"@graph\":[{\"@type\":\"WebPage\",\"@id\":\"https:\/\/bohemehouse.lt\/lt\/apie\/\",\"url\":\"https:\/\/bohemehouse.lt\/lt\/apie\/\",\"name\":\"B\u014dHEME HOUSE | About\",\"isPartOf\":{\"@id\":\"https:\/\/bohemehouse.lt\/#website\"},\"datePublished\":\"2021-07-13T19:51:00+00:00\",\"dateModified\":\"2025-09-11T07:03:09+00:00\",\"description\":\"B\u014dHEME HOUSE is more than a residence - this Mazoniai family house has rooted in our passions for bespoke design & unique experiences.\",\"breadcrumb\":{\"@id\":\"https:\/\/bohemehouse.lt\/lt\/apie\/#breadcrumb\"},\"inLanguage\":\"lt-LT\",\"potentialAction\":[{\"@type\":\"ReadAction\",\"target\":[\"https:\/\/bohemehouse.lt\/lt\/apie\/\"]}]},{\"@type\":\"BreadcrumbList\",\"@id\":\"https:\/\/bohemehouse.lt\/lt\/apie\/#breadcrumb\",\"itemListElement\":[{\"@type\":\"ListItem\",\"position\":1,\"name\":\"Home\",\"item\":\"https:\/\/bohemehouse.lt\/lt\/\"},{\"@type\":\"ListItem\",\"position\":2,\"name\":\"Apie\"}]},{\"@type\":\"WebSite\",\"@id\":\"https:\/\/bohemehouse.lt\/#website\",\"url\":\"https:\/\/bohemehouse.lt\/\",\"name\":\"B\u014dHEME HOUSE\",\"description\":\"Boutique Hotel in Kaunas Old Town\",\"potentialAction\":[{\"@type\":\"SearchAction\",\"target\":{\"@type\":\"EntryPoint\",\"urlTemplate\":\"https:\/\/bohemehouse.lt\/?s={search_term_string}\"},\"query-input\":{\"@type\":\"PropertyValueSpecification\",\"valueRequired\":true,\"valueName\":\"search_term_string\"}}],\"inLanguage\":\"lt-LT\"}]}<\/script>\n<!-- \/ Yoast SEO plugin. -->","yoast_head_json":{"title":"B\u014dHEME HOUSE | About","description":"B\u014dHEME HOUSE is more than a residence - this Mazoniai family house has rooted in our passions for bespoke design & unique experiences.","robots":{"index":"index","follow":"follow","max-snippet":"max-snippet:-1","max-image-preview":"max-image-preview:large","max-video-preview":"max-video-preview:-1"},"canonical":"https:\/\/bohemehouse.lt\/lt\/apie\/","og_locale":"lt_LT","og_type":"article","og_title":"B\u014dHEME HOUSE | About","og_description":"B\u014dHEME HOUSE is more than a residence - this Mazoniai family house has rooted in our passions for bespoke design & unique experiences.","og_url":"https:\/\/bohemehouse.lt\/lt\/apie\/","og_site_name":"B\u014dHEME HOUSE","article_modified_time":"2025-09-11T07:03:09+00:00","twitter_card":"summary_large_image","twitter_misc":{"Est. reading time":"3 minut\u0117s"},"schema":{"@context":"https:\/\/schema.org","@graph":[{"@type":"WebPage","@id":"https:\/\/bohemehouse.lt\/lt\/apie\/","url":"https:\/\/bohemehouse.lt\/lt\/apie\/","name":"B\u014dHEME HOUSE | About","isPartOf":{"@id":"https:\/\/bohemehouse.lt\/#website"},"datePublished":"2021-07-13T19:51:00+00:00","dateModified":"2025-09-11T07:03:09+00:00","description":"B\u014dHEME HOUSE is more than a residence - this Mazoniai family house has rooted in our passions for bespoke design & unique experiences.","breadcrumb":{"@id":"https:\/\/bohemehouse.lt\/lt\/apie\/#breadcrumb"},"inLanguage":"lt-LT","potentialAction":[{"@type":"ReadAction","target":["https:\/\/bohemehouse.lt\/lt\/apie\/"]}]},{"@type":"BreadcrumbList","@id":"https:\/\/bohemehouse.lt\/lt\/apie\/#breadcrumb","itemListElement":[{"@type":"ListItem","position":1,"name":"Home","item":"https:\/\/bohemehouse.lt\/lt\/"},{"@type":"ListItem","position":2,"name":"Apie"}]},{"@type":"WebSite","@id":"https:\/\/bohemehouse.lt\/#website","url":"https:\/\/bohemehouse.lt\/","name":"B\u014dHEME HOUSE","description":"Boutique Hotel in Kaunas Old Town","potentialAction":[{"@type":"SearchAction","target":{"@type":"EntryPoint","urlTemplate":"https:\/\/bohemehouse.lt\/?s={search_term_string}"},"query-input":{"@type":"PropertyValueSpecification","valueRequired":true,"valueName":"search_term_string"}}],"inLanguage":"lt-LT"}]}},"_links":{"self":[{"href":"https:\/\/bohemehouse.lt\/lt\/wp-json\/wp\/v2\/pages\/5425","targetHints":{"allow":["GET"]}}],"collection":[{"href":"https:\/\/bohemehouse.lt\/lt\/wp-json\/wp\/v2\/pages"}],"about":[{"href":"https:\/\/bohemehouse.lt\/lt\/wp-json\/wp\/v2\/types\/page"}],"author":[{"embeddable":true,"href":"https:\/\/bohemehouse.lt\/lt\/wp-json\/wp\/v2\/users\/1"}],"replies":[{"embeddable":true,"href":"https:\/\/bohemehouse.lt\/lt\/wp-json\/wp\/v2\/comments?post=5425"}],"version-history":[{"count":5,"href":"https:\/\/bohemehouse.lt\/lt\/wp-json\/wp\/v2\/pages\/5425\/revisions"}],"predecessor-version":[{"id":7616,"href":"https:\/\/bohemehouse.lt\/lt\/wp-json\/wp\/v2\/pages\/5425\/revisions\/7616"}],"wp:attachment":[{"href":"https:\/\/bohemehouse.lt\/lt\/wp-json\/wp\/v2\/media?parent=5425"}],"curies":[{"name":"wp","href":"https:\/\/api.w.org\/{rel}","templated":true}]}}