{"id":5430,"date":"2021-07-02T11:46:08","date_gmt":"2021-07-02T10:46:08","guid":{"rendered":"https:\/\/bohemehouse.lt\/casa-azul\/"},"modified":"2025-09-11T08:26:08","modified_gmt":"2025-09-11T07:26:08","slug":"casa-azul","status":"publish","type":"page","link":"https:\/\/bohemehouse.lt\/lt\/casa-azul\/","title":{"rendered":"Casa Azul"},"content":{"rendered":"<div class=\"wpb-content-wrapper\"><p>[vc_row el_class=&#8221;desktop&#8221;][vc_column][vc_empty_space height=&#8221;230px&#8221;][\/vc_column][\/vc_row][vc_row el_class=&#8221;mobile&#8221;][vc_column][vc_empty_space height=&#8221;100px&#8221;][\/vc_column][\/vc_row][vc_row][vc_column width=&#8221;1\/2&#8243; align=&#8221;text-center&#8221;][vc_column_text]<\/p>\n<p style=\"text-align: center;\"><strong>CASA AZUL<\/strong><\/p>\n<p style=\"text-align: center;\">51 KVM APARTAMENTAI<br \/>\nMIEGAMASIS SU DIDELE BALDAKIMO LOVA<br \/>\nVIRTUV\u0116<br \/>\nSTIKLINIS VONIOS KAMBARYS<br \/>\nSVETAIN\u0116<br \/>\nTV<br \/>\nVALGOMOJO BARAS<br \/>\n3.7 M AUK\u0160\u010cIO ERDV\u0116S<\/p>\n<p>[\/vc_column_text]<div class=\"header-module\">\n\t<style>.ld_button_69de2d45d20d4.btn-icon-solid .btn-icon{background:rgb(0, 0, 0);}.ld_button_69de2d45d20d4.btn-icon-circle.btn-icon-ripple .btn-icon:before{border-color:rgb(0, 0, 0);}.ld_button_69de2d45d20d4.btn-icon-solid:hover .btn-icon{background:rgb(42, 42, 42);}.ld_button_69de2d45d20d4{background-color:rgb(0, 0, 0);border-color:rgb(0, 0, 0);color:rgb(255, 255, 255);font-size:13px !important;font-weight:500 !important;letter-spacing:0.2em !important;}.ld_button_69de2d45d20d4:hover{background-color:rgb(42, 42, 42);border-color:rgb(42, 42, 42);color:rgb(255, 255, 255);}.ld_button_69de2d45d20d4 .btn-gradient-bg-hover{background:-webkit-linear-gradient(to right, rgb(42, 42, 42) 0%, rgb(42, 42, 42) 100%);background:linear-gradient(to right, rgb(42, 42, 42) 0%, rgb(42, 42, 42) 100%);}.ld_button_69de2d45d20d4 .btn-gradient-border defs stop:first-child{stop-color:rgb(0, 0, 0);}.ld_button_69de2d45d20d4 .btn-gradient-border defs stop:last-child{stop-color:rgb(0, 0, 0);}.ld_button_69de2d45d20d4:hover .btn-gradient-border defs stop:first-child{stop-color:rgb(42, 42, 42);}.ld_button_69de2d45d20d4:hover .btn-gradient-border defs stop:last-child{stop-color:rgb(42, 42, 42);}<\/style><a href=\"https:\/\/www.airbnb.com\/rooms\/34821312\" target=\"_blank\" class=\"btn btn-solid text-uppercase btn-sm btn-bordered border-thin ld_header_button_69de2d45d1479 ld_button_69de2d45d20d4 vc_custom_1627983409815\">\n\t<span>\n\t\t\n\t\t\t\t\t<span class=\"btn-txt\">Rezervuokite<\/span>\n\t\t\t\n\t\t\t\t<\/span>\n<\/a>\n<\/div>[\/vc_column][vc_column width=&#8221;1\/2&#8243;][vc_column_text]Aptrup\u0117jusiais teraco laiptais kylame kupolo \u0161viesos link ir prav\u0117r\u0119 rai\u017einiais nus\u0117tas duris \u012f\u017eengiame \u012f Casa Azul rezidencij\u0105, pasakojan\u010di\u0105 prie\u0161 \u0161imtmet\u012f prasid\u0117jusi\u0105 Leono Trockio ir Fridos Kahlo istorij\u0105.<\/p>\n<p>Laipt\u0173 teracas nejuntamai nusit\u0119sia iki pat arkini\u0173 lang\u0173, lipdamas ant virtuv\u0117s ir vonios stalvir\u0161i\u0173. \u0160i a\u0161in\u0117 erdv\u0117, nei\u0161laikiusi joki\u0173 autenti\u0161k\u0173 element\u0173, formuojama moderniomis ir lakoni\u0161komis formomis. Riba tarp virtuv\u0117s ir vonios kambario tarytum i\u0161tirpsta per skaidr\u0173 stikl\u0105, atsikartojan\u010diais ark\u0173 ir varini\u0173 \u010diaup\u0173 motyvais. Malonus jausmas matyti a\u0161tuonis senamies\u010dio stog\u0173 sluoksnius tarsi tapybines lesiruotes tiesiog prausiantis du\u0161e. Gyvenamieji kambariai kupini autentikos ir \u012fr\u0117minti \u0105\u017euoliniu parketu, o tarpduriuose integruoti veidrod\u017eiai nukreipia \u017evilgsn\u012f \u012f lubas, nus\u0117tas gipso lipdiniais. Grubios tekst\u016bros sienos, nuspalvintos sodraus d\u016bmo spalva, geria \u012f save saul\u0117s spindulius ir scen\u0105 perduoda siurrealistinei Fridos Kahlo tapybai. Fridos autoportreto motyvai \u012fgauna \u017ealiuojan\u010dias t\u016brines formas, o m\u0117lyno aksomo sofa nukelia \u012f Meksik\u0105, m\u0117lyn\u0105j\u012f Casa Azul nam\u0105. Sodri\u0173 spalv\u0173 palet\u0117 kuria mistin\u0119 vakaro atmosfer\u0105. Miegamojo erdv\u0117 kuriama monumentaliais objektais: Fridos k\u016bryboje dominuojantys rie\u0161utmed\u017eio lovos motyvai, monumental\u016bs Fridos tapybos darbai ir ant gipso lipdini\u0173 pakib\u0119s ventiliatorius. Bra \u0161viesa tarpsta pro netaisyklingus dviv\u0117ri\u0173 dur\u0173 ply\u0161ius ir kvie\u010dia u\u017esukti vidun.<\/p>\n<p>Magi\u0161ka atmosfera. Magi\u0161ka vie\u0161nag\u0117.[\/vc_column_text][\/vc_column][\/vc_row][vc_row][vc_column][vc_empty_space height=&#8221;100px&#8221;][\/vc_column][\/vc_row][vc_row full_width=&#8221;stretch_row&#8221; gap=&#8221;0&#8243; el_id=&#8221;desktopcarousel&#8221;][vc_column]<style>.ld_carousel_69de2d45d2886 .carousel-item{width:50%;padding-left:15px;padding-right:15px;}.ld_carousel_69de2d45d2886 .carousel-items.row{margin-left:-15px;margin-right:-15px;}.ld_carousel_69de2d45d2886 .flickity-page-dots{top:auto;right:auto;bottom:-25px;left:auto;}@media (min-width: 992px) {.ld_carousel_69de2d45d2886 .carousel-item { width:57.142857142857% }}<\/style><div id=\"ld_carousel_69de2d45d2886\" class=\"carousel-container carousel-shadow-active carousel-nav-floated carousel-nav-left carousel-nav-middle carousel-nav-md carousel-dots-style1 ld_carousel_69de2d45d2886\">\n\n\t<div class=\"carousel-items row\"  data-lqd-flickity='{\"cellAlign\":\"center\",\"prevNextButtons\":true,\"buttonsAppendTo\":\"parent_row\",\"pageDots\":false,\"groupCells\":true,\"wrapAround\":true,\"draggable\":false,\"autoPlay\":2500,\"pauseAutoPlayOnHover\":false}' >\n\t<p>[vc_single_image image=&#8221;4652&#8243; img_size=&#8221;full&#8221; alignment=&#8221;center&#8221; onclick=&#8221;link_image&#8221;][vc_single_image image=&#8221;4653&#8243; img_size=&#8221;full&#8221; alignment=&#8221;center&#8221; onclick=&#8221;link_image&#8221;][vc_single_image image=&#8221;4654&#8243; img_size=&#8221;full&#8221; alignment=&#8221;center&#8221; onclick=&#8221;link_image&#8221;][vc_single_image image=&#8221;4655&#8243; img_size=&#8221;full&#8221; alignment=&#8221;center&#8221; onclick=&#8221;link_image&#8221;][vc_single_image image=&#8221;4656&#8243; img_size=&#8221;full&#8221; alignment=&#8221;center&#8221; onclick=&#8221;link_image&#8221;][vc_single_image image=&#8221;4657&#8243; img_size=&#8221;full&#8221; alignment=&#8221;center&#8221; onclick=&#8221;link_image&#8221;][vc_single_image image=&#8221;4658&#8243; img_size=&#8221;full&#8221; alignment=&#8221;center&#8221; onclick=&#8221;link_image&#8221;][vc_single_image image=&#8221;4659&#8243; img_size=&#8221;full&#8221; alignment=&#8221;center&#8221; onclick=&#8221;link_image&#8221;][vc_single_image image=&#8221;4660&#8243; img_size=&#8221;full&#8221; alignment=&#8221;center&#8221; onclick=&#8221;link_image&#8221;][vc_single_image image=&#8221;4661&#8243; img_size=&#8221;full&#8221; alignment=&#8221;center&#8221; onclick=&#8221;link_image&#8221;][vc_single_image image=&#8221;4662&#8243; img_size=&#8221;full&#8221; alignment=&#8221;center&#8221; onclick=&#8221;link_image&#8221;][vc_single_image image=&#8221;4664&#8243; img_size=&#8221;full&#8221; alignment=&#8221;center&#8221; onclick=&#8221;link_image&#8221;][vc_single_image image=&#8221;4663&#8243; img_size=&#8221;full&#8221; alignment=&#8221;center&#8221; onclick=&#8221;link_image&#8221;][vc_single_image image=&#8221;4665&#8243; img_size=&#8221;full&#8221; alignment=&#8221;center&#8221; onclick=&#8221;link_image&#8221;][vc_single_image image=&#8221;4666&#8243; img_size=&#8221;full&#8221; alignment=&#8221;center&#8221; onclick=&#8221;link_image&#8221;][vc_single_image image=&#8221;4667&#8243; img_size=&#8221;full&#8221; alignment=&#8221;center&#8221; onclick=&#8221;link_image&#8221;][vc_single_image image=&#8221;4669&#8243; img_size=&#8221;full&#8221; alignment=&#8221;center&#8221; onclick=&#8221;link_image&#8221;][vc_single_image image=&#8221;4668&#8243; img_size=&#8221;full&#8221; alignment=&#8221;center&#8221; onclick=&#8221;link_image&#8221;]<\/p>\n\t<\/div>\n\n<\/div>[\/vc_column][\/vc_row][vc_row full_width=&#8221;stretch_row&#8221; gap=&#8221;0&#8243; el_id=&#8221;mobilecarousel&#8221;][vc_column][vc_gallery type=&#8221;image_grid&#8221; images=&#8221;4652,4653,4654,4655,4656,4657,4658,4659,4660,4661,4662,4663,4664,4665,4666,4667,4668,4669&#8243; img_size=&#8221;full&#8221; onclick=&#8221;&#8221;][\/vc_column][\/vc_row][vc_row full_width=&#8221;stretch_row&#8221; el_id=&#8221;footer&#8221; css=&#8221;.vc_custom_1757505980323{padding-top: 35px !important;padding-bottom: 45px !important;background-color: #3F4041 !important;}&#8221;][vc_column align=&#8221;text-center&#8221;]<style>.mobile > li > a{font-size:12px;letter-spacing:0.1em;text-transform:uppercase;}.mobile > li{margin-bottom:30px;}.mobile > li > a,.mobile ul > li > a{color:rgb(204, 205, 206);}<\/style>\n<ul id=\"mobile\" class=\"lqd-custom-menu reset-ul   mobile\"><li id=\"menu-item-5464\" class=\"menu-item menu-item-type-custom menu-item-object-custom menu-item-5464\"><a href=\"\/lt#apartments\">Apartamentai<\/a><\/li>\n<li id=\"menu-item-5465\" class=\"menu-item menu-item-type-custom menu-item-object-custom menu-item-5465\"><a href=\"\/lt#offers\">Pasi\u016blymai<\/a><\/li>\n<li id=\"menu-item-5466\" class=\"desktop menu-item menu-item-type-custom menu-item-object-custom menu-item-5466\"><a href=\"\/lt#lobbyrestoranas\">Restoranas<\/a><\/li>\n<li id=\"menu-item-5467\" class=\"desktop menu-item menu-item-type-custom menu-item-object-custom menu-item-5467\"><a href=\"\/lt#roofterrace\">Stogo terasa<\/a><\/li>\n<li id=\"menu-item-5468\" class=\"desktop menu-item menu-item-type-custom menu-item-object-custom menu-item-5468\"><a href=\"\/lt#cinemalounge\">Kino teatras<\/a><\/li>\n<li id=\"menu-item-5766\" class=\"mobile menu-item menu-item-type-custom menu-item-object-custom menu-item-5766\"><a href=\"https:\/\/bohemehouse.lt\/lt#lobbyrestmob\">Restoranas<\/a><\/li>\n<li id=\"menu-item-5767\" class=\"mobile menu-item menu-item-type-custom menu-item-object-custom menu-item-5767\"><a href=\"https:\/\/bohemehouse.lt\/lt#roofterracemob\">Stogo terasa<\/a><\/li>\n<li id=\"menu-item-5768\" class=\"mobile menu-item menu-item-type-custom menu-item-object-custom menu-item-5768\"><a href=\"https:\/\/bohemehouse.lt\/lt#cinemaloungemob\">Kino teatras<\/a><\/li>\n<li id=\"menu-item-5469\" class=\"menu-item menu-item-type-post_type menu-item-object-page menu-item-5469\"><a href=\"https:\/\/bohemehouse.lt\/lt\/apie\/\">Apie<\/a><\/li>\n<li id=\"menu-item-5470\" class=\"menu-item menu-item-type-post_type menu-item-object-page menu-item-5470\"><a href=\"https:\/\/bohemehouse.lt\/lt\/kontaktai\/\">Kontaktai<\/a><\/li>\n<li id=\"menu-item-5471\" class=\"menu-item menu-item-type-post_type menu-item-object-page menu-item-5471\"><a href=\"https:\/\/bohemehouse.lt\/lt\/bendrosios-taisykles\/\">Bendrosios taisykl\u0117s<\/a><\/li>\n<li id=\"menu-item-5716\" class=\"menu-item menu-item-type-post_type menu-item-object-page menu-item-5716\"><a href=\"https:\/\/bohemehouse.lt\/lt\/privacy-policy\/\">Privatumo politika<\/a><\/li>\n<li id=\"menu-item-5472\" class=\"menu-item menu-item-type-post_type menu-item-object-page menu-item-5472\"><a href=\"https:\/\/bohemehouse.lt\/lt\/duk\/\">DUK<\/a><\/li>\n<\/ul><style>.desktop > li > a{font-size:12px;letter-spacing:0.1em;text-transform:uppercase;}.desktop li + li{margin-left:30px;}.desktop > li > a,.desktop ul > li > a{color:rgb(204, 205, 206);}<\/style>\n<ul id=\"desktop\" class=\"lqd-custom-menu reset-ul inline-nav  desktop\"><li class=\"menu-item menu-item-type-custom menu-item-object-custom menu-item-5464\"><a href=\"\/lt#apartments\">Apartamentai<\/a><\/li>\n<li class=\"menu-item menu-item-type-custom menu-item-object-custom menu-item-5465\"><a href=\"\/lt#offers\">Pasi\u016blymai<\/a><\/li>\n<li class=\"desktop menu-item menu-item-type-custom menu-item-object-custom menu-item-5466\"><a href=\"\/lt#lobbyrestoranas\">Restoranas<\/a><\/li>\n<li class=\"desktop menu-item menu-item-type-custom menu-item-object-custom menu-item-5467\"><a href=\"\/lt#roofterrace\">Stogo terasa<\/a><\/li>\n<li class=\"desktop menu-item menu-item-type-custom menu-item-object-custom menu-item-5468\"><a href=\"\/lt#cinemalounge\">Kino teatras<\/a><\/li>\n<li class=\"mobile menu-item menu-item-type-custom menu-item-object-custom menu-item-5766\"><a href=\"https:\/\/bohemehouse.lt\/lt#lobbyrestmob\">Restoranas<\/a><\/li>\n<li class=\"mobile menu-item menu-item-type-custom menu-item-object-custom menu-item-5767\"><a href=\"https:\/\/bohemehouse.lt\/lt#roofterracemob\">Stogo terasa<\/a><\/li>\n<li class=\"mobile menu-item menu-item-type-custom menu-item-object-custom menu-item-5768\"><a href=\"https:\/\/bohemehouse.lt\/lt#cinemaloungemob\">Kino teatras<\/a><\/li>\n<li class=\"menu-item menu-item-type-post_type menu-item-object-page menu-item-5469\"><a href=\"https:\/\/bohemehouse.lt\/lt\/apie\/\">Apie<\/a><\/li>\n<li class=\"menu-item menu-item-type-post_type menu-item-object-page menu-item-5470\"><a href=\"https:\/\/bohemehouse.lt\/lt\/kontaktai\/\">Kontaktai<\/a><\/li>\n<li class=\"menu-item menu-item-type-post_type menu-item-object-page menu-item-5471\"><a href=\"https:\/\/bohemehouse.lt\/lt\/bendrosios-taisykles\/\">Bendrosios taisykl\u0117s<\/a><\/li>\n<li class=\"menu-item menu-item-type-post_type menu-item-object-page menu-item-5716\"><a href=\"https:\/\/bohemehouse.lt\/lt\/privacy-policy\/\">Privatumo politika<\/a><\/li>\n<li class=\"menu-item menu-item-type-post_type menu-item-object-page menu-item-5472\"><a href=\"https:\/\/bohemehouse.lt\/lt\/duk\/\">DUK<\/a><\/li>\n<\/ul><style>.ld_spacer_69de2d45d79b0{height:25px;}<\/style>\n<div class=\"ld-empty-space ld_spacer_69de2d45d79b0\"><span class=\"liquid_empty_space_inner\"><\/span><\/div>[\/vc_column][vc_column align=&#8221;text-center&#8221; offset=&#8221;vc_col-md-offset-3 vc_col-md-6&#8243;]<style>.ld_social_icons_69de2d45d7a8c.social-icon li a{color:#CCCDCE;}.ld_social_icons_69de2d45d7a8c.social-icon li a:hover{color:#ffffff;}<\/style><ul class=\"social-icon social-icon-md ld_social_icons_69de2d45d7a8c\" id=ld_social_icons_69de2d45d7a8c>\n<li><a href=\"https:\/\/www.facebook.com\/bohemehouse\/\" target=\"_blank\" rel=\"nofollow\"><i class=\"fa fa-facebook\"><\/i><\/a><\/li><li><a href=\"https:\/\/www.instagram.com\/bohemehouse\/\" target=\"_blank\" rel=\"nofollow\"><i class=\"fa fa-instagram\"><\/i><\/a><\/li><li><a href=\"http:\/\/www.pinterest.com\/thearchitectlt\" target=\"_blank\" rel=\"nofollow\"><i class=\"fa fa-pinterest\"><\/i><\/a><\/li><\/ul>[\/vc_column][\/vc_row]<\/p>\n<\/div>","protected":false},"excerpt":{"rendered":"<p>[vc_row el_class=&#8221;desktop&#8221;][vc_column][vc_empty_space height=&#8221;230px&#8221;][\/vc_column][\/vc_row][vc_row el_class=&#8221;mobile&#8221;][vc_column][vc_empty_space height=&#8221;100px&#8221;][\/vc_column][\/vc_row][vc_row][vc_column width=&#8221;1\/2&#8243; align=&#8221;text-center&#8221;][vc_column_text] CASA AZUL 51 KVM APARTAMENTAI MIEGAMASIS SU DIDELE&#8230;<\/p>\n","protected":false},"author":1,"featured_media":0,"parent":0,"menu_order":0,"comment_status":"closed","ping_status":"closed","template":"","meta":{"footnotes":""},"class_list":["post-5430","page","type-page","status-publish","hentry"],"yoast_head":"<!-- This site is optimized with the Yoast SEO plugin v27.1.1 - https:\/\/yoast.com\/product\/yoast-seo-wordpress\/ -->\n<title>B\u014dHEME HOUSE | Casa Azul embassy in Vilnius<\/title>\n<meta name=\"description\" content=\"Luxury 51sqm apartment in Vilnius center is the embassy of B\u014dHEME HOUSE with authentic interior design, spacious living room, kitchen &amp; bedroom with canopy bed.\" \/>\n<meta name=\"robots\" content=\"index, follow, max-snippet:-1, max-image-preview:large, max-video-preview:-1\" \/>\n<link rel=\"canonical\" href=\"https:\/\/bohemehouse.lt\/lt\/casa-azul\/\" \/>\n<meta property=\"og:locale\" content=\"lt_LT\" \/>\n<meta property=\"og:type\" content=\"article\" \/>\n<meta property=\"og:title\" content=\"B\u014dHEME HOUSE | Casa Azul embassy in Vilnius\" \/>\n<meta property=\"og:description\" content=\"Luxury 51sqm apartment in Vilnius center is the embassy of B\u014dHEME HOUSE with authentic interior design, spacious living room, kitchen &amp; bedroom with canopy bed.\" \/>\n<meta property=\"og:url\" content=\"https:\/\/bohemehouse.lt\/lt\/casa-azul\/\" \/>\n<meta property=\"og:site_name\" content=\"B\u014dHEME HOUSE\" \/>\n<meta property=\"article:modified_time\" content=\"2025-09-11T07:26:08+00:00\" \/>\n<meta name=\"twitter:card\" content=\"summary_large_image\" \/>\n<meta name=\"twitter:label1\" content=\"Est. reading time\" \/>\n\t<meta name=\"twitter:data1\" content=\"2 minut\u0117s\" \/>\n<script type=\"application\/ld+json\" class=\"yoast-schema-graph\">{\"@context\":\"https:\/\/schema.org\",\"@graph\":[{\"@type\":\"WebPage\",\"@id\":\"https:\/\/bohemehouse.lt\/lt\/casa-azul\/\",\"url\":\"https:\/\/bohemehouse.lt\/lt\/casa-azul\/\",\"name\":\"B\u014dHEME HOUSE | Casa Azul embassy in Vilnius\",\"isPartOf\":{\"@id\":\"https:\/\/bohemehouse.lt\/#website\"},\"datePublished\":\"2021-07-02T10:46:08+00:00\",\"dateModified\":\"2025-09-11T07:26:08+00:00\",\"description\":\"Luxury 51sqm apartment in Vilnius center is the embassy of B\u014dHEME HOUSE with authentic interior design, spacious living room, kitchen & bedroom with canopy bed.\",\"breadcrumb\":{\"@id\":\"https:\/\/bohemehouse.lt\/lt\/casa-azul\/#breadcrumb\"},\"inLanguage\":\"lt-LT\",\"potentialAction\":[{\"@type\":\"ReadAction\",\"target\":[\"https:\/\/bohemehouse.lt\/lt\/casa-azul\/\"]}]},{\"@type\":\"BreadcrumbList\",\"@id\":\"https:\/\/bohemehouse.lt\/lt\/casa-azul\/#breadcrumb\",\"itemListElement\":[{\"@type\":\"ListItem\",\"position\":1,\"name\":\"Home\",\"item\":\"https:\/\/bohemehouse.lt\/lt\/\"},{\"@type\":\"ListItem\",\"position\":2,\"name\":\"Casa Azul\"}]},{\"@type\":\"WebSite\",\"@id\":\"https:\/\/bohemehouse.lt\/#website\",\"url\":\"https:\/\/bohemehouse.lt\/\",\"name\":\"B\u014dHEME HOUSE\",\"description\":\"Boutique Hotel in Kaunas Old Town\",\"potentialAction\":[{\"@type\":\"SearchAction\",\"target\":{\"@type\":\"EntryPoint\",\"urlTemplate\":\"https:\/\/bohemehouse.lt\/?s={search_term_string}\"},\"query-input\":{\"@type\":\"PropertyValueSpecification\",\"valueRequired\":true,\"valueName\":\"search_term_string\"}}],\"inLanguage\":\"lt-LT\"}]}<\/script>\n<!-- \/ Yoast SEO plugin. -->","yoast_head_json":{"title":"B\u014dHEME HOUSE | Casa Azul embassy in Vilnius","description":"Luxury 51sqm apartment in Vilnius center is the embassy of B\u014dHEME HOUSE with authentic interior design, spacious living room, kitchen & bedroom with canopy bed.","robots":{"index":"index","follow":"follow","max-snippet":"max-snippet:-1","max-image-preview":"max-image-preview:large","max-video-preview":"max-video-preview:-1"},"canonical":"https:\/\/bohemehouse.lt\/lt\/casa-azul\/","og_locale":"lt_LT","og_type":"article","og_title":"B\u014dHEME HOUSE | Casa Azul embassy in Vilnius","og_description":"Luxury 51sqm apartment in Vilnius center is the embassy of B\u014dHEME HOUSE with authentic interior design, spacious living room, kitchen & bedroom with canopy bed.","og_url":"https:\/\/bohemehouse.lt\/lt\/casa-azul\/","og_site_name":"B\u014dHEME HOUSE","article_modified_time":"2025-09-11T07:26:08+00:00","twitter_card":"summary_large_image","twitter_misc":{"Est. reading time":"2 minut\u0117s"},"schema":{"@context":"https:\/\/schema.org","@graph":[{"@type":"WebPage","@id":"https:\/\/bohemehouse.lt\/lt\/casa-azul\/","url":"https:\/\/bohemehouse.lt\/lt\/casa-azul\/","name":"B\u014dHEME HOUSE | Casa Azul embassy in Vilnius","isPartOf":{"@id":"https:\/\/bohemehouse.lt\/#website"},"datePublished":"2021-07-02T10:46:08+00:00","dateModified":"2025-09-11T07:26:08+00:00","description":"Luxury 51sqm apartment in Vilnius center is the embassy of B\u014dHEME HOUSE with authentic interior design, spacious living room, kitchen & bedroom with canopy bed.","breadcrumb":{"@id":"https:\/\/bohemehouse.lt\/lt\/casa-azul\/#breadcrumb"},"inLanguage":"lt-LT","potentialAction":[{"@type":"ReadAction","target":["https:\/\/bohemehouse.lt\/lt\/casa-azul\/"]}]},{"@type":"BreadcrumbList","@id":"https:\/\/bohemehouse.lt\/lt\/casa-azul\/#breadcrumb","itemListElement":[{"@type":"ListItem","position":1,"name":"Home","item":"https:\/\/bohemehouse.lt\/lt\/"},{"@type":"ListItem","position":2,"name":"Casa Azul"}]},{"@type":"WebSite","@id":"https:\/\/bohemehouse.lt\/#website","url":"https:\/\/bohemehouse.lt\/","name":"B\u014dHEME HOUSE","description":"Boutique Hotel in Kaunas Old Town","potentialAction":[{"@type":"SearchAction","target":{"@type":"EntryPoint","urlTemplate":"https:\/\/bohemehouse.lt\/?s={search_term_string}"},"query-input":{"@type":"PropertyValueSpecification","valueRequired":true,"valueName":"search_term_string"}}],"inLanguage":"lt-LT"}]}},"_links":{"self":[{"href":"https:\/\/bohemehouse.lt\/lt\/wp-json\/wp\/v2\/pages\/5430","targetHints":{"allow":["GET"]}}],"collection":[{"href":"https:\/\/bohemehouse.lt\/lt\/wp-json\/wp\/v2\/pages"}],"about":[{"href":"https:\/\/bohemehouse.lt\/lt\/wp-json\/wp\/v2\/types\/page"}],"author":[{"embeddable":true,"href":"https:\/\/bohemehouse.lt\/lt\/wp-json\/wp\/v2\/users\/1"}],"replies":[{"embeddable":true,"href":"https:\/\/bohemehouse.lt\/lt\/wp-json\/wp\/v2\/comments?post=5430"}],"version-history":[{"count":3,"href":"https:\/\/bohemehouse.lt\/lt\/wp-json\/wp\/v2\/pages\/5430\/revisions"}],"predecessor-version":[{"id":7636,"href":"https:\/\/bohemehouse.lt\/lt\/wp-json\/wp\/v2\/pages\/5430\/revisions\/7636"}],"wp:attachment":[{"href":"https:\/\/bohemehouse.lt\/lt\/wp-json\/wp\/v2\/media?parent=5430"}],"curies":[{"name":"wp","href":"https:\/\/api.w.org\/{rel}","templated":true}]}}