{"id":5432,"date":"2021-06-17T06:39:37","date_gmt":"2021-06-17T05:39:37","guid":{"rendered":"https:\/\/bohemehouse.lt\/contact\/"},"modified":"2025-09-11T08:29:24","modified_gmt":"2025-09-11T07:29:24","slug":"kontaktai","status":"publish","type":"page","link":"https:\/\/bohemehouse.lt\/lt\/kontaktai\/","title":{"rendered":"Kontaktai"},"content":{"rendered":"<div class=\"wpb-content-wrapper\"><p>[vc_row el_class=&#8221;desktop&#8221;][vc_column][vc_empty_space height=&#8221;230px&#8221;][\/vc_column][\/vc_row][vc_row el_class=&#8221;mobile&#8221;][vc_column][vc_empty_space height=&#8221;100px&#8221;][\/vc_column][\/vc_row][vc_row][vc_column width=&#8221;1\/2&#8243; css=&#8221;.vc_custom_1626270663036{margin-bottom: 30px !important;}&#8221;][vc_column_text el_class=&#8221;contactsblock&#8221;]<\/p>\n<p style=\"text-align: center;\"><strong>B\u014dHEME HOUSE<\/strong><\/p>\n<p style=\"text-align: center;\">MUITIN\u0116S 9 x J. NAUGARDO 6<br \/>\nKAUNAS | LT 44280<br \/>\nLIETUVA<br \/>\n<a href=\"tel:+37066821771\">+370 668 21771<\/a><\/p>\n<p>[\/vc_column_text][\/vc_column][vc_column width=&#8221;1\/2&#8243;]<div class=\"ld-gmap-container ld_google_map_69e0157732e22\" id=\"ld_google_map_69e0157732e22\" style=\"height: 400px\">\n\n\t<div class=\"ld-gmap\" data-plugin-map=\"true\" data-plugin-options='{\"style\":\"lightMonochrome\",\"address\":\"Muitines g. 9, Kaunas, LT-44280, Lithuania\",\"marker\":\"https:\\\/\\\/bohemehouse.lt\\\/wp-content\\\/uploads\\\/2021\\\/07\\\/boheme-icon-32.png\",\"markers\":null,\"map\":{\"zoom\":15,\"mapTypeId\":\"roadmap\",\"fullscreenControl\":true}}'><\/div>\n\n<\/div>[\/vc_column][\/vc_row][vc_row][vc_column][vc_separator color=&#8221;black&#8221; css=&#8221;.vc_custom_1625148923916{margin-top: 40px !important;margin-bottom: 40px !important;}&#8221;][\/vc_column][\/vc_row][vc_row el_id=&#8221;getintouch&#8221;][vc_column width=&#8221;2\/12&#8243; css=&#8221;.vc_custom_1626270710625{margin-bottom: 10px !important;}&#8221;][vc_column_text css=&#8221;.vc_custom_1627979705636{margin-top: 5px !important;}&#8221;]<strong>SUSISIEKITE<\/strong>[\/vc_column_text][\/vc_column][vc_column width=&#8221;10\/12&#8243;]<style>.ld_cf7_69e01577339b6 input, .ld_cf7_69e01577339b6 select, .ld_cf7_69e01577339b6 textarea, .ld_cf7_69e01577339b6 .ui-selectmenu-button{background:rgb(249, 250, 252);}<\/style><div id=\"ld_cf7_69e01577339b6\" class=\"lqd-contact-form lqd-contact-form-inputs-sm lqd-contact-form-button-sm ld_cf7_69e01577339b6\">\n\t\n<div class=\"wpcf7 no-js\" id=\"wpcf7-f5414-o1\" lang=\"en-GB\" dir=\"ltr\" data-wpcf7-id=\"5414\">\n<div class=\"screen-reader-response\"><p role=\"status\" aria-live=\"polite\" aria-atomic=\"true\"><\/p> <ul><\/ul><\/div>\n<form action=\"\/lt\/wp-json\/wp\/v2\/pages\/5432#wpcf7-f5414-o1\" method=\"post\" class=\"wpcf7-form init\" aria-label=\"Contact form\" novalidate=\"novalidate\" data-status=\"init\">\n<fieldset class=\"hidden-fields-container\"><input type=\"hidden\" name=\"_wpcf7\" value=\"5414\" \/><input type=\"hidden\" name=\"_wpcf7_version\" value=\"6.1.5\" \/><input type=\"hidden\" name=\"_wpcf7_locale\" value=\"en_GB\" \/><input type=\"hidden\" name=\"_wpcf7_unit_tag\" value=\"wpcf7-f5414-o1\" \/><input type=\"hidden\" name=\"_wpcf7_container_post\" value=\"0\" \/><input type=\"hidden\" name=\"_wpcf7_posted_data_hash\" value=\"\" \/>\n<\/fieldset>\n<div class=\"col-lg-2\">\n\t<p><span class=\"wpcf7-form-control-wrap\" data-name=\"your-firstname\"><input size=\"40\" maxlength=\"400\" class=\"wpcf7-form-control wpcf7-text wpcf7-validates-as-required\" aria-required=\"true\" aria-invalid=\"false\" placeholder=\"vardas\" value=\"\" type=\"text\" name=\"your-firstname\" \/><\/span><span id=\"wpcf7-69e0157738b72-wrapper\" class=\"wpcf7-form-control-wrap honeypot-422-wrap\" ><label for=\"wpcf7-69e0157738b72-field\" class=\"hp-message\">Please leave this field empty.<\/label><input id=\"wpcf7-69e0157738b72-field\"  class=\"wpcf7-form-control wpcf7-text\" type=\"text\" name=\"honeypot-422\" value=\"\" size=\"40\" tabindex=\"-1\" autocomplete=\"new-password\" \/><\/span>\n\t<\/p>\n<\/div>\n<div class=\"col-lg-2\">\n\t<p><span class=\"wpcf7-form-control-wrap\" data-name=\"your-lastname\"><input size=\"40\" maxlength=\"400\" class=\"wpcf7-form-control wpcf7-text wpcf7-validates-as-required\" aria-required=\"true\" aria-invalid=\"false\" placeholder=\"pavard\u0117\" value=\"\" type=\"text\" name=\"your-lastname\" \/><\/span>\n\t<\/p>\n<\/div>\n<div class=\"col-lg-2\">\n\t<p><span class=\"wpcf7-form-control-wrap\" data-name=\"email-928\"><input size=\"40\" maxlength=\"400\" class=\"wpcf7-form-control wpcf7-text wpcf7-validates-as-required\" aria-required=\"true\" aria-invalid=\"false\" placeholder=\"el. pa\u0161tas\" value=\"\" type=\"text\" name=\"email-928\" \/><\/span>\n\t<\/p>\n<\/div>\n<div class=\"col-lg-2\">\n\t<p><span class=\"wpcf7-form-control-wrap\" data-name=\"tel-number\"><input size=\"40\" maxlength=\"400\" class=\"wpcf7-form-control wpcf7-text\" aria-invalid=\"false\" placeholder=\"telefono nr.\" value=\"\" type=\"text\" name=\"tel-number\" \/><\/span>\n\t<\/p>\n<\/div>\n<div class=\"col-lg-5\">\n\t<p><span class=\"wpcf7-form-control-wrap\" data-name=\"your-message\"><input size=\"40\" maxlength=\"400\" class=\"wpcf7-form-control wpcf7-text wpcf7-validates-as-required\" aria-required=\"true\" aria-invalid=\"false\" placeholder=\"\u017einut\u0117\" value=\"\" type=\"text\" name=\"your-message\" \/><\/span>\n\t<\/p>\n<\/div>\n<div class=\"col-lg-1\">\n\t<p><input class=\"wpcf7-form-control wpcf7-submit has-spinner\" type=\"submit\" value=\"SI\u0172STI\" \/>\n\t<\/p>\n<\/div><div class=\"wpcf7-response-output\" aria-hidden=\"true\"><\/div>\n<\/form>\n<\/div>\n<\/div>[\/vc_column][\/vc_row][vc_row][vc_column][vc_separator color=&#8221;black&#8221; css=&#8221;.vc_custom_1625195538380{margin-top: 25px !important;margin-bottom: 40px !important;}&#8221;][\/vc_column][\/vc_row][vc_row el_id=&#8221;contacts&#8221;][vc_column width=&#8221;1\/3&#8243; responsive_css=&#8221;margin_top_large:0px&#8221; css=&#8221;.vc_custom_1626683629919{margin-top: 20px !important;}&#8221;][vc_column_text css=&#8221;&#8221;]<\/p>\n<p style=\"text-align: center;\"><strong>RESTORANAS<\/strong><\/p>\n<p style=\"text-align: center;\"><a href=\"mailto:hello@bohemehouse.lt\">hello@bohemehouse.lt<\/a><\/p>\n<p style=\"text-align: center;\"><a href=\"tel:+37066821771\">+370 668 21771<\/a> (spauskite 2)<\/p>\n<p>[\/vc_column_text][\/vc_column][vc_column width=&#8221;1\/3&#8243; css=&#8221;.vc_custom_1626683637826{margin-top: 50px !important;}&#8221; responsive_css=&#8221;margin_top_large:0px&#8221;][vc_column_text css=&#8221;&#8221;]<\/p>\n<p style=\"text-align: center;\"><strong>APARTAMENTAI<\/strong><\/p>\n<p style=\"text-align: center;\"><a href=\"mailto:hello@bohemehouse.lt\">hello@bohemehouse.lt<\/a><\/p>\n<p style=\"text-align: center;\">TIK VIE\u0160BU\u010cIO GYVENTOJAMS <a href=\"tel:+37066821771\">+370 668 21771<\/a> (spauskite 1)<\/p>\n<p>[\/vc_column_text][\/vc_column][vc_column width=&#8221;1\/3&#8243; css=&#8221;.vc_custom_1626683646376{margin-top: 50px !important;}&#8221; responsive_css=&#8221;margin_top_large:0px&#8221;][vc_column_text css=&#8221;&#8221;]<\/p>\n<p style=\"text-align: center;\"><strong>VIE\u0160BU\u010cIO IR RESTORANO VADOV\u0116<\/strong><\/p>\n<p style=\"text-align: center;\"><a href=\"mailto:ieva@bohemehouse.lt\">ieva@bohemehouse.lt<\/a><\/p>\n<p style=\"text-align: center;\">Ieva Piraitien\u0117<\/p>\n<p>[\/vc_column_text][\/vc_column][\/vc_row][vc_row][vc_column][vc_empty_space height=&#8221;100px&#8221;][\/vc_column][\/vc_row][vc_row full_width=&#8221;stretch_row&#8221; el_id=&#8221;footer&#8221; css=&#8221;.vc_custom_1757505980323{padding-top: 35px !important;padding-bottom: 45px !important;background-color: #3F4041 !important;}&#8221;][vc_column align=&#8221;text-center&#8221;]<style>.mobile > li > a{font-size:12px;letter-spacing:0.1em;text-transform:uppercase;}.mobile > li{margin-bottom:30px;}.mobile > li > a,.mobile ul > li > a{color:rgb(204, 205, 206);}<\/style>\n<ul id=\"mobile\" class=\"lqd-custom-menu reset-ul   mobile\"><li id=\"menu-item-5464\" class=\"menu-item menu-item-type-custom menu-item-object-custom menu-item-5464\"><a href=\"\/lt#apartments\">Apartamentai<\/a><\/li>\n<li id=\"menu-item-5465\" class=\"menu-item menu-item-type-custom menu-item-object-custom menu-item-5465\"><a href=\"\/lt#offers\">Pasi\u016blymai<\/a><\/li>\n<li id=\"menu-item-5466\" class=\"desktop menu-item menu-item-type-custom menu-item-object-custom menu-item-5466\"><a href=\"\/lt#lobbyrestoranas\">Restoranas<\/a><\/li>\n<li id=\"menu-item-5467\" class=\"desktop menu-item menu-item-type-custom menu-item-object-custom menu-item-5467\"><a href=\"\/lt#roofterrace\">Stogo terasa<\/a><\/li>\n<li id=\"menu-item-5468\" class=\"desktop menu-item menu-item-type-custom menu-item-object-custom menu-item-5468\"><a href=\"\/lt#cinemalounge\">Kino teatras<\/a><\/li>\n<li id=\"menu-item-5766\" class=\"mobile menu-item menu-item-type-custom menu-item-object-custom menu-item-5766\"><a href=\"https:\/\/bohemehouse.lt\/lt#lobbyrestmob\">Restoranas<\/a><\/li>\n<li id=\"menu-item-5767\" class=\"mobile menu-item menu-item-type-custom menu-item-object-custom menu-item-5767\"><a href=\"https:\/\/bohemehouse.lt\/lt#roofterracemob\">Stogo terasa<\/a><\/li>\n<li id=\"menu-item-5768\" class=\"mobile menu-item menu-item-type-custom menu-item-object-custom menu-item-5768\"><a href=\"https:\/\/bohemehouse.lt\/lt#cinemaloungemob\">Kino teatras<\/a><\/li>\n<li id=\"menu-item-5469\" class=\"menu-item menu-item-type-post_type menu-item-object-page menu-item-5469\"><a href=\"https:\/\/bohemehouse.lt\/lt\/apie\/\">Apie<\/a><\/li>\n<li id=\"menu-item-5470\" class=\"menu-item menu-item-type-post_type menu-item-object-page menu-item-5470\"><a href=\"https:\/\/bohemehouse.lt\/lt\/kontaktai\/\">Kontaktai<\/a><\/li>\n<li id=\"menu-item-5471\" class=\"menu-item menu-item-type-post_type menu-item-object-page menu-item-5471\"><a href=\"https:\/\/bohemehouse.lt\/lt\/bendrosios-taisykles\/\">Bendrosios taisykl\u0117s<\/a><\/li>\n<li id=\"menu-item-5716\" class=\"menu-item menu-item-type-post_type menu-item-object-page menu-item-5716\"><a href=\"https:\/\/bohemehouse.lt\/lt\/privacy-policy\/\">Privatumo politika<\/a><\/li>\n<li id=\"menu-item-5472\" class=\"menu-item menu-item-type-post_type menu-item-object-page menu-item-5472\"><a href=\"https:\/\/bohemehouse.lt\/lt\/duk\/\">DUK<\/a><\/li>\n<\/ul><style>.desktop > li > a{font-size:12px;letter-spacing:0.1em;text-transform:uppercase;}.desktop li + li{margin-left:30px;}.desktop > li > a,.desktop ul > li > a{color:rgb(204, 205, 206);}<\/style>\n<ul id=\"desktop\" class=\"lqd-custom-menu reset-ul inline-nav  desktop\"><li class=\"menu-item menu-item-type-custom menu-item-object-custom menu-item-5464\"><a href=\"\/lt#apartments\">Apartamentai<\/a><\/li>\n<li class=\"menu-item menu-item-type-custom menu-item-object-custom menu-item-5465\"><a href=\"\/lt#offers\">Pasi\u016blymai<\/a><\/li>\n<li class=\"desktop menu-item menu-item-type-custom menu-item-object-custom menu-item-5466\"><a href=\"\/lt#lobbyrestoranas\">Restoranas<\/a><\/li>\n<li class=\"desktop menu-item menu-item-type-custom menu-item-object-custom menu-item-5467\"><a href=\"\/lt#roofterrace\">Stogo terasa<\/a><\/li>\n<li class=\"desktop menu-item menu-item-type-custom menu-item-object-custom menu-item-5468\"><a href=\"\/lt#cinemalounge\">Kino teatras<\/a><\/li>\n<li class=\"mobile menu-item menu-item-type-custom menu-item-object-custom menu-item-5766\"><a href=\"https:\/\/bohemehouse.lt\/lt#lobbyrestmob\">Restoranas<\/a><\/li>\n<li class=\"mobile menu-item menu-item-type-custom menu-item-object-custom menu-item-5767\"><a href=\"https:\/\/bohemehouse.lt\/lt#roofterracemob\">Stogo terasa<\/a><\/li>\n<li class=\"mobile menu-item menu-item-type-custom menu-item-object-custom menu-item-5768\"><a href=\"https:\/\/bohemehouse.lt\/lt#cinemaloungemob\">Kino teatras<\/a><\/li>\n<li class=\"menu-item menu-item-type-post_type menu-item-object-page menu-item-5469\"><a href=\"https:\/\/bohemehouse.lt\/lt\/apie\/\">Apie<\/a><\/li>\n<li class=\"menu-item menu-item-type-post_type menu-item-object-page menu-item-5470\"><a href=\"https:\/\/bohemehouse.lt\/lt\/kontaktai\/\">Kontaktai<\/a><\/li>\n<li class=\"menu-item menu-item-type-post_type menu-item-object-page menu-item-5471\"><a href=\"https:\/\/bohemehouse.lt\/lt\/bendrosios-taisykles\/\">Bendrosios taisykl\u0117s<\/a><\/li>\n<li class=\"menu-item menu-item-type-post_type menu-item-object-page menu-item-5716\"><a href=\"https:\/\/bohemehouse.lt\/lt\/privacy-policy\/\">Privatumo politika<\/a><\/li>\n<li class=\"menu-item menu-item-type-post_type menu-item-object-page menu-item-5472\"><a href=\"https:\/\/bohemehouse.lt\/lt\/duk\/\">DUK<\/a><\/li>\n<\/ul><style>.ld_spacer_69e015773f8d9{height:25px;}<\/style>\n<div class=\"ld-empty-space ld_spacer_69e015773f8d9\"><span class=\"liquid_empty_space_inner\"><\/span><\/div>[\/vc_column][vc_column align=&#8221;text-center&#8221; offset=&#8221;vc_col-md-offset-3 vc_col-md-6&#8243;]<style>.ld_social_icons_69e015773f9e3.social-icon li a{color:#CCCDCE;}.ld_social_icons_69e015773f9e3.social-icon li a:hover{color:#ffffff;}<\/style><ul class=\"social-icon social-icon-md ld_social_icons_69e015773f9e3\" id=ld_social_icons_69e015773f9e3>\n<li><a href=\"https:\/\/www.facebook.com\/bohemehouse\/\" target=\"_blank\" rel=\"nofollow\"><i class=\"fa fa-facebook\"><\/i><\/a><\/li><li><a href=\"https:\/\/www.instagram.com\/bohemehouse\/\" target=\"_blank\" rel=\"nofollow\"><i class=\"fa fa-instagram\"><\/i><\/a><\/li><li><a href=\"http:\/\/www.pinterest.com\/thearchitectlt\" target=\"_blank\" rel=\"nofollow\"><i class=\"fa fa-pinterest\"><\/i><\/a><\/li><\/ul>[\/vc_column][\/vc_row]<\/p>\n<\/div>","protected":false},"excerpt":{"rendered":"<p>[vc_row el_class=&#8221;desktop&#8221;][vc_column][vc_empty_space height=&#8221;230px&#8221;][\/vc_column][\/vc_row][vc_row el_class=&#8221;mobile&#8221;][vc_column][vc_empty_space height=&#8221;100px&#8221;][\/vc_column][\/vc_row][vc_row][vc_column width=&#8221;1\/2&#8243; css=&#8221;.vc_custom_1626270663036{margin-bottom: 30px !important;}&#8221;][vc_column_text el_class=&#8221;contactsblock&#8221;] B\u014dHEME HOUSE MUITIN\u0116S 9 x&#8230;<\/p>\n","protected":false},"author":1,"featured_media":0,"parent":0,"menu_order":0,"comment_status":"closed","ping_status":"closed","template":"","meta":{"footnotes":""},"class_list":["post-5432","page","type-page","status-publish","hentry"],"yoast_head":"<!-- This site is optimized with the Yoast SEO plugin v27.1.1 - https:\/\/yoast.com\/product\/yoast-seo-wordpress\/ -->\n<title>B\u014dHEME HOUSE | Kontaktai<\/title>\n<meta name=\"description\" content=\"KAUNAS OLD TOWN | Muitin\u0117s 9 x J. Naugardo 6 | Lithuania | +370 668 21771 | hello@bohemehouse.lt | Instagram\/Facebook @bohemehouse | GET IN TOUCH WITH US\" \/>\n<meta name=\"robots\" content=\"index, follow, max-snippet:-1, max-image-preview:large, max-video-preview:-1\" \/>\n<link rel=\"canonical\" href=\"https:\/\/bohemehouse.lt\/lt\/kontaktai\/\" \/>\n<meta property=\"og:locale\" content=\"lt_LT\" \/>\n<meta property=\"og:type\" content=\"article\" \/>\n<meta property=\"og:title\" content=\"B\u014dHEME HOUSE | Kontaktai\" \/>\n<meta property=\"og:description\" content=\"KAUNAS OLD TOWN | Muitin\u0117s 9 x J. Naugardo 6 | Lithuania | +370 668 21771 | hello@bohemehouse.lt | Instagram\/Facebook @bohemehouse | GET IN TOUCH WITH US\" \/>\n<meta property=\"og:url\" content=\"https:\/\/bohemehouse.lt\/lt\/kontaktai\/\" \/>\n<meta property=\"og:site_name\" content=\"B\u014dHEME HOUSE\" \/>\n<meta property=\"article:modified_time\" content=\"2025-09-11T07:29:24+00:00\" \/>\n<meta name=\"twitter:card\" content=\"summary_large_image\" \/>\n<meta name=\"twitter:label1\" content=\"Est. reading time\" \/>\n\t<meta name=\"twitter:data1\" content=\"1 minut\u0117\" \/>\n<script type=\"application\/ld+json\" class=\"yoast-schema-graph\">{\"@context\":\"https:\/\/schema.org\",\"@graph\":[{\"@type\":\"WebPage\",\"@id\":\"https:\/\/bohemehouse.lt\/lt\/kontaktai\/\",\"url\":\"https:\/\/bohemehouse.lt\/lt\/kontaktai\/\",\"name\":\"B\u014dHEME HOUSE | Kontaktai\",\"isPartOf\":{\"@id\":\"https:\/\/bohemehouse.lt\/#website\"},\"datePublished\":\"2021-06-17T05:39:37+00:00\",\"dateModified\":\"2025-09-11T07:29:24+00:00\",\"description\":\"KAUNAS OLD TOWN | Muitin\u0117s 9 x J. Naugardo 6 | Lithuania | +370 668 21771 | hello@bohemehouse.lt | Instagram\/Facebook @bohemehouse | GET IN TOUCH WITH US\",\"breadcrumb\":{\"@id\":\"https:\/\/bohemehouse.lt\/lt\/kontaktai\/#breadcrumb\"},\"inLanguage\":\"lt-LT\",\"potentialAction\":[{\"@type\":\"ReadAction\",\"target\":[\"https:\/\/bohemehouse.lt\/lt\/kontaktai\/\"]}]},{\"@type\":\"BreadcrumbList\",\"@id\":\"https:\/\/bohemehouse.lt\/lt\/kontaktai\/#breadcrumb\",\"itemListElement\":[{\"@type\":\"ListItem\",\"position\":1,\"name\":\"Home\",\"item\":\"https:\/\/bohemehouse.lt\/lt\/\"},{\"@type\":\"ListItem\",\"position\":2,\"name\":\"Kontaktai\"}]},{\"@type\":\"WebSite\",\"@id\":\"https:\/\/bohemehouse.lt\/#website\",\"url\":\"https:\/\/bohemehouse.lt\/\",\"name\":\"B\u014dHEME HOUSE\",\"description\":\"Boutique Hotel in Kaunas Old Town\",\"potentialAction\":[{\"@type\":\"SearchAction\",\"target\":{\"@type\":\"EntryPoint\",\"urlTemplate\":\"https:\/\/bohemehouse.lt\/?s={search_term_string}\"},\"query-input\":{\"@type\":\"PropertyValueSpecification\",\"valueRequired\":true,\"valueName\":\"search_term_string\"}}],\"inLanguage\":\"lt-LT\"}]}<\/script>\n<!-- \/ Yoast SEO plugin. -->","yoast_head_json":{"title":"B\u014dHEME HOUSE | Kontaktai","description":"KAUNAS OLD TOWN | Muitin\u0117s 9 x J. Naugardo 6 | Lithuania | +370 668 21771 | hello@bohemehouse.lt | Instagram\/Facebook @bohemehouse | GET IN TOUCH WITH US","robots":{"index":"index","follow":"follow","max-snippet":"max-snippet:-1","max-image-preview":"max-image-preview:large","max-video-preview":"max-video-preview:-1"},"canonical":"https:\/\/bohemehouse.lt\/lt\/kontaktai\/","og_locale":"lt_LT","og_type":"article","og_title":"B\u014dHEME HOUSE | Kontaktai","og_description":"KAUNAS OLD TOWN | Muitin\u0117s 9 x J. Naugardo 6 | Lithuania | +370 668 21771 | hello@bohemehouse.lt | Instagram\/Facebook @bohemehouse | GET IN TOUCH WITH US","og_url":"https:\/\/bohemehouse.lt\/lt\/kontaktai\/","og_site_name":"B\u014dHEME HOUSE","article_modified_time":"2025-09-11T07:29:24+00:00","twitter_card":"summary_large_image","twitter_misc":{"Est. reading time":"1 minut\u0117"},"schema":{"@context":"https:\/\/schema.org","@graph":[{"@type":"WebPage","@id":"https:\/\/bohemehouse.lt\/lt\/kontaktai\/","url":"https:\/\/bohemehouse.lt\/lt\/kontaktai\/","name":"B\u014dHEME HOUSE | Kontaktai","isPartOf":{"@id":"https:\/\/bohemehouse.lt\/#website"},"datePublished":"2021-06-17T05:39:37+00:00","dateModified":"2025-09-11T07:29:24+00:00","description":"KAUNAS OLD TOWN | Muitin\u0117s 9 x J. Naugardo 6 | Lithuania | +370 668 21771 | hello@bohemehouse.lt | Instagram\/Facebook @bohemehouse | GET IN TOUCH WITH US","breadcrumb":{"@id":"https:\/\/bohemehouse.lt\/lt\/kontaktai\/#breadcrumb"},"inLanguage":"lt-LT","potentialAction":[{"@type":"ReadAction","target":["https:\/\/bohemehouse.lt\/lt\/kontaktai\/"]}]},{"@type":"BreadcrumbList","@id":"https:\/\/bohemehouse.lt\/lt\/kontaktai\/#breadcrumb","itemListElement":[{"@type":"ListItem","position":1,"name":"Home","item":"https:\/\/bohemehouse.lt\/lt\/"},{"@type":"ListItem","position":2,"name":"Kontaktai"}]},{"@type":"WebSite","@id":"https:\/\/bohemehouse.lt\/#website","url":"https:\/\/bohemehouse.lt\/","name":"B\u014dHEME HOUSE","description":"Boutique Hotel in Kaunas Old Town","potentialAction":[{"@type":"SearchAction","target":{"@type":"EntryPoint","urlTemplate":"https:\/\/bohemehouse.lt\/?s={search_term_string}"},"query-input":{"@type":"PropertyValueSpecification","valueRequired":true,"valueName":"search_term_string"}}],"inLanguage":"lt-LT"}]}},"_links":{"self":[{"href":"https:\/\/bohemehouse.lt\/lt\/wp-json\/wp\/v2\/pages\/5432","targetHints":{"allow":["GET"]}}],"collection":[{"href":"https:\/\/bohemehouse.lt\/lt\/wp-json\/wp\/v2\/pages"}],"about":[{"href":"https:\/\/bohemehouse.lt\/lt\/wp-json\/wp\/v2\/types\/page"}],"author":[{"embeddable":true,"href":"https:\/\/bohemehouse.lt\/lt\/wp-json\/wp\/v2\/users\/1"}],"replies":[{"embeddable":true,"href":"https:\/\/bohemehouse.lt\/lt\/wp-json\/wp\/v2\/comments?post=5432"}],"version-history":[{"count":18,"href":"https:\/\/bohemehouse.lt\/lt\/wp-json\/wp\/v2\/pages\/5432\/revisions"}],"predecessor-version":[{"id":7656,"href":"https:\/\/bohemehouse.lt\/lt\/wp-json\/wp\/v2\/pages\/5432\/revisions\/7656"}],"wp:attachment":[{"href":"https:\/\/bohemehouse.lt\/lt\/wp-json\/wp\/v2\/media?parent=5432"}],"curies":[{"name":"wp","href":"https:\/\/api.w.org\/{rel}","templated":true}]}}