{"id":5434,"date":"2021-07-08T15:43:55","date_gmt":"2021-07-08T14:43:55","guid":{"rendered":"https:\/\/bohemehouse.lt\/faq\/"},"modified":"2025-09-11T08:26:20","modified_gmt":"2025-09-11T07:26:20","slug":"duk","status":"publish","type":"page","link":"https:\/\/bohemehouse.lt\/lt\/duk\/","title":{"rendered":"DUK"},"content":{"rendered":"<div class=\"wpb-content-wrapper\"><p>[vc_row][vc_column][vc_empty_space height=&#8221;200px&#8221;][\/vc_column][\/vc_row][vc_row][vc_column][vc_column_text css=&#8221;&#8221;]<\/p>\n<h6><b>AR TURITE AUTOMOBILI\u0172 STOV\u0116JIMO AIK\u0160TEL\u0118? KIEK TAI KAINUOJA?<\/b><\/h6>\n<p>Mes neteikiame rezervuot\u0173 automobili\u0173 stov\u0117jimo viet\u0173, parkavimui yra skirtas miesto gatv\u0117s automobili\u0173 parkavimas.<\/p>\n<p>Artimiausios automobili\u0173 stov\u0117jimo vietos yra Muitin\u0117s gatv\u0117je ir kainuoja 2 eur\/val. Mokama 24\/7<\/p>\n<p>Atsiskaityti galite artimiausiame automobili\u0173 stov\u0117jimo mok\u0117jimo aparate arba naudodamiesi mobili\u0105ja parkavimo program\u0117le (tik LT SIM kortele).<br \/>\nStatydami automobil\u012f visada patikrinkite stov\u0117jimo \u017eenklus ir mokes\u010dius, nes J\u016bs\u0173 atvykimo dien\u0105 gali \u012fvykti tam tikr\u0173 pakeitim\u0173. Daugiau informacijos <strong><a href=\"https:\/\/parkavimaskaune.lt\/mokamos-stovejimo-zonos\/\">\u010dia<\/a><\/strong>.<\/p>\n<h6><b>KOKS YRA \u012eSIREGISTRAVIMO IR I\u0160SIREGISTRAVIMO LAIKAS?<\/b><\/h6>\n<p>Atvykimo laikas yra nuo 15:00 val.<\/p>\n<p>J\u016bs\u0173 i\u0161vykimo dien\u0105 kambarys tur\u0117t\u0173 b\u016bti atlaisvintas iki 12:00 val.<\/p>\n<h6><b>KAIP GALIMA PASIIMTI RAKT\u0104?<\/b><\/h6>\n<p>\u012e\u0117j\u0119 \u012f Lobby bar\u0105, sekite tiesiai pro stiklines duris \u012f koridori\u0173, kurio gale pamatysite juod\u0105 sien\u0105 su automatine rakt\u0173 d\u0117\u017ee.<\/p>\n<p>\u012eveskite kod\u0105, kur\u012f gausite kartu su u\u017esakymo patvirtinimu, paimkite rakt\u0105 ir rasite savo apartamentus u\u017elipus \u012f reikiam\u0105 auk\u0161t\u0105.<br \/>\nNor\u0117dami patekti \u012f nam\u0105 nakties metu arba Lobby baro nedarbo valandomis, naudokite t\u0105 pat\u012f asmenin\u012f rakt\u0173 kod\u0105 lauko klaviat\u016broje, kad atidarytum\u0117te \u012f\u0117jimo duris. Jei norite i\u0161eiti i\u0161 apartament\u0173 nakties metu, paspauskite juod\u0105 apval\u0173 mygtuk\u0105 kair\u0117je \u012f\u0117jimo dur\u0173 pus\u0117je. \u012esitikinkite, kad durys tinkamai u\u017edarytos.<br \/>\nNor\u0117dami i\u0161siregistruoti, i\u0161vykstant gr\u0105\u017einkite raktus naudodami t\u0105 pat\u012f asmenin\u012f kod\u0105. Suveskite j\u012f pirmame auk\u0161te esan\u010dioje rakt\u0173 d\u0117\u017eut\u0117je &#8211; \u012fsitikinkite, kad palikote abu raktus, u\u017edarykite langel\u012f ir, tikim\u0117s, kad netrukus v\u0117l jus pamatysime!<\/p>\n<h6><b>KOKIOS YRA MAITINIMOSI GALIMYB\u0116S BOHEME HOUSE?<\/b><\/h6>\n<p>\u0160iuo metu B\u014dHEME HOUSE kvie\u010dia \u012f Lobby Restoran\u0105, kuriame galite m\u0117gautis kasdieniais\u00a0kokybi\u0161kais ir sveikais pusry\u010diais, kava, savaitgalio vakaro aperityvu ir kokteiliais bei degustacin\u0117mis vakarien\u0117mis, kurias Jums priva\u010diai gamins m\u016bs\u0173 \u0161efai.<\/p>\n<p>2024 pavasar\u012f Restoranas auga ir atvers nauj\u0173 erdvi\u0173 duris, kuriame lauks naujas meniu ir naujos patirtys, sekite naujienas!<\/p>\n<h6><b>AR TURITE VAIKAMS PRITAIKYT\u0172 APARTAMENT\u0172?<\/b><\/h6>\n<p>Taip, vaikai yra laukiami visuose apartamentuose i\u0161skyrus N\u014d8 Solisto Apartamentus (pagal atskir\u0105 susitarim\u0105 juose gali apsistoti k\u016bdikiai iki 1 met\u0173 am\u017eiaus).<\/p>\n<p>Atskira k\u016bdikio lovel\u0117 pagal i\u0161ankstin\u0119 u\u017eklaus\u0105 gali b\u016bti pastatoma apartamentuose N\u014d1, N\u014d4, arba N\u014d6. Ta\u010diau j\u0173 kiekis yra ribotas ir priklauso nuo apartament\u0173 u\u017eimtumo.<br \/>\nPapildomai sve\u010diams galime suteikti auk\u0161t\u0105 k\u016bdikio maitinimo k\u0117dut\u0119, vystymo \u010diu\u017ein\u012f, \u017eaislus ir knygas. Susisiekite su mumis tiesiogiai ir mes pasistengsime Jums pad\u0117ti.<br \/>\nPusry\u010diai vaikams gali b\u016bti teikiami i\u0161 a la carte meniu ir \u0161i kaina bus nuskai\u010diuota atskirai.<\/p>\n<h6><b>AR GALIMA ORGANIZUOTI FOTOSESIJAS BEI FILMAVIMUS?<\/b><\/h6>\n<p>B\u014dHEME HOUSE padarytos nuotraukos ir video med\u017eiaga gali b\u016bti naudojama tik asmenin\u0117se (netaikoma nuomon\u0117s formuotoj\u0173 ir kitoms komercin\u0117ms paskyroms) paskyrose su s\u0105lyga, kad kiekvienas \u0161altinis nurodo viet\u0105 @bohemehouse su specialia vietos \u017eyma.<\/p>\n<p>Jei kiti B\u014dHEME HOUSE sve\u010diai matomi J\u016bs\u0173 nuotraukoje, turite gauti j\u0173 \u017eodin\u012f arba ra\u0161ytin\u012f sutikim\u0105.<\/p>\n<p>Apie kiekvien\u0105 papildom\u0105 fotosesijos tikslais \u012f apartamentus ar bendr\u0105sias B\u014dHEME HOUSE erdves atvykstant\u012f asmen\u012f ir j\u0173 skai\u010di\u0173 b\u016btina prane\u0161ti ra\u0161tu i\u0161 anksto.<\/p>\n<p>Komercin\u0117ms, nuomoni\u0173 formuotoj\u0173 fotosesijoms, filmavimams ir kitam komercinio turinio k\u016brimui yra taikomi komerciniai \u012fkainiai, d\u0117l j\u0173 pra\u0161ome susisiekti el. pa\u0161tu.<\/p>\n<h6><b>KOKIA YRA NAMINI\u0172 GYV\u016aN\u0116LI\u0172 POLITIKA?<\/b><\/h6>\n<p>Naminiai gyv\u016bnai yra laukiami B\u014dHEME HOUSE apartamentuose\u00a0N\u014d5,\u00a0N\u014d6 ir N\u014d7. J\u0173 apsistojimui yra taikomas papildomas 17 eur mokestis.<\/p>\n<p>Naminiai gyv\u016bnai gali b\u016bti priimami ir N\u014d4 apartamentuose su tam tikromis i\u0161imtimis &#8211; pra\u0161ome susisiekti.<\/p>\n<h6><b>KOKIA YRA R\u016aKYMO POLITIKA?<\/b><\/h6>\n<p>Draud\u017eiama r\u016bkyti visose apartamentuose ir u\u017edarose vie\u0161osiose patalpose, \u012fskaitant ir elektronines cigaretes.<\/p>\n<p>Leid\u017eiama r\u016bkyti apartment\u0173 N\u014d1 ir N\u014d4 balkonuose ir stogo terasoje.<\/p>\n<h6><b>AR J\u016aS\u0172 WIFI YRA NEMOKAMAS?<\/b><\/h6>\n<p>Taip. Visuose apartamentuose ir bendrose erdv\u0117se veikia nemokamas belaidis internetas.<\/p>\n<h6><b>KOKIUS MOK\u0116JIMO B\u016aDUS PRIIMATE?<\/b><\/h6>\n<p>Kredito \/ debeto kortel\u0117.[\/vc_column_text][\/vc_column][\/vc_row][vc_row][vc_column][vc_empty_space height=&#8221;100px&#8221;][\/vc_column][\/vc_row][vc_row full_width=&#8221;stretch_row&#8221; el_id=&#8221;footer&#8221; css=&#8221;.vc_custom_1757505980323{padding-top: 35px !important;padding-bottom: 45px !important;background-color: #3F4041 !important;}&#8221;][vc_column align=&#8221;text-center&#8221;]<style>.mobile > li > a{font-size:12px;letter-spacing:0.1em;text-transform:uppercase;}.mobile > li{margin-bottom:30px;}.mobile > li > a,.mobile ul > li > a{color:rgb(204, 205, 206);}<\/style>\n<ul id=\"mobile\" class=\"lqd-custom-menu reset-ul   mobile\"><li id=\"menu-item-5464\" class=\"menu-item menu-item-type-custom menu-item-object-custom menu-item-5464\"><a href=\"\/lt#apartments\">Apartamentai<\/a><\/li>\n<li id=\"menu-item-5465\" class=\"menu-item menu-item-type-custom menu-item-object-custom menu-item-5465\"><a href=\"\/lt#offers\">Pasi\u016blymai<\/a><\/li>\n<li id=\"menu-item-5466\" class=\"desktop menu-item menu-item-type-custom menu-item-object-custom menu-item-5466\"><a href=\"\/lt#lobbyrestoranas\">Restoranas<\/a><\/li>\n<li id=\"menu-item-5467\" class=\"desktop menu-item menu-item-type-custom menu-item-object-custom menu-item-5467\"><a href=\"\/lt#roofterrace\">Stogo terasa<\/a><\/li>\n<li id=\"menu-item-5468\" class=\"desktop menu-item menu-item-type-custom menu-item-object-custom menu-item-5468\"><a href=\"\/lt#cinemalounge\">Kino teatras<\/a><\/li>\n<li id=\"menu-item-5766\" class=\"mobile menu-item menu-item-type-custom menu-item-object-custom menu-item-5766\"><a href=\"https:\/\/bohemehouse.lt\/lt#lobbyrestmob\">Restoranas<\/a><\/li>\n<li id=\"menu-item-5767\" class=\"mobile menu-item menu-item-type-custom menu-item-object-custom menu-item-5767\"><a href=\"https:\/\/bohemehouse.lt\/lt#roofterracemob\">Stogo terasa<\/a><\/li>\n<li id=\"menu-item-5768\" class=\"mobile menu-item menu-item-type-custom menu-item-object-custom menu-item-5768\"><a href=\"https:\/\/bohemehouse.lt\/lt#cinemaloungemob\">Kino teatras<\/a><\/li>\n<li id=\"menu-item-5469\" class=\"menu-item menu-item-type-post_type menu-item-object-page menu-item-5469\"><a href=\"https:\/\/bohemehouse.lt\/lt\/apie\/\">Apie<\/a><\/li>\n<li id=\"menu-item-5470\" class=\"menu-item menu-item-type-post_type menu-item-object-page menu-item-5470\"><a href=\"https:\/\/bohemehouse.lt\/lt\/kontaktai\/\">Kontaktai<\/a><\/li>\n<li id=\"menu-item-5471\" class=\"menu-item menu-item-type-post_type menu-item-object-page menu-item-5471\"><a href=\"https:\/\/bohemehouse.lt\/lt\/bendrosios-taisykles\/\">Bendrosios taisykl\u0117s<\/a><\/li>\n<li id=\"menu-item-5716\" class=\"menu-item menu-item-type-post_type menu-item-object-page menu-item-5716\"><a href=\"https:\/\/bohemehouse.lt\/lt\/privacy-policy\/\">Privatumo politika<\/a><\/li>\n<li id=\"menu-item-5472\" class=\"menu-item menu-item-type-post_type menu-item-object-page menu-item-5472\"><a href=\"https:\/\/bohemehouse.lt\/lt\/duk\/\">DUK<\/a><\/li>\n<\/ul><style>.desktop > li > a{font-size:12px;letter-spacing:0.1em;text-transform:uppercase;}.desktop li + li{margin-left:30px;}.desktop > li > a,.desktop ul > li > a{color:rgb(204, 205, 206);}<\/style>\n<ul id=\"desktop\" class=\"lqd-custom-menu reset-ul inline-nav  desktop\"><li class=\"menu-item menu-item-type-custom menu-item-object-custom menu-item-5464\"><a href=\"\/lt#apartments\">Apartamentai<\/a><\/li>\n<li class=\"menu-item menu-item-type-custom menu-item-object-custom menu-item-5465\"><a href=\"\/lt#offers\">Pasi\u016blymai<\/a><\/li>\n<li class=\"desktop menu-item menu-item-type-custom menu-item-object-custom menu-item-5466\"><a href=\"\/lt#lobbyrestoranas\">Restoranas<\/a><\/li>\n<li class=\"desktop menu-item menu-item-type-custom menu-item-object-custom menu-item-5467\"><a href=\"\/lt#roofterrace\">Stogo terasa<\/a><\/li>\n<li class=\"desktop menu-item menu-item-type-custom menu-item-object-custom menu-item-5468\"><a href=\"\/lt#cinemalounge\">Kino teatras<\/a><\/li>\n<li class=\"mobile menu-item menu-item-type-custom menu-item-object-custom menu-item-5766\"><a href=\"https:\/\/bohemehouse.lt\/lt#lobbyrestmob\">Restoranas<\/a><\/li>\n<li class=\"mobile menu-item menu-item-type-custom menu-item-object-custom menu-item-5767\"><a href=\"https:\/\/bohemehouse.lt\/lt#roofterracemob\">Stogo terasa<\/a><\/li>\n<li class=\"mobile menu-item menu-item-type-custom menu-item-object-custom menu-item-5768\"><a href=\"https:\/\/bohemehouse.lt\/lt#cinemaloungemob\">Kino teatras<\/a><\/li>\n<li class=\"menu-item menu-item-type-post_type menu-item-object-page menu-item-5469\"><a href=\"https:\/\/bohemehouse.lt\/lt\/apie\/\">Apie<\/a><\/li>\n<li class=\"menu-item menu-item-type-post_type menu-item-object-page menu-item-5470\"><a href=\"https:\/\/bohemehouse.lt\/lt\/kontaktai\/\">Kontaktai<\/a><\/li>\n<li class=\"menu-item menu-item-type-post_type menu-item-object-page menu-item-5471\"><a href=\"https:\/\/bohemehouse.lt\/lt\/bendrosios-taisykles\/\">Bendrosios taisykl\u0117s<\/a><\/li>\n<li class=\"menu-item menu-item-type-post_type menu-item-object-page menu-item-5716\"><a href=\"https:\/\/bohemehouse.lt\/lt\/privacy-policy\/\">Privatumo politika<\/a><\/li>\n<li class=\"menu-item menu-item-type-post_type menu-item-object-page menu-item-5472\"><a href=\"https:\/\/bohemehouse.lt\/lt\/duk\/\">DUK<\/a><\/li>\n<\/ul><style>.ld_spacer_69de316256703{height:25px;}<\/style>\n<div class=\"ld-empty-space ld_spacer_69de316256703\"><span class=\"liquid_empty_space_inner\"><\/span><\/div>[\/vc_column][vc_column align=&#8221;text-center&#8221; offset=&#8221;vc_col-md-offset-3 vc_col-md-6&#8243;]<style>.ld_social_icons_69de3162567f8.social-icon li a{color:#CCCDCE;}.ld_social_icons_69de3162567f8.social-icon li a:hover{color:#ffffff;}<\/style><ul class=\"social-icon social-icon-md ld_social_icons_69de3162567f8\" id=ld_social_icons_69de3162567f8>\n<li><a href=\"https:\/\/www.facebook.com\/bohemehouse\/\" target=\"_blank\" rel=\"nofollow\"><i class=\"fa fa-facebook\"><\/i><\/a><\/li><li><a href=\"https:\/\/www.instagram.com\/bohemehouse\/\" target=\"_blank\" rel=\"nofollow\"><i class=\"fa fa-instagram\"><\/i><\/a><\/li><li><a href=\"http:\/\/www.pinterest.com\/thearchitectlt\" target=\"_blank\" rel=\"nofollow\"><i class=\"fa fa-pinterest\"><\/i><\/a><\/li><\/ul>[\/vc_column][\/vc_row]<\/p>\n<\/div>","protected":false},"excerpt":{"rendered":"<p>[vc_row][vc_column][vc_empty_space height=&#8221;200px&#8221;][\/vc_column][\/vc_row][vc_row][vc_column][vc_column_text css=&#8221;&#8221;] AR TURITE AUTOMOBILI\u0172 STOV\u0116JIMO AIK\u0160TEL\u0118? KIEK TAI KAINUOJA? Mes neteikiame rezervuot\u0173 automobili\u0173&#8230;<\/p>\n","protected":false},"author":1,"featured_media":0,"parent":0,"menu_order":0,"comment_status":"closed","ping_status":"closed","template":"","meta":{"footnotes":""},"class_list":["post-5434","page","type-page","status-publish","hentry"],"yoast_head":"<!-- This site is optimized with the Yoast SEO plugin v27.1.1 - https:\/\/yoast.com\/product\/yoast-seo-wordpress\/ -->\n<title>B\u014dHEME HOUSE | FAQ<\/title>\n<meta name=\"description\" content=\"If you have any questions please refer to our Frequently Asked Questions to find useful information or contact us directly.\" \/>\n<meta name=\"robots\" content=\"index, follow, max-snippet:-1, max-image-preview:large, max-video-preview:-1\" \/>\n<link rel=\"canonical\" href=\"https:\/\/bohemehouse.lt\/lt\/duk\/\" \/>\n<meta property=\"og:locale\" content=\"lt_LT\" \/>\n<meta property=\"og:type\" content=\"article\" \/>\n<meta property=\"og:title\" content=\"B\u014dHEME HOUSE | FAQ\" \/>\n<meta property=\"og:description\" content=\"If you have any questions please refer to our Frequently Asked Questions to find useful information or contact us directly.\" \/>\n<meta property=\"og:url\" content=\"https:\/\/bohemehouse.lt\/lt\/duk\/\" \/>\n<meta property=\"og:site_name\" content=\"B\u014dHEME HOUSE\" \/>\n<meta property=\"article:modified_time\" content=\"2025-09-11T07:26:20+00:00\" \/>\n<meta name=\"twitter:card\" content=\"summary_large_image\" \/>\n<meta name=\"twitter:label1\" content=\"Est. reading time\" \/>\n\t<meta name=\"twitter:data1\" content=\"2 minut\u0117s\" \/>\n<script type=\"application\/ld+json\" class=\"yoast-schema-graph\">{\"@context\":\"https:\/\/schema.org\",\"@graph\":[{\"@type\":\"WebPage\",\"@id\":\"https:\/\/bohemehouse.lt\/lt\/duk\/\",\"url\":\"https:\/\/bohemehouse.lt\/lt\/duk\/\",\"name\":\"B\u014dHEME HOUSE | FAQ\",\"isPartOf\":{\"@id\":\"https:\/\/bohemehouse.lt\/#website\"},\"datePublished\":\"2021-07-08T14:43:55+00:00\",\"dateModified\":\"2025-09-11T07:26:20+00:00\",\"description\":\"If you have any questions please refer to our Frequently Asked Questions to find useful information or contact us directly.\",\"breadcrumb\":{\"@id\":\"https:\/\/bohemehouse.lt\/lt\/duk\/#breadcrumb\"},\"inLanguage\":\"lt-LT\",\"potentialAction\":[{\"@type\":\"ReadAction\",\"target\":[\"https:\/\/bohemehouse.lt\/lt\/duk\/\"]}]},{\"@type\":\"BreadcrumbList\",\"@id\":\"https:\/\/bohemehouse.lt\/lt\/duk\/#breadcrumb\",\"itemListElement\":[{\"@type\":\"ListItem\",\"position\":1,\"name\":\"Home\",\"item\":\"https:\/\/bohemehouse.lt\/lt\/\"},{\"@type\":\"ListItem\",\"position\":2,\"name\":\"DUK\"}]},{\"@type\":\"WebSite\",\"@id\":\"https:\/\/bohemehouse.lt\/#website\",\"url\":\"https:\/\/bohemehouse.lt\/\",\"name\":\"B\u014dHEME HOUSE\",\"description\":\"Boutique Hotel in Kaunas Old Town\",\"potentialAction\":[{\"@type\":\"SearchAction\",\"target\":{\"@type\":\"EntryPoint\",\"urlTemplate\":\"https:\/\/bohemehouse.lt\/?s={search_term_string}\"},\"query-input\":{\"@type\":\"PropertyValueSpecification\",\"valueRequired\":true,\"valueName\":\"search_term_string\"}}],\"inLanguage\":\"lt-LT\"}]}<\/script>\n<!-- \/ Yoast SEO plugin. -->","yoast_head_json":{"title":"B\u014dHEME HOUSE | FAQ","description":"If you have any questions please refer to our Frequently Asked Questions to find useful information or contact us directly.","robots":{"index":"index","follow":"follow","max-snippet":"max-snippet:-1","max-image-preview":"max-image-preview:large","max-video-preview":"max-video-preview:-1"},"canonical":"https:\/\/bohemehouse.lt\/lt\/duk\/","og_locale":"lt_LT","og_type":"article","og_title":"B\u014dHEME HOUSE | FAQ","og_description":"If you have any questions please refer to our Frequently Asked Questions to find useful information or contact us directly.","og_url":"https:\/\/bohemehouse.lt\/lt\/duk\/","og_site_name":"B\u014dHEME HOUSE","article_modified_time":"2025-09-11T07:26:20+00:00","twitter_card":"summary_large_image","twitter_misc":{"Est. reading time":"2 minut\u0117s"},"schema":{"@context":"https:\/\/schema.org","@graph":[{"@type":"WebPage","@id":"https:\/\/bohemehouse.lt\/lt\/duk\/","url":"https:\/\/bohemehouse.lt\/lt\/duk\/","name":"B\u014dHEME HOUSE | FAQ","isPartOf":{"@id":"https:\/\/bohemehouse.lt\/#website"},"datePublished":"2021-07-08T14:43:55+00:00","dateModified":"2025-09-11T07:26:20+00:00","description":"If you have any questions please refer to our Frequently Asked Questions to find useful information or contact us directly.","breadcrumb":{"@id":"https:\/\/bohemehouse.lt\/lt\/duk\/#breadcrumb"},"inLanguage":"lt-LT","potentialAction":[{"@type":"ReadAction","target":["https:\/\/bohemehouse.lt\/lt\/duk\/"]}]},{"@type":"BreadcrumbList","@id":"https:\/\/bohemehouse.lt\/lt\/duk\/#breadcrumb","itemListElement":[{"@type":"ListItem","position":1,"name":"Home","item":"https:\/\/bohemehouse.lt\/lt\/"},{"@type":"ListItem","position":2,"name":"DUK"}]},{"@type":"WebSite","@id":"https:\/\/bohemehouse.lt\/#website","url":"https:\/\/bohemehouse.lt\/","name":"B\u014dHEME HOUSE","description":"Boutique Hotel in Kaunas Old Town","potentialAction":[{"@type":"SearchAction","target":{"@type":"EntryPoint","urlTemplate":"https:\/\/bohemehouse.lt\/?s={search_term_string}"},"query-input":{"@type":"PropertyValueSpecification","valueRequired":true,"valueName":"search_term_string"}}],"inLanguage":"lt-LT"}]}},"_links":{"self":[{"href":"https:\/\/bohemehouse.lt\/lt\/wp-json\/wp\/v2\/pages\/5434","targetHints":{"allow":["GET"]}}],"collection":[{"href":"https:\/\/bohemehouse.lt\/lt\/wp-json\/wp\/v2\/pages"}],"about":[{"href":"https:\/\/bohemehouse.lt\/lt\/wp-json\/wp\/v2\/types\/page"}],"author":[{"embeddable":true,"href":"https:\/\/bohemehouse.lt\/lt\/wp-json\/wp\/v2\/users\/1"}],"replies":[{"embeddable":true,"href":"https:\/\/bohemehouse.lt\/lt\/wp-json\/wp\/v2\/comments?post=5434"}],"version-history":[{"count":6,"href":"https:\/\/bohemehouse.lt\/lt\/wp-json\/wp\/v2\/pages\/5434\/revisions"}],"predecessor-version":[{"id":7638,"href":"https:\/\/bohemehouse.lt\/lt\/wp-json\/wp\/v2\/pages\/5434\/revisions\/7638"}],"wp:attachment":[{"href":"https:\/\/bohemehouse.lt\/lt\/wp-json\/wp\/v2\/media?parent=5434"}],"curies":[{"name":"wp","href":"https:\/\/api.w.org\/{rel}","templated":true}]}}