{"id":5443,"date":"2021-07-01T18:50:20","date_gmt":"2021-07-01T17:50:20","guid":{"rendered":"https:\/\/bohemehouse.lt\/poet-apartment-no7\/"},"modified":"2025-09-11T08:26:43","modified_gmt":"2025-09-11T07:26:43","slug":"poeto-apartamentai-no7","status":"publish","type":"page","link":"https:\/\/bohemehouse.lt\/lt\/poeto-apartamentai-no7\/","title":{"rendered":"Poeto apartamentai n\u014d7"},"content":{"rendered":"<div class=\"wpb-content-wrapper\"><p>[vc_row el_class=&#8221;desktop&#8221;][vc_column][vc_empty_space height=&#8221;230px&#8221;][\/vc_column][\/vc_row][vc_row el_class=&#8221;mobile&#8221;][vc_column][vc_empty_space height=&#8221;100px&#8221;][\/vc_column][\/vc_row][vc_row][vc_column width=&#8221;1\/2&#8243; align=&#8221;text-center&#8221;][vc_column_text]<\/p>\n<p style=\"text-align: center;\"><strong>POETO APARTAMENTAI N\u014d7<\/strong><\/p>\n<p style=\"text-align: center;\">18 KVM APARTAMENTAI<br \/>\n3 AUK\u0160TAS<br \/>\nNUOSTAB\u016aS VAIZDAI<br \/>\nMINI BIBLIOTEKA SU LIMITUOTO TIRA\u017dO \u2018ONE POEM\u2019 KNYGOMIS<br \/>\nTV<\/p>\n<p>[\/vc_column_text]<div class=\"header-module\">\n\t<style>.ld_button_69d7e87a10f75.btn-icon-solid .btn-icon{background:rgb(0, 0, 0);}.ld_button_69d7e87a10f75.btn-icon-circle.btn-icon-ripple .btn-icon:before{border-color:rgb(0, 0, 0);}.ld_button_69d7e87a10f75.btn-icon-solid:hover .btn-icon{background:rgb(42, 42, 42);}.ld_button_69d7e87a10f75{background-color:rgb(0, 0, 0);border-color:rgb(0, 0, 0);color:rgb(255, 255, 255);font-size:13px !important;font-weight:500 !important;letter-spacing:0.2em !important;}.ld_button_69d7e87a10f75:hover{background-color:rgb(42, 42, 42);border-color:rgb(42, 42, 42);color:rgb(255, 255, 255);}.ld_button_69d7e87a10f75 .btn-gradient-bg-hover{background:-webkit-linear-gradient(to right, rgb(42, 42, 42) 0%, rgb(42, 42, 42) 100%);background:linear-gradient(to right, rgb(42, 42, 42) 0%, rgb(42, 42, 42) 100%);}.ld_button_69d7e87a10f75 .btn-gradient-border defs stop:first-child{stop-color:rgb(0, 0, 0);}.ld_button_69d7e87a10f75 .btn-gradient-border defs stop:last-child{stop-color:rgb(0, 0, 0);}.ld_button_69d7e87a10f75:hover .btn-gradient-border defs stop:first-child{stop-color:rgb(42, 42, 42);}.ld_button_69d7e87a10f75:hover .btn-gradient-border defs stop:last-child{stop-color:rgb(42, 42, 42);}<\/style><a href=\"https:\/\/reservations.bohemehouse.lt\/listings\/60bf5b2a674009003078272d\" target=\"_blank\" class=\"btn btn-solid text-uppercase btn-bordered border-thin ld_header_button_69d7e87a10bc1 ld_button_69d7e87a10f75 vc_custom_1627996902554\">\n\t<span>\n\t\t\n\t\t\t\t\t<span class=\"btn-txt\">Rezervuokite<\/span>\n\t\t\t\n\t\t\t\t<\/span>\n<\/a>\n<\/div>[\/vc_column][vc_column width=&#8221;1\/2&#8243;][vc_column_text]Diev\u0173 mi\u0161ko autorius, kaip ir kiti tarpukario poetai ir dramaturgai, buvo pasin\u0117r\u0119 romantiniam gyvenimo gamtos apsuptyje vaizdiniui. Balys Sruoga net buvo \u012fstoj\u0119s \u012f Mi\u0161k\u0173 institut\u0105, o svarbiausias jo k\u016brinys &#8222;Diev\u0173 mi\u0161kas&#8221; buvo u\u017era\u0161ytas Bir\u0161tono sanatorijoje.<\/p>\n<p>Ma\u017eieji poeto apartamentai slepia unikalius ir pla\u010dius panoraminius vaizdus \u012f Nemuno up\u0119, parkel\u012f, tilt\u0105 ir tankiai ap\u017e\u0117lusi\u0105 Aleksoto pakaln\u0119. \u0160is vaizdinys, tikim\u0117s, pa\u017eadins Jumyse k\u016brybin\u0119 gyslel\u0119 ir \u012fkv\u0117ps pabandyti para\u0161yti eil\u0117ra\u0161\u010dio posm\u0105 vienoje i\u0161 m\u016bs\u0173 \u2018one poem books&#8217; bibliotekos knygoje.[\/vc_column_text][\/vc_column][\/vc_row][vc_row][vc_column][vc_empty_space height=&#8221;100px&#8221; el_id=&#8221;desktop&#8221; el_class=&#8221;desktop&#8221;][\/vc_column][\/vc_row][vc_row][vc_column][vc_empty_space height=&#8221;30px&#8221; el_id=&#8221;mobile&#8221; el_class=&#8221;mobile&#8221;][\/vc_column][\/vc_row][vc_row full_width=&#8221;stretch_row&#8221; el_id=&#8221;desktopfoogallery&#8221;][vc_column][vc_raw_html]JTVCZm9vZ2FsbGVyeSUyMGlkJTNEJTIyNTkxOSUyMiU1RA==[\/vc_raw_html][\/vc_column][\/vc_row][vc_row full_width=&#8221;stretch_row&#8221; gap=&#8221;0&#8243; el_id=&#8221;mobilecarousel&#8221;][vc_column][vc_gallery type=&#8221;image_grid&#8221; images=&#8221;4960,4959,4971,4967,4968,4969,4970,4961,4962,4963,4964,4965,4966&#8243; img_size=&#8221;full&#8221; onclick=&#8221;&#8221;][\/vc_column][\/vc_row][vc_row full_width=&#8221;stretch_row&#8221; el_id=&#8221;footer&#8221; css=&#8221;.vc_custom_1757505980323{padding-top: 35px !important;padding-bottom: 45px !important;background-color: #3F4041 !important;}&#8221;][vc_column align=&#8221;text-center&#8221;]<style>.mobile > li > a{font-size:12px;letter-spacing:0.1em;text-transform:uppercase;}.mobile > li{margin-bottom:30px;}.mobile > li > a,.mobile ul > li > a{color:rgb(204, 205, 206);}<\/style>\n<ul id=\"mobile\" class=\"lqd-custom-menu reset-ul   mobile\"><li id=\"menu-item-5464\" class=\"menu-item menu-item-type-custom menu-item-object-custom menu-item-5464\"><a href=\"\/lt#apartments\">Apartamentai<\/a><\/li>\n<li id=\"menu-item-5465\" class=\"menu-item menu-item-type-custom menu-item-object-custom menu-item-5465\"><a href=\"\/lt#offers\">Pasi\u016blymai<\/a><\/li>\n<li id=\"menu-item-5466\" class=\"desktop menu-item menu-item-type-custom menu-item-object-custom menu-item-5466\"><a href=\"\/lt#lobbyrestoranas\">Restoranas<\/a><\/li>\n<li id=\"menu-item-5467\" class=\"desktop menu-item menu-item-type-custom menu-item-object-custom menu-item-5467\"><a href=\"\/lt#roofterrace\">Stogo terasa<\/a><\/li>\n<li id=\"menu-item-5468\" class=\"desktop menu-item menu-item-type-custom menu-item-object-custom menu-item-5468\"><a href=\"\/lt#cinemalounge\">Kino teatras<\/a><\/li>\n<li id=\"menu-item-5766\" class=\"mobile menu-item menu-item-type-custom menu-item-object-custom menu-item-5766\"><a href=\"https:\/\/bohemehouse.lt\/lt#lobbyrestmob\">Restoranas<\/a><\/li>\n<li id=\"menu-item-5767\" class=\"mobile menu-item menu-item-type-custom menu-item-object-custom menu-item-5767\"><a href=\"https:\/\/bohemehouse.lt\/lt#roofterracemob\">Stogo terasa<\/a><\/li>\n<li id=\"menu-item-5768\" class=\"mobile menu-item menu-item-type-custom menu-item-object-custom menu-item-5768\"><a href=\"https:\/\/bohemehouse.lt\/lt#cinemaloungemob\">Kino teatras<\/a><\/li>\n<li id=\"menu-item-5469\" class=\"menu-item menu-item-type-post_type menu-item-object-page menu-item-5469\"><a href=\"https:\/\/bohemehouse.lt\/lt\/apie\/\">Apie<\/a><\/li>\n<li id=\"menu-item-5470\" class=\"menu-item menu-item-type-post_type menu-item-object-page menu-item-5470\"><a href=\"https:\/\/bohemehouse.lt\/lt\/kontaktai\/\">Kontaktai<\/a><\/li>\n<li id=\"menu-item-5471\" class=\"menu-item menu-item-type-post_type menu-item-object-page menu-item-5471\"><a href=\"https:\/\/bohemehouse.lt\/lt\/bendrosios-taisykles\/\">Bendrosios taisykl\u0117s<\/a><\/li>\n<li id=\"menu-item-5716\" class=\"menu-item menu-item-type-post_type menu-item-object-page menu-item-5716\"><a href=\"https:\/\/bohemehouse.lt\/lt\/privacy-policy\/\">Privatumo politika<\/a><\/li>\n<li id=\"menu-item-5472\" class=\"menu-item menu-item-type-post_type menu-item-object-page menu-item-5472\"><a href=\"https:\/\/bohemehouse.lt\/lt\/duk\/\">DUK<\/a><\/li>\n<\/ul><style>.desktop > li > a{font-size:12px;letter-spacing:0.1em;text-transform:uppercase;}.desktop li + li{margin-left:30px;}.desktop > li > a,.desktop ul > li > a{color:rgb(204, 205, 206);}<\/style>\n<ul id=\"desktop\" class=\"lqd-custom-menu reset-ul inline-nav  desktop\"><li class=\"menu-item menu-item-type-custom menu-item-object-custom menu-item-5464\"><a href=\"\/lt#apartments\">Apartamentai<\/a><\/li>\n<li class=\"menu-item menu-item-type-custom menu-item-object-custom menu-item-5465\"><a href=\"\/lt#offers\">Pasi\u016blymai<\/a><\/li>\n<li class=\"desktop menu-item menu-item-type-custom menu-item-object-custom menu-item-5466\"><a href=\"\/lt#lobbyrestoranas\">Restoranas<\/a><\/li>\n<li class=\"desktop menu-item menu-item-type-custom menu-item-object-custom menu-item-5467\"><a href=\"\/lt#roofterrace\">Stogo terasa<\/a><\/li>\n<li class=\"desktop menu-item menu-item-type-custom menu-item-object-custom menu-item-5468\"><a href=\"\/lt#cinemalounge\">Kino teatras<\/a><\/li>\n<li class=\"mobile menu-item menu-item-type-custom menu-item-object-custom menu-item-5766\"><a href=\"https:\/\/bohemehouse.lt\/lt#lobbyrestmob\">Restoranas<\/a><\/li>\n<li class=\"mobile menu-item menu-item-type-custom menu-item-object-custom menu-item-5767\"><a href=\"https:\/\/bohemehouse.lt\/lt#roofterracemob\">Stogo terasa<\/a><\/li>\n<li class=\"mobile menu-item menu-item-type-custom menu-item-object-custom menu-item-5768\"><a href=\"https:\/\/bohemehouse.lt\/lt#cinemaloungemob\">Kino teatras<\/a><\/li>\n<li class=\"menu-item menu-item-type-post_type menu-item-object-page menu-item-5469\"><a href=\"https:\/\/bohemehouse.lt\/lt\/apie\/\">Apie<\/a><\/li>\n<li class=\"menu-item menu-item-type-post_type menu-item-object-page menu-item-5470\"><a href=\"https:\/\/bohemehouse.lt\/lt\/kontaktai\/\">Kontaktai<\/a><\/li>\n<li class=\"menu-item menu-item-type-post_type menu-item-object-page menu-item-5471\"><a href=\"https:\/\/bohemehouse.lt\/lt\/bendrosios-taisykles\/\">Bendrosios taisykl\u0117s<\/a><\/li>\n<li class=\"menu-item menu-item-type-post_type menu-item-object-page menu-item-5716\"><a href=\"https:\/\/bohemehouse.lt\/lt\/privacy-policy\/\">Privatumo politika<\/a><\/li>\n<li class=\"menu-item menu-item-type-post_type menu-item-object-page menu-item-5472\"><a href=\"https:\/\/bohemehouse.lt\/lt\/duk\/\">DUK<\/a><\/li>\n<\/ul><style>.ld_spacer_69d7e87a16828{height:25px;}<\/style>\n<div class=\"ld-empty-space ld_spacer_69d7e87a16828\"><span class=\"liquid_empty_space_inner\"><\/span><\/div>[\/vc_column][vc_column align=&#8221;text-center&#8221; offset=&#8221;vc_col-md-offset-3 vc_col-md-6&#8243;]<style>.ld_social_icons_69d7e87a1698e.social-icon li a{color:#CCCDCE;}.ld_social_icons_69d7e87a1698e.social-icon li a:hover{color:#ffffff;}<\/style><ul class=\"social-icon social-icon-md ld_social_icons_69d7e87a1698e\" id=ld_social_icons_69d7e87a1698e>\n<li><a href=\"https:\/\/www.facebook.com\/bohemehouse\/\" target=\"_blank\" rel=\"nofollow\"><i class=\"fa fa-facebook\"><\/i><\/a><\/li><li><a href=\"https:\/\/www.instagram.com\/bohemehouse\/\" target=\"_blank\" rel=\"nofollow\"><i class=\"fa fa-instagram\"><\/i><\/a><\/li><li><a href=\"http:\/\/www.pinterest.com\/thearchitectlt\" target=\"_blank\" rel=\"nofollow\"><i class=\"fa fa-pinterest\"><\/i><\/a><\/li><\/ul>[\/vc_column][\/vc_row]<\/p>\n<\/div>","protected":false},"excerpt":{"rendered":"<p>[vc_row el_class=&#8221;desktop&#8221;][vc_column][vc_empty_space height=&#8221;230px&#8221;][\/vc_column][\/vc_row][vc_row el_class=&#8221;mobile&#8221;][vc_column][vc_empty_space height=&#8221;100px&#8221;][\/vc_column][\/vc_row][vc_row][vc_column width=&#8221;1\/2&#8243; align=&#8221;text-center&#8221;][vc_column_text] POETO APARTAMENTAI N\u014d7 18 KVM APARTAMENTAI 3 AUK\u0160TAS&#8230;<\/p>\n","protected":false},"author":1,"featured_media":0,"parent":0,"menu_order":0,"comment_status":"closed","ping_status":"closed","template":"","meta":{"footnotes":""},"class_list":["post-5443","page","type-page","status-publish","hentry"],"yoast_head":"<!-- This site is optimized with the Yoast SEO plugin v27.1.1 - https:\/\/yoast.com\/product\/yoast-seo-wordpress\/ -->\n<title>B\u014dHEME HOUSE | N\u014d7 Poet Apartment<\/title>\n<meta name=\"description\" content=\"Unique and wide panoramic views, bright and comfortable interior and library filled with limited edition &#039;one poem&#039; books for inspiring stay.\" \/>\n<meta name=\"robots\" content=\"index, follow, max-snippet:-1, max-image-preview:large, max-video-preview:-1\" \/>\n<link rel=\"canonical\" href=\"https:\/\/bohemehouse.lt\/lt\/poeto-apartamentai-no7\/\" \/>\n<meta property=\"og:locale\" content=\"lt_LT\" \/>\n<meta property=\"og:type\" content=\"article\" \/>\n<meta property=\"og:title\" content=\"B\u014dHEME HOUSE | N\u014d7 Poet Apartment\" \/>\n<meta property=\"og:description\" content=\"Unique and wide panoramic views, bright and comfortable interior and library filled with limited edition &#039;one poem&#039; books for inspiring stay.\" \/>\n<meta property=\"og:url\" content=\"https:\/\/bohemehouse.lt\/lt\/poeto-apartamentai-no7\/\" \/>\n<meta property=\"og:site_name\" content=\"B\u014dHEME HOUSE\" \/>\n<meta property=\"article:modified_time\" content=\"2025-09-11T07:26:43+00:00\" \/>\n<meta name=\"twitter:card\" content=\"summary_large_image\" \/>\n<meta name=\"twitter:label1\" content=\"Est. reading time\" \/>\n\t<meta name=\"twitter:data1\" content=\"1 minut\u0117\" \/>\n<script type=\"application\/ld+json\" class=\"yoast-schema-graph\">{\"@context\":\"https:\/\/schema.org\",\"@graph\":[{\"@type\":\"WebPage\",\"@id\":\"https:\/\/bohemehouse.lt\/lt\/poeto-apartamentai-no7\/\",\"url\":\"https:\/\/bohemehouse.lt\/lt\/poeto-apartamentai-no7\/\",\"name\":\"B\u014dHEME HOUSE | N\u014d7 Poet Apartment\",\"isPartOf\":{\"@id\":\"https:\/\/bohemehouse.lt\/#website\"},\"datePublished\":\"2021-07-01T17:50:20+00:00\",\"dateModified\":\"2025-09-11T07:26:43+00:00\",\"description\":\"Unique and wide panoramic views, bright and comfortable interior and library filled with limited edition 'one poem' books for inspiring stay.\",\"breadcrumb\":{\"@id\":\"https:\/\/bohemehouse.lt\/lt\/poeto-apartamentai-no7\/#breadcrumb\"},\"inLanguage\":\"lt-LT\",\"potentialAction\":[{\"@type\":\"ReadAction\",\"target\":[\"https:\/\/bohemehouse.lt\/lt\/poeto-apartamentai-no7\/\"]}]},{\"@type\":\"BreadcrumbList\",\"@id\":\"https:\/\/bohemehouse.lt\/lt\/poeto-apartamentai-no7\/#breadcrumb\",\"itemListElement\":[{\"@type\":\"ListItem\",\"position\":1,\"name\":\"Home\",\"item\":\"https:\/\/bohemehouse.lt\/lt\/\"},{\"@type\":\"ListItem\",\"position\":2,\"name\":\"Poeto apartamentai n\u014d7\"}]},{\"@type\":\"WebSite\",\"@id\":\"https:\/\/bohemehouse.lt\/#website\",\"url\":\"https:\/\/bohemehouse.lt\/\",\"name\":\"B\u014dHEME HOUSE\",\"description\":\"Boutique Hotel in Kaunas Old Town\",\"potentialAction\":[{\"@type\":\"SearchAction\",\"target\":{\"@type\":\"EntryPoint\",\"urlTemplate\":\"https:\/\/bohemehouse.lt\/?s={search_term_string}\"},\"query-input\":{\"@type\":\"PropertyValueSpecification\",\"valueRequired\":true,\"valueName\":\"search_term_string\"}}],\"inLanguage\":\"lt-LT\"}]}<\/script>\n<!-- \/ Yoast SEO plugin. -->","yoast_head_json":{"title":"B\u014dHEME HOUSE | N\u014d7 Poet Apartment","description":"Unique and wide panoramic views, bright and comfortable interior and library filled with limited edition 'one poem' books for inspiring stay.","robots":{"index":"index","follow":"follow","max-snippet":"max-snippet:-1","max-image-preview":"max-image-preview:large","max-video-preview":"max-video-preview:-1"},"canonical":"https:\/\/bohemehouse.lt\/lt\/poeto-apartamentai-no7\/","og_locale":"lt_LT","og_type":"article","og_title":"B\u014dHEME HOUSE | N\u014d7 Poet Apartment","og_description":"Unique and wide panoramic views, bright and comfortable interior and library filled with limited edition 'one poem' books for inspiring stay.","og_url":"https:\/\/bohemehouse.lt\/lt\/poeto-apartamentai-no7\/","og_site_name":"B\u014dHEME HOUSE","article_modified_time":"2025-09-11T07:26:43+00:00","twitter_card":"summary_large_image","twitter_misc":{"Est. reading time":"1 minut\u0117"},"schema":{"@context":"https:\/\/schema.org","@graph":[{"@type":"WebPage","@id":"https:\/\/bohemehouse.lt\/lt\/poeto-apartamentai-no7\/","url":"https:\/\/bohemehouse.lt\/lt\/poeto-apartamentai-no7\/","name":"B\u014dHEME HOUSE | N\u014d7 Poet Apartment","isPartOf":{"@id":"https:\/\/bohemehouse.lt\/#website"},"datePublished":"2021-07-01T17:50:20+00:00","dateModified":"2025-09-11T07:26:43+00:00","description":"Unique and wide panoramic views, bright and comfortable interior and library filled with limited edition 'one poem' books for inspiring stay.","breadcrumb":{"@id":"https:\/\/bohemehouse.lt\/lt\/poeto-apartamentai-no7\/#breadcrumb"},"inLanguage":"lt-LT","potentialAction":[{"@type":"ReadAction","target":["https:\/\/bohemehouse.lt\/lt\/poeto-apartamentai-no7\/"]}]},{"@type":"BreadcrumbList","@id":"https:\/\/bohemehouse.lt\/lt\/poeto-apartamentai-no7\/#breadcrumb","itemListElement":[{"@type":"ListItem","position":1,"name":"Home","item":"https:\/\/bohemehouse.lt\/lt\/"},{"@type":"ListItem","position":2,"name":"Poeto apartamentai n\u014d7"}]},{"@type":"WebSite","@id":"https:\/\/bohemehouse.lt\/#website","url":"https:\/\/bohemehouse.lt\/","name":"B\u014dHEME HOUSE","description":"Boutique Hotel in Kaunas Old Town","potentialAction":[{"@type":"SearchAction","target":{"@type":"EntryPoint","urlTemplate":"https:\/\/bohemehouse.lt\/?s={search_term_string}"},"query-input":{"@type":"PropertyValueSpecification","valueRequired":true,"valueName":"search_term_string"}}],"inLanguage":"lt-LT"}]}},"_links":{"self":[{"href":"https:\/\/bohemehouse.lt\/lt\/wp-json\/wp\/v2\/pages\/5443","targetHints":{"allow":["GET"]}}],"collection":[{"href":"https:\/\/bohemehouse.lt\/lt\/wp-json\/wp\/v2\/pages"}],"about":[{"href":"https:\/\/bohemehouse.lt\/lt\/wp-json\/wp\/v2\/types\/page"}],"author":[{"embeddable":true,"href":"https:\/\/bohemehouse.lt\/lt\/wp-json\/wp\/v2\/users\/1"}],"replies":[{"embeddable":true,"href":"https:\/\/bohemehouse.lt\/lt\/wp-json\/wp\/v2\/comments?post=5443"}],"version-history":[{"count":4,"href":"https:\/\/bohemehouse.lt\/lt\/wp-json\/wp\/v2\/pages\/5443\/revisions"}],"predecessor-version":[{"id":7645,"href":"https:\/\/bohemehouse.lt\/lt\/wp-json\/wp\/v2\/pages\/5443\/revisions\/7645"}],"wp:attachment":[{"href":"https:\/\/bohemehouse.lt\/lt\/wp-json\/wp\/v2\/media?parent=5443"}],"curies":[{"name":"wp","href":"https:\/\/api.w.org\/{rel}","templated":true}]}}