{"id":5445,"date":"2021-07-01T18:49:07","date_gmt":"2021-07-01T17:49:07","guid":{"rendered":"https:\/\/bohemehouse.lt\/scenography-apartment-no2\/"},"modified":"2025-09-11T08:27:10","modified_gmt":"2025-09-11T07:27:10","slug":"scenografo-apartamentai-no2","status":"publish","type":"page","link":"https:\/\/bohemehouse.lt\/lt\/scenografo-apartamentai-no2\/","title":{"rendered":"Scenografo apartamentai n\u014d2"},"content":{"rendered":"<div class=\"wpb-content-wrapper\"><p>[vc_row el_class=&#8221;desktop&#8221;][vc_column][vc_empty_space height=&#8221;230px&#8221;][\/vc_column][\/vc_row][vc_row el_class=&#8221;mobile&#8221;][vc_column][vc_empty_space height=&#8221;100px&#8221;][\/vc_column][\/vc_row][vc_row][vc_column width=&#8221;1\/2&#8243; align=&#8221;text-center&#8221;][vc_column_text]<\/p>\n<p style=\"text-align: center;\"><strong>SCENOGRAFO APARTAMENTAI N\u014d2<\/strong><\/p>\n<p style=\"text-align: center;\">18 KVM APARTAMENTAI<br \/>\n2 AUK\u0160TAS<br \/>\nMEDITACIN\u0116 POILSIO ZONA<br \/>\nMATCHA ARBATOS RINKINYS<br \/>\nTV<\/p>\n<p>[\/vc_column_text]<div class=\"header-module\">\n\t<style>.ld_button_69de323c5930e.btn-icon-solid .btn-icon{background:rgb(0, 0, 0);}.ld_button_69de323c5930e.btn-icon-circle.btn-icon-ripple .btn-icon:before{border-color:rgb(0, 0, 0);}.ld_button_69de323c5930e.btn-icon-solid:hover .btn-icon{background:rgb(42, 42, 42);}.ld_button_69de323c5930e{background-color:rgb(0, 0, 0);border-color:rgb(0, 0, 0);color:rgb(255, 255, 255);font-size:13px !important;font-weight:500 !important;letter-spacing:0.2em !important;}.ld_button_69de323c5930e:hover{background-color:rgb(42, 42, 42);border-color:rgb(42, 42, 42);color:rgb(255, 255, 255);}.ld_button_69de323c5930e .btn-gradient-bg-hover{background:-webkit-linear-gradient(to right, rgb(42, 42, 42) 0%, rgb(42, 42, 42) 100%);background:linear-gradient(to right, rgb(42, 42, 42) 0%, rgb(42, 42, 42) 100%);}.ld_button_69de323c5930e .btn-gradient-border defs stop:first-child{stop-color:rgb(0, 0, 0);}.ld_button_69de323c5930e .btn-gradient-border defs stop:last-child{stop-color:rgb(0, 0, 0);}.ld_button_69de323c5930e:hover .btn-gradient-border defs stop:first-child{stop-color:rgb(42, 42, 42);}.ld_button_69de323c5930e:hover .btn-gradient-border defs stop:last-child{stop-color:rgb(42, 42, 42);}<\/style><a href=\"https:\/\/reservations.bohemehouse.lt\/listings\/60bf5b2c2a6d270031038bd5\" target=\"_blank\" class=\"btn btn-solid text-uppercase btn-bordered border-thin ld_header_button_69de323c58ca6 ld_button_69de323c5930e vc_custom_1627996861363\">\n\t<span>\n\t\t\n\t\t\t\t\t<span class=\"btn-txt\">Rezervuokite<\/span>\n\t\t\t\n\t\t\t\t<\/span>\n<\/a>\n<\/div>[\/vc_column][vc_column width=&#8221;1\/2&#8243;][vc_column_text]Kvie\u010diame \u012f sve\u010dius pas vien\u0105 fenomenaliausi\u0173 tarpukario asmenybi\u0173 &#8211; scenograf\u0105 Liud\u0105 Truik\u012f. Poilsio zona primins tikr\u0173j\u0173 Liudo nam\u0173 svetain\u0119 &#8211; \u010dia nerasite joki\u0173 sof\u0173 ar kr\u0117sl\u0173. Kaip ir ano meto scenografas, kviesime lotoso pozoje pris\u0117sti ant meditacinio kilimo ir paragauti japoni\u0161kos matcha arbatos.<\/p>\n<p>Daugel\u012f tarpukario apartament\u0173 svetaini\u0173 supdavo meno k\u016briniai, ta\u010diau scenografo namuose atsispind\u0117jo jo giliausios simpatijos Ryt\u0173 kult\u016broms &#8211; namus puo\u0161\u0117 japoni\u0161ka tapyba, budistin\u0117s skulpt\u016bros ir indi\u0161kos vazos. Scenografo apartamentuose N\u014d2 ant juod\u0173 postament\u0173 atrasite nuolat kintan\u010dias meninink\u0173 skulpt\u016br\u0173 ekspozicijas. Miegamojo erdv\u0117, kilstel\u0117ta tarsi ant scenos ir pasl\u0117pta u\u017e juod\u0173 teatrini\u0173 u\u017euolaid\u0173, primins \u2018black box\u2019 teatro erdv\u0119 ir pakvies ils\u0117tis ant komforti\u0161ko <a href=\"https:\/\/www.lonas.lt\/1445-ciuzinys-vega-visko.html\" target=\"_blank\" rel=\"noopener\">Lonas<\/a> \u010diu\u017einio.<\/p>\n<p>Ryt\u0105 prad\u0117kite jogos pratimais ir atsipalaiduokite lotoso pozoje kartu su matcha arbatos puodeliu bent trumpam mintimis persikeldami \u012f Rytus.[\/vc_column_text][\/vc_column][\/vc_row][vc_row][vc_column][vc_empty_space height=&#8221;100px&#8221; el_id=&#8221;desktop&#8221; el_class=&#8221;desktop&#8221;][\/vc_column][\/vc_row][vc_row][vc_column][vc_empty_space height=&#8221;30px&#8221; el_id=&#8221;mobile&#8221; el_class=&#8221;mobile&#8221;][\/vc_column][\/vc_row][vc_row full_width=&#8221;stretch_row&#8221; el_id=&#8221;desktopfoogallery&#8221;][vc_column][vc_raw_html]JTVCZm9vZ2FsbGVyeSUyMGlkJTNEJTIyNTkwMiUyMiU1RA==[\/vc_raw_html][\/vc_column][\/vc_row][vc_row full_width=&#8221;stretch_row&#8221; gap=&#8221;0&#8243; el_id=&#8221;mobilecarousel&#8221;][vc_column][vc_gallery type=&#8221;image_grid&#8221; images=&#8221;4882,4881,4883,4884,4885,4886,4887,4888,4889,4890,4891&#8243; img_size=&#8221;full&#8221; onclick=&#8221;&#8221;][\/vc_column][\/vc_row][vc_row full_width=&#8221;stretch_row&#8221; el_id=&#8221;footer&#8221; css=&#8221;.vc_custom_1757505980323{padding-top: 35px !important;padding-bottom: 45px !important;background-color: #3F4041 !important;}&#8221;][vc_column align=&#8221;text-center&#8221;]<style>.mobile > li > a{font-size:12px;letter-spacing:0.1em;text-transform:uppercase;}.mobile > li{margin-bottom:30px;}.mobile > li > a,.mobile ul > li > a{color:rgb(204, 205, 206);}<\/style>\n<ul id=\"mobile\" class=\"lqd-custom-menu reset-ul   mobile\"><li id=\"menu-item-5464\" class=\"menu-item menu-item-type-custom menu-item-object-custom menu-item-5464\"><a href=\"\/lt#apartments\">Apartamentai<\/a><\/li>\n<li id=\"menu-item-5465\" class=\"menu-item menu-item-type-custom menu-item-object-custom menu-item-5465\"><a href=\"\/lt#offers\">Pasi\u016blymai<\/a><\/li>\n<li id=\"menu-item-5466\" class=\"desktop menu-item menu-item-type-custom menu-item-object-custom menu-item-5466\"><a href=\"\/lt#lobbyrestoranas\">Restoranas<\/a><\/li>\n<li id=\"menu-item-5467\" class=\"desktop menu-item menu-item-type-custom menu-item-object-custom menu-item-5467\"><a href=\"\/lt#roofterrace\">Stogo terasa<\/a><\/li>\n<li id=\"menu-item-5468\" class=\"desktop menu-item menu-item-type-custom menu-item-object-custom menu-item-5468\"><a href=\"\/lt#cinemalounge\">Kino teatras<\/a><\/li>\n<li id=\"menu-item-5766\" class=\"mobile menu-item menu-item-type-custom menu-item-object-custom menu-item-5766\"><a href=\"https:\/\/bohemehouse.lt\/lt#lobbyrestmob\">Restoranas<\/a><\/li>\n<li id=\"menu-item-5767\" class=\"mobile menu-item menu-item-type-custom menu-item-object-custom menu-item-5767\"><a href=\"https:\/\/bohemehouse.lt\/lt#roofterracemob\">Stogo terasa<\/a><\/li>\n<li id=\"menu-item-5768\" class=\"mobile menu-item menu-item-type-custom menu-item-object-custom menu-item-5768\"><a href=\"https:\/\/bohemehouse.lt\/lt#cinemaloungemob\">Kino teatras<\/a><\/li>\n<li id=\"menu-item-5469\" class=\"menu-item menu-item-type-post_type menu-item-object-page menu-item-5469\"><a href=\"https:\/\/bohemehouse.lt\/lt\/apie\/\">Apie<\/a><\/li>\n<li id=\"menu-item-5470\" class=\"menu-item menu-item-type-post_type menu-item-object-page menu-item-5470\"><a href=\"https:\/\/bohemehouse.lt\/lt\/kontaktai\/\">Kontaktai<\/a><\/li>\n<li id=\"menu-item-5471\" class=\"menu-item menu-item-type-post_type menu-item-object-page menu-item-5471\"><a href=\"https:\/\/bohemehouse.lt\/lt\/bendrosios-taisykles\/\">Bendrosios taisykl\u0117s<\/a><\/li>\n<li id=\"menu-item-5716\" class=\"menu-item menu-item-type-post_type menu-item-object-page menu-item-5716\"><a href=\"https:\/\/bohemehouse.lt\/lt\/privacy-policy\/\">Privatumo politika<\/a><\/li>\n<li id=\"menu-item-5472\" class=\"menu-item menu-item-type-post_type menu-item-object-page menu-item-5472\"><a href=\"https:\/\/bohemehouse.lt\/lt\/duk\/\">DUK<\/a><\/li>\n<\/ul><style>.desktop > li > a{font-size:12px;letter-spacing:0.1em;text-transform:uppercase;}.desktop li + li{margin-left:30px;}.desktop > li > a,.desktop ul > li > a{color:rgb(204, 205, 206);}<\/style>\n<ul id=\"desktop\" class=\"lqd-custom-menu reset-ul inline-nav  desktop\"><li class=\"menu-item menu-item-type-custom menu-item-object-custom menu-item-5464\"><a href=\"\/lt#apartments\">Apartamentai<\/a><\/li>\n<li class=\"menu-item menu-item-type-custom menu-item-object-custom menu-item-5465\"><a href=\"\/lt#offers\">Pasi\u016blymai<\/a><\/li>\n<li class=\"desktop menu-item menu-item-type-custom menu-item-object-custom menu-item-5466\"><a href=\"\/lt#lobbyrestoranas\">Restoranas<\/a><\/li>\n<li class=\"desktop menu-item menu-item-type-custom menu-item-object-custom menu-item-5467\"><a href=\"\/lt#roofterrace\">Stogo terasa<\/a><\/li>\n<li class=\"desktop menu-item menu-item-type-custom menu-item-object-custom menu-item-5468\"><a href=\"\/lt#cinemalounge\">Kino teatras<\/a><\/li>\n<li class=\"mobile menu-item menu-item-type-custom menu-item-object-custom menu-item-5766\"><a href=\"https:\/\/bohemehouse.lt\/lt#lobbyrestmob\">Restoranas<\/a><\/li>\n<li class=\"mobile menu-item menu-item-type-custom menu-item-object-custom menu-item-5767\"><a href=\"https:\/\/bohemehouse.lt\/lt#roofterracemob\">Stogo terasa<\/a><\/li>\n<li class=\"mobile menu-item menu-item-type-custom menu-item-object-custom menu-item-5768\"><a href=\"https:\/\/bohemehouse.lt\/lt#cinemaloungemob\">Kino teatras<\/a><\/li>\n<li class=\"menu-item menu-item-type-post_type menu-item-object-page menu-item-5469\"><a href=\"https:\/\/bohemehouse.lt\/lt\/apie\/\">Apie<\/a><\/li>\n<li class=\"menu-item menu-item-type-post_type menu-item-object-page menu-item-5470\"><a href=\"https:\/\/bohemehouse.lt\/lt\/kontaktai\/\">Kontaktai<\/a><\/li>\n<li class=\"menu-item menu-item-type-post_type menu-item-object-page menu-item-5471\"><a href=\"https:\/\/bohemehouse.lt\/lt\/bendrosios-taisykles\/\">Bendrosios taisykl\u0117s<\/a><\/li>\n<li class=\"menu-item menu-item-type-post_type menu-item-object-page menu-item-5716\"><a href=\"https:\/\/bohemehouse.lt\/lt\/privacy-policy\/\">Privatumo politika<\/a><\/li>\n<li class=\"menu-item menu-item-type-post_type menu-item-object-page menu-item-5472\"><a href=\"https:\/\/bohemehouse.lt\/lt\/duk\/\">DUK<\/a><\/li>\n<\/ul><style>.ld_spacer_69de323c60514{height:25px;}<\/style>\n<div class=\"ld-empty-space ld_spacer_69de323c60514\"><span class=\"liquid_empty_space_inner\"><\/span><\/div>[\/vc_column][vc_column align=&#8221;text-center&#8221; offset=&#8221;vc_col-md-offset-3 vc_col-md-6&#8243;]<style>.ld_social_icons_69de323c6069d.social-icon li a{color:#CCCDCE;}.ld_social_icons_69de323c6069d.social-icon li a:hover{color:#ffffff;}<\/style><ul class=\"social-icon social-icon-md ld_social_icons_69de323c6069d\" id=ld_social_icons_69de323c6069d>\n<li><a href=\"https:\/\/www.facebook.com\/bohemehouse\/\" target=\"_blank\" rel=\"nofollow\"><i class=\"fa fa-facebook\"><\/i><\/a><\/li><li><a href=\"https:\/\/www.instagram.com\/bohemehouse\/\" target=\"_blank\" rel=\"nofollow\"><i class=\"fa fa-instagram\"><\/i><\/a><\/li><li><a href=\"http:\/\/www.pinterest.com\/thearchitectlt\" target=\"_blank\" rel=\"nofollow\"><i class=\"fa fa-pinterest\"><\/i><\/a><\/li><\/ul>[\/vc_column][\/vc_row]<\/p>\n<\/div>","protected":false},"excerpt":{"rendered":"<p>[vc_row el_class=&#8221;desktop&#8221;][vc_column][vc_empty_space height=&#8221;230px&#8221;][\/vc_column][\/vc_row][vc_row el_class=&#8221;mobile&#8221;][vc_column][vc_empty_space height=&#8221;100px&#8221;][\/vc_column][\/vc_row][vc_row][vc_column width=&#8221;1\/2&#8243; align=&#8221;text-center&#8221;][vc_column_text] SCENOGRAFO APARTAMENTAI N\u014d2 18 KVM APARTAMENTAI 2 AUK\u0160TAS&#8230;<\/p>\n","protected":false},"author":1,"featured_media":0,"parent":0,"menu_order":0,"comment_status":"closed","ping_status":"closed","template":"","meta":{"footnotes":""},"class_list":["post-5445","page","type-page","status-publish","hentry"],"yoast_head":"<!-- This site is optimized with the Yoast SEO plugin v27.1.1 - https:\/\/yoast.com\/product\/yoast-seo-wordpress\/ -->\n<title>B\u014dHEME HOUSE | N\u014d2 Scenographer Apartment<\/title>\n<meta name=\"description\" content=\"Welcome to the Scenographer Apartment N\u014d2, inspired by one of the most phenomenal interwar artists and Oriental culture. Unique place with no common sofas or chairs, area for meditation and matcha teatime.\" \/>\n<meta name=\"robots\" content=\"index, follow, max-snippet:-1, max-image-preview:large, max-video-preview:-1\" \/>\n<link rel=\"canonical\" href=\"https:\/\/bohemehouse.lt\/lt\/scenografo-apartamentai-no2\/\" \/>\n<meta property=\"og:locale\" content=\"lt_LT\" \/>\n<meta property=\"og:type\" content=\"article\" \/>\n<meta property=\"og:title\" content=\"B\u014dHEME HOUSE | N\u014d2 Scenographer Apartment\" \/>\n<meta property=\"og:description\" content=\"Welcome to the Scenographer Apartment N\u014d2, inspired by one of the most phenomenal interwar artists and Oriental culture. Unique place with no common sofas or chairs, area for meditation and matcha teatime.\" \/>\n<meta property=\"og:url\" content=\"https:\/\/bohemehouse.lt\/lt\/scenografo-apartamentai-no2\/\" \/>\n<meta property=\"og:site_name\" content=\"B\u014dHEME HOUSE\" \/>\n<meta property=\"article:modified_time\" content=\"2025-09-11T07:27:10+00:00\" \/>\n<meta name=\"twitter:card\" content=\"summary_large_image\" \/>\n<meta name=\"twitter:label1\" content=\"Est. reading time\" \/>\n\t<meta name=\"twitter:data1\" content=\"2 minut\u0117s\" \/>\n<script type=\"application\/ld+json\" class=\"yoast-schema-graph\">{\"@context\":\"https:\/\/schema.org\",\"@graph\":[{\"@type\":\"WebPage\",\"@id\":\"https:\/\/bohemehouse.lt\/lt\/scenografo-apartamentai-no2\/\",\"url\":\"https:\/\/bohemehouse.lt\/lt\/scenografo-apartamentai-no2\/\",\"name\":\"B\u014dHEME HOUSE | N\u014d2 Scenographer Apartment\",\"isPartOf\":{\"@id\":\"https:\/\/bohemehouse.lt\/#website\"},\"datePublished\":\"2021-07-01T17:49:07+00:00\",\"dateModified\":\"2025-09-11T07:27:10+00:00\",\"description\":\"Welcome to the Scenographer Apartment N\u014d2, inspired by one of the most phenomenal interwar artists and Oriental culture. Unique place with no common sofas or chairs, area for meditation and matcha teatime.\",\"breadcrumb\":{\"@id\":\"https:\/\/bohemehouse.lt\/lt\/scenografo-apartamentai-no2\/#breadcrumb\"},\"inLanguage\":\"lt-LT\",\"potentialAction\":[{\"@type\":\"ReadAction\",\"target\":[\"https:\/\/bohemehouse.lt\/lt\/scenografo-apartamentai-no2\/\"]}]},{\"@type\":\"BreadcrumbList\",\"@id\":\"https:\/\/bohemehouse.lt\/lt\/scenografo-apartamentai-no2\/#breadcrumb\",\"itemListElement\":[{\"@type\":\"ListItem\",\"position\":1,\"name\":\"Home\",\"item\":\"https:\/\/bohemehouse.lt\/lt\/\"},{\"@type\":\"ListItem\",\"position\":2,\"name\":\"Scenografo apartamentai n\u014d2\"}]},{\"@type\":\"WebSite\",\"@id\":\"https:\/\/bohemehouse.lt\/#website\",\"url\":\"https:\/\/bohemehouse.lt\/\",\"name\":\"B\u014dHEME HOUSE\",\"description\":\"Boutique Hotel in Kaunas Old Town\",\"potentialAction\":[{\"@type\":\"SearchAction\",\"target\":{\"@type\":\"EntryPoint\",\"urlTemplate\":\"https:\/\/bohemehouse.lt\/?s={search_term_string}\"},\"query-input\":{\"@type\":\"PropertyValueSpecification\",\"valueRequired\":true,\"valueName\":\"search_term_string\"}}],\"inLanguage\":\"lt-LT\"}]}<\/script>\n<!-- \/ Yoast SEO plugin. -->","yoast_head_json":{"title":"B\u014dHEME HOUSE | N\u014d2 Scenographer Apartment","description":"Welcome to the Scenographer Apartment N\u014d2, inspired by one of the most phenomenal interwar artists and Oriental culture. Unique place with no common sofas or chairs, area for meditation and matcha teatime.","robots":{"index":"index","follow":"follow","max-snippet":"max-snippet:-1","max-image-preview":"max-image-preview:large","max-video-preview":"max-video-preview:-1"},"canonical":"https:\/\/bohemehouse.lt\/lt\/scenografo-apartamentai-no2\/","og_locale":"lt_LT","og_type":"article","og_title":"B\u014dHEME HOUSE | N\u014d2 Scenographer Apartment","og_description":"Welcome to the Scenographer Apartment N\u014d2, inspired by one of the most phenomenal interwar artists and Oriental culture. Unique place with no common sofas or chairs, area for meditation and matcha teatime.","og_url":"https:\/\/bohemehouse.lt\/lt\/scenografo-apartamentai-no2\/","og_site_name":"B\u014dHEME HOUSE","article_modified_time":"2025-09-11T07:27:10+00:00","twitter_card":"summary_large_image","twitter_misc":{"Est. reading time":"2 minut\u0117s"},"schema":{"@context":"https:\/\/schema.org","@graph":[{"@type":"WebPage","@id":"https:\/\/bohemehouse.lt\/lt\/scenografo-apartamentai-no2\/","url":"https:\/\/bohemehouse.lt\/lt\/scenografo-apartamentai-no2\/","name":"B\u014dHEME HOUSE | N\u014d2 Scenographer Apartment","isPartOf":{"@id":"https:\/\/bohemehouse.lt\/#website"},"datePublished":"2021-07-01T17:49:07+00:00","dateModified":"2025-09-11T07:27:10+00:00","description":"Welcome to the Scenographer Apartment N\u014d2, inspired by one of the most phenomenal interwar artists and Oriental culture. Unique place with no common sofas or chairs, area for meditation and matcha teatime.","breadcrumb":{"@id":"https:\/\/bohemehouse.lt\/lt\/scenografo-apartamentai-no2\/#breadcrumb"},"inLanguage":"lt-LT","potentialAction":[{"@type":"ReadAction","target":["https:\/\/bohemehouse.lt\/lt\/scenografo-apartamentai-no2\/"]}]},{"@type":"BreadcrumbList","@id":"https:\/\/bohemehouse.lt\/lt\/scenografo-apartamentai-no2\/#breadcrumb","itemListElement":[{"@type":"ListItem","position":1,"name":"Home","item":"https:\/\/bohemehouse.lt\/lt\/"},{"@type":"ListItem","position":2,"name":"Scenografo apartamentai n\u014d2"}]},{"@type":"WebSite","@id":"https:\/\/bohemehouse.lt\/#website","url":"https:\/\/bohemehouse.lt\/","name":"B\u014dHEME HOUSE","description":"Boutique Hotel in Kaunas Old Town","potentialAction":[{"@type":"SearchAction","target":{"@type":"EntryPoint","urlTemplate":"https:\/\/bohemehouse.lt\/?s={search_term_string}"},"query-input":{"@type":"PropertyValueSpecification","valueRequired":true,"valueName":"search_term_string"}}],"inLanguage":"lt-LT"}]}},"_links":{"self":[{"href":"https:\/\/bohemehouse.lt\/lt\/wp-json\/wp\/v2\/pages\/5445","targetHints":{"allow":["GET"]}}],"collection":[{"href":"https:\/\/bohemehouse.lt\/lt\/wp-json\/wp\/v2\/pages"}],"about":[{"href":"https:\/\/bohemehouse.lt\/lt\/wp-json\/wp\/v2\/types\/page"}],"author":[{"embeddable":true,"href":"https:\/\/bohemehouse.lt\/lt\/wp-json\/wp\/v2\/users\/1"}],"replies":[{"embeddable":true,"href":"https:\/\/bohemehouse.lt\/lt\/wp-json\/wp\/v2\/comments?post=5445"}],"version-history":[{"count":4,"href":"https:\/\/bohemehouse.lt\/lt\/wp-json\/wp\/v2\/pages\/5445\/revisions"}],"predecessor-version":[{"id":7651,"href":"https:\/\/bohemehouse.lt\/lt\/wp-json\/wp\/v2\/pages\/5445\/revisions\/7651"}],"wp:attachment":[{"href":"https:\/\/bohemehouse.lt\/lt\/wp-json\/wp\/v2\/media?parent=5445"}],"curies":[{"name":"wp","href":"https:\/\/api.w.org\/{rel}","templated":true}]}}