{"id":5447,"date":"2021-07-01T18:50:40","date_gmt":"2021-07-01T17:50:40","guid":{"rendered":"https:\/\/bohemehouse.lt\/soloist-apartment-no8\/"},"modified":"2025-09-11T08:27:20","modified_gmt":"2025-09-11T07:27:20","slug":"solisto-apartamentai-no8","status":"publish","type":"page","link":"https:\/\/bohemehouse.lt\/lt\/solisto-apartamentai-no8\/","title":{"rendered":"Solisto apartamentai n\u014d8"},"content":{"rendered":"<div class=\"wpb-content-wrapper\"><p>[vc_row el_class=&#8221;desktop&#8221;][vc_column][vc_empty_space height=&#8221;230px&#8221;][\/vc_column][\/vc_row][vc_row el_class=&#8221;mobile&#8221;][vc_column][vc_empty_space height=&#8221;100px&#8221;][\/vc_column][\/vc_row][vc_row][vc_column width=&#8221;1\/2&#8243; align=&#8221;text-center&#8221;][vc_column_text]<\/p>\n<p style=\"text-align: center;\"><strong>SOLISTO APARTAMENTAI N\u014d8<\/strong><\/p>\n<p style=\"text-align: center;\">50 KVM APARTAMENTAI<br \/>\n3 AUK\u0160TAS<br \/>\nUNIKAL\u016aS VAIZDAI \u012e ROTU\u0160\u0116S BOK\u0160TUS<br \/>\nSVETAIN\u0116 IR VIRTUV\u0116<br \/>\nFORTEPIJONAS<br \/>\nVONIA<br \/>\nTV<\/p>\n<p>[\/vc_column_text]<div class=\"header-module\">\n\t<style>.ld_button_69de311630aa2.btn-icon-solid .btn-icon{background:rgb(0, 0, 0);}.ld_button_69de311630aa2.btn-icon-circle.btn-icon-ripple .btn-icon:before{border-color:rgb(0, 0, 0);}.ld_button_69de311630aa2.btn-icon-solid:hover .btn-icon{background:rgb(42, 42, 42);}.ld_button_69de311630aa2{background-color:rgb(0, 0, 0);border-color:rgb(0, 0, 0);color:rgb(255, 255, 255);font-size:13px !important;font-weight:500 !important;letter-spacing:0.2em !important;}.ld_button_69de311630aa2:hover{background-color:rgb(42, 42, 42);border-color:rgb(42, 42, 42);color:rgb(255, 255, 255);}.ld_button_69de311630aa2 .btn-gradient-bg-hover{background:-webkit-linear-gradient(to right, rgb(42, 42, 42) 0%, rgb(42, 42, 42) 100%);background:linear-gradient(to right, rgb(42, 42, 42) 0%, rgb(42, 42, 42) 100%);}.ld_button_69de311630aa2 .btn-gradient-border defs stop:first-child{stop-color:rgb(0, 0, 0);}.ld_button_69de311630aa2 .btn-gradient-border defs stop:last-child{stop-color:rgb(0, 0, 0);}.ld_button_69de311630aa2:hover .btn-gradient-border defs stop:first-child{stop-color:rgb(42, 42, 42);}.ld_button_69de311630aa2:hover .btn-gradient-border defs stop:last-child{stop-color:rgb(42, 42, 42);}<\/style><a href=\"https:\/\/reservations.bohemehouse.lt\/listings\/60bf5b2f2a6d270031038d06\" target=\"_blank\" class=\"btn btn-solid text-uppercase btn-bordered border-thin ld_header_button_69de311630670 ld_button_69de311630aa2 vc_custom_1627996909560\">\n\t<span>\n\t\t\n\t\t\t\t\t<span class=\"btn-txt\">Rezervuokite<\/span>\n\t\t\t\n\t\t\t\t<\/span>\n<\/a>\n<\/div>[\/vc_column][vc_column width=&#8221;1\/2&#8243;][vc_column_text]\u012e\u017eeng\u0119 pro apartament\u0173 duris, b\u016bsite paker\u0117ti nuostabi\u0173 senamies\u010dio panoramini\u0173 vaizd\u0173 bei nuosaikiai eklekti\u0161ko interjero. Spindin\u010dios operos solisto Kipro Petrausko asmenyb\u0117s gyvenim\u0105 apartamentuose perteik\u0117me gausiais \u017ealvariniais motyvais.<\/p>\n<p>Fenomenali bohemi\u0161ka asmenyb\u0117 gars\u0117jo ir savo puikiu stotu bei vardiniu muilu. Tarpukarin\u0117s reklamos skelb\u0117 nebl\u0117stant\u012f gro\u017e\u012f maudantis kartu su \u0161iuo muilu &#8211; i\u0161bandykite ir J\u016bs apartament\u0173 miegamajame \u012frengtame magi\u0161kame vonios ritual\u0173 kampelyje.<\/p>\n<p>Jauki svetain\u0117 primins apie Petrausk\u0173 \u0161eimos svetingum\u0105 ir kvies pasijusti tarsi tuometiniuose elitiniams salon\u0173 susib\u016brimuose, skambant autenti\u0161kiems Grotrian Steinweg klavi\u0161iniams. \u2018<a href=\"https:\/\/www.youtube.com\/watch?v=3kC5pn6AeyQ\" target=\"_blank\" rel=\"noopener\">Traviatos<\/a>\u2019 melodija pasakos istorij\u0105, apie \u0161imtmet\u012f gyvavusi\u0105 Nauj\u0173j\u0173 met\u0173 tradicij\u0105. 1920\u2018\u0173j\u0173 premjeroje Traviatos oper\u0105 dainav\u0119s Kipras Petrauskas kartu su Adele Galauniene suk\u016br\u0117 Naujametin\u0119 Traviatos tradicij\u0105, gyvavusi\u0105 tiek Kaune iki 2014 m., tiek Vilniuje iki pat 2018 m.[\/vc_column_text][\/vc_column][\/vc_row][vc_row][vc_column][vc_empty_space height=&#8221;100px&#8221; el_id=&#8221;desktop&#8221; el_class=&#8221;desktop&#8221;][\/vc_column][\/vc_row][vc_row][vc_column][vc_empty_space height=&#8221;30px&#8221; el_id=&#8221;mobile&#8221; el_class=&#8221;mobile&#8221;][\/vc_column][\/vc_row][vc_row full_width=&#8221;stretch_row&#8221; el_id=&#8221;desktopfoogallery&#8221;][vc_column][vc_raw_html]JTVCZm9vZ2FsbGVyeSUyMGlkJTNEJTIyNTkyMiUyMiU1RA==[\/vc_raw_html][\/vc_column][\/vc_row][vc_row full_width=&#8221;stretch_row&#8221; gap=&#8221;0&#8243; el_id=&#8221;mobilecarousel&#8221;][vc_column][vc_gallery type=&#8221;image_grid&#8221; images=&#8221;4973,4992,4991,4976,4974,4978,6299,4979,6301,4980,4986,4985,4982,4983,4984,6287,6291,6285,6289,4987,4981,4988,4989,4990,4993&#8243; img_size=&#8221;full&#8221; onclick=&#8221;&#8221;][\/vc_column][\/vc_row][vc_row full_width=&#8221;stretch_row&#8221; el_id=&#8221;footer&#8221; css=&#8221;.vc_custom_1757505980323{padding-top: 35px !important;padding-bottom: 45px !important;background-color: #3F4041 !important;}&#8221;][vc_column align=&#8221;text-center&#8221;]<style>.mobile > li > a{font-size:12px;letter-spacing:0.1em;text-transform:uppercase;}.mobile > li{margin-bottom:30px;}.mobile > li > a,.mobile ul > li > a{color:rgb(204, 205, 206);}<\/style>\n<ul id=\"mobile\" class=\"lqd-custom-menu reset-ul   mobile\"><li id=\"menu-item-5464\" class=\"menu-item menu-item-type-custom menu-item-object-custom menu-item-5464\"><a href=\"\/lt#apartments\">Apartamentai<\/a><\/li>\n<li id=\"menu-item-5465\" class=\"menu-item menu-item-type-custom menu-item-object-custom menu-item-5465\"><a href=\"\/lt#offers\">Pasi\u016blymai<\/a><\/li>\n<li id=\"menu-item-5466\" class=\"desktop menu-item menu-item-type-custom menu-item-object-custom menu-item-5466\"><a href=\"\/lt#lobbyrestoranas\">Restoranas<\/a><\/li>\n<li id=\"menu-item-5467\" class=\"desktop menu-item menu-item-type-custom menu-item-object-custom menu-item-5467\"><a href=\"\/lt#roofterrace\">Stogo terasa<\/a><\/li>\n<li id=\"menu-item-5468\" class=\"desktop menu-item menu-item-type-custom menu-item-object-custom menu-item-5468\"><a href=\"\/lt#cinemalounge\">Kino teatras<\/a><\/li>\n<li id=\"menu-item-5766\" class=\"mobile menu-item menu-item-type-custom menu-item-object-custom menu-item-5766\"><a href=\"https:\/\/bohemehouse.lt\/lt#lobbyrestmob\">Restoranas<\/a><\/li>\n<li id=\"menu-item-5767\" class=\"mobile menu-item menu-item-type-custom menu-item-object-custom menu-item-5767\"><a href=\"https:\/\/bohemehouse.lt\/lt#roofterracemob\">Stogo terasa<\/a><\/li>\n<li id=\"menu-item-5768\" class=\"mobile menu-item menu-item-type-custom menu-item-object-custom menu-item-5768\"><a href=\"https:\/\/bohemehouse.lt\/lt#cinemaloungemob\">Kino teatras<\/a><\/li>\n<li id=\"menu-item-5469\" class=\"menu-item menu-item-type-post_type menu-item-object-page menu-item-5469\"><a href=\"https:\/\/bohemehouse.lt\/lt\/apie\/\">Apie<\/a><\/li>\n<li id=\"menu-item-5470\" class=\"menu-item menu-item-type-post_type menu-item-object-page menu-item-5470\"><a href=\"https:\/\/bohemehouse.lt\/lt\/kontaktai\/\">Kontaktai<\/a><\/li>\n<li id=\"menu-item-5471\" class=\"menu-item menu-item-type-post_type menu-item-object-page menu-item-5471\"><a href=\"https:\/\/bohemehouse.lt\/lt\/bendrosios-taisykles\/\">Bendrosios taisykl\u0117s<\/a><\/li>\n<li id=\"menu-item-5716\" class=\"menu-item menu-item-type-post_type menu-item-object-page menu-item-5716\"><a href=\"https:\/\/bohemehouse.lt\/lt\/privacy-policy\/\">Privatumo politika<\/a><\/li>\n<li id=\"menu-item-5472\" class=\"menu-item menu-item-type-post_type menu-item-object-page menu-item-5472\"><a href=\"https:\/\/bohemehouse.lt\/lt\/duk\/\">DUK<\/a><\/li>\n<\/ul><style>.desktop > li > a{font-size:12px;letter-spacing:0.1em;text-transform:uppercase;}.desktop li + li{margin-left:30px;}.desktop > li > a,.desktop ul > li > a{color:rgb(204, 205, 206);}<\/style>\n<ul id=\"desktop\" class=\"lqd-custom-menu reset-ul inline-nav  desktop\"><li class=\"menu-item menu-item-type-custom menu-item-object-custom menu-item-5464\"><a href=\"\/lt#apartments\">Apartamentai<\/a><\/li>\n<li class=\"menu-item menu-item-type-custom menu-item-object-custom menu-item-5465\"><a href=\"\/lt#offers\">Pasi\u016blymai<\/a><\/li>\n<li class=\"desktop menu-item menu-item-type-custom menu-item-object-custom menu-item-5466\"><a href=\"\/lt#lobbyrestoranas\">Restoranas<\/a><\/li>\n<li class=\"desktop menu-item menu-item-type-custom menu-item-object-custom menu-item-5467\"><a href=\"\/lt#roofterrace\">Stogo terasa<\/a><\/li>\n<li class=\"desktop menu-item menu-item-type-custom menu-item-object-custom menu-item-5468\"><a href=\"\/lt#cinemalounge\">Kino teatras<\/a><\/li>\n<li class=\"mobile menu-item menu-item-type-custom menu-item-object-custom menu-item-5766\"><a href=\"https:\/\/bohemehouse.lt\/lt#lobbyrestmob\">Restoranas<\/a><\/li>\n<li class=\"mobile menu-item menu-item-type-custom menu-item-object-custom menu-item-5767\"><a href=\"https:\/\/bohemehouse.lt\/lt#roofterracemob\">Stogo terasa<\/a><\/li>\n<li class=\"mobile menu-item menu-item-type-custom menu-item-object-custom menu-item-5768\"><a href=\"https:\/\/bohemehouse.lt\/lt#cinemaloungemob\">Kino teatras<\/a><\/li>\n<li class=\"menu-item menu-item-type-post_type menu-item-object-page menu-item-5469\"><a href=\"https:\/\/bohemehouse.lt\/lt\/apie\/\">Apie<\/a><\/li>\n<li class=\"menu-item menu-item-type-post_type menu-item-object-page menu-item-5470\"><a href=\"https:\/\/bohemehouse.lt\/lt\/kontaktai\/\">Kontaktai<\/a><\/li>\n<li class=\"menu-item menu-item-type-post_type menu-item-object-page menu-item-5471\"><a href=\"https:\/\/bohemehouse.lt\/lt\/bendrosios-taisykles\/\">Bendrosios taisykl\u0117s<\/a><\/li>\n<li class=\"menu-item menu-item-type-post_type menu-item-object-page menu-item-5716\"><a href=\"https:\/\/bohemehouse.lt\/lt\/privacy-policy\/\">Privatumo politika<\/a><\/li>\n<li class=\"menu-item menu-item-type-post_type menu-item-object-page menu-item-5472\"><a href=\"https:\/\/bohemehouse.lt\/lt\/duk\/\">DUK<\/a><\/li>\n<\/ul><style>.ld_spacer_69de311635de4{height:25px;}<\/style>\n<div class=\"ld-empty-space ld_spacer_69de311635de4\"><span class=\"liquid_empty_space_inner\"><\/span><\/div>[\/vc_column][vc_column align=&#8221;text-center&#8221; offset=&#8221;vc_col-md-offset-3 vc_col-md-6&#8243;]<style>.ld_social_icons_69de311635eea.social-icon li a{color:#CCCDCE;}.ld_social_icons_69de311635eea.social-icon li a:hover{color:#ffffff;}<\/style><ul class=\"social-icon social-icon-md ld_social_icons_69de311635eea\" id=ld_social_icons_69de311635eea>\n<li><a href=\"https:\/\/www.facebook.com\/bohemehouse\/\" target=\"_blank\" rel=\"nofollow\"><i class=\"fa fa-facebook\"><\/i><\/a><\/li><li><a href=\"https:\/\/www.instagram.com\/bohemehouse\/\" target=\"_blank\" rel=\"nofollow\"><i class=\"fa fa-instagram\"><\/i><\/a><\/li><li><a href=\"http:\/\/www.pinterest.com\/thearchitectlt\" target=\"_blank\" rel=\"nofollow\"><i class=\"fa fa-pinterest\"><\/i><\/a><\/li><\/ul>[\/vc_column][\/vc_row]<\/p>\n<\/div>","protected":false},"excerpt":{"rendered":"<p>[vc_row el_class=&#8221;desktop&#8221;][vc_column][vc_empty_space height=&#8221;230px&#8221;][\/vc_column][\/vc_row][vc_row el_class=&#8221;mobile&#8221;][vc_column][vc_empty_space height=&#8221;100px&#8221;][\/vc_column][\/vc_row][vc_row][vc_column width=&#8221;1\/2&#8243; align=&#8221;text-center&#8221;][vc_column_text] SOLISTO APARTAMENTAI N\u014d8 50 KVM APARTAMENTAI 3 AUK\u0160TAS&#8230;<\/p>\n","protected":false},"author":1,"featured_media":0,"parent":0,"menu_order":0,"comment_status":"closed","ping_status":"closed","template":"","meta":{"footnotes":""},"class_list":["post-5447","page","type-page","status-publish","hentry"],"yoast_head":"<!-- This site is optimized with the Yoast SEO plugin v27.1.1 - https:\/\/yoast.com\/product\/yoast-seo-wordpress\/ -->\n<title>B\u014dHEME HOUSE | N\u014d8 Soloist Apartment<\/title>\n<meta name=\"description\" content=\"Exceptional and luxury apartment with Grand piano and freestanding bath in the bedroom. Feel inspired by the living room, offering unique panoramic views to the Town Hall towers.\" \/>\n<meta name=\"robots\" content=\"index, follow, max-snippet:-1, max-image-preview:large, max-video-preview:-1\" \/>\n<link rel=\"canonical\" href=\"https:\/\/bohemehouse.lt\/lt\/solisto-apartamentai-no8\/\" \/>\n<meta property=\"og:locale\" content=\"lt_LT\" \/>\n<meta property=\"og:type\" content=\"article\" \/>\n<meta property=\"og:title\" content=\"B\u014dHEME HOUSE | N\u014d8 Soloist Apartment\" \/>\n<meta property=\"og:description\" content=\"Exceptional and luxury apartment with Grand piano and freestanding bath in the bedroom. Feel inspired by the living room, offering unique panoramic views to the Town Hall towers.\" \/>\n<meta property=\"og:url\" content=\"https:\/\/bohemehouse.lt\/lt\/solisto-apartamentai-no8\/\" \/>\n<meta property=\"og:site_name\" content=\"B\u014dHEME HOUSE\" \/>\n<meta property=\"article:modified_time\" content=\"2025-09-11T07:27:20+00:00\" \/>\n<meta name=\"twitter:card\" content=\"summary_large_image\" \/>\n<meta name=\"twitter:label1\" content=\"Est. reading time\" \/>\n\t<meta name=\"twitter:data1\" content=\"2 minut\u0117s\" \/>\n<script type=\"application\/ld+json\" class=\"yoast-schema-graph\">{\"@context\":\"https:\/\/schema.org\",\"@graph\":[{\"@type\":\"WebPage\",\"@id\":\"https:\/\/bohemehouse.lt\/lt\/solisto-apartamentai-no8\/\",\"url\":\"https:\/\/bohemehouse.lt\/lt\/solisto-apartamentai-no8\/\",\"name\":\"B\u014dHEME HOUSE | N\u014d8 Soloist Apartment\",\"isPartOf\":{\"@id\":\"https:\/\/bohemehouse.lt\/#website\"},\"datePublished\":\"2021-07-01T17:50:40+00:00\",\"dateModified\":\"2025-09-11T07:27:20+00:00\",\"description\":\"Exceptional and luxury apartment with Grand piano and freestanding bath in the bedroom. Feel inspired by the living room, offering unique panoramic views to the Town Hall towers.\",\"breadcrumb\":{\"@id\":\"https:\/\/bohemehouse.lt\/lt\/solisto-apartamentai-no8\/#breadcrumb\"},\"inLanguage\":\"lt-LT\",\"potentialAction\":[{\"@type\":\"ReadAction\",\"target\":[\"https:\/\/bohemehouse.lt\/lt\/solisto-apartamentai-no8\/\"]}]},{\"@type\":\"BreadcrumbList\",\"@id\":\"https:\/\/bohemehouse.lt\/lt\/solisto-apartamentai-no8\/#breadcrumb\",\"itemListElement\":[{\"@type\":\"ListItem\",\"position\":1,\"name\":\"Home\",\"item\":\"https:\/\/bohemehouse.lt\/lt\/\"},{\"@type\":\"ListItem\",\"position\":2,\"name\":\"Solisto apartamentai n\u014d8\"}]},{\"@type\":\"WebSite\",\"@id\":\"https:\/\/bohemehouse.lt\/#website\",\"url\":\"https:\/\/bohemehouse.lt\/\",\"name\":\"B\u014dHEME HOUSE\",\"description\":\"Boutique Hotel in Kaunas Old Town\",\"potentialAction\":[{\"@type\":\"SearchAction\",\"target\":{\"@type\":\"EntryPoint\",\"urlTemplate\":\"https:\/\/bohemehouse.lt\/?s={search_term_string}\"},\"query-input\":{\"@type\":\"PropertyValueSpecification\",\"valueRequired\":true,\"valueName\":\"search_term_string\"}}],\"inLanguage\":\"lt-LT\"}]}<\/script>\n<!-- \/ Yoast SEO plugin. -->","yoast_head_json":{"title":"B\u014dHEME HOUSE | N\u014d8 Soloist Apartment","description":"Exceptional and luxury apartment with Grand piano and freestanding bath in the bedroom. Feel inspired by the living room, offering unique panoramic views to the Town Hall towers.","robots":{"index":"index","follow":"follow","max-snippet":"max-snippet:-1","max-image-preview":"max-image-preview:large","max-video-preview":"max-video-preview:-1"},"canonical":"https:\/\/bohemehouse.lt\/lt\/solisto-apartamentai-no8\/","og_locale":"lt_LT","og_type":"article","og_title":"B\u014dHEME HOUSE | N\u014d8 Soloist Apartment","og_description":"Exceptional and luxury apartment with Grand piano and freestanding bath in the bedroom. Feel inspired by the living room, offering unique panoramic views to the Town Hall towers.","og_url":"https:\/\/bohemehouse.lt\/lt\/solisto-apartamentai-no8\/","og_site_name":"B\u014dHEME HOUSE","article_modified_time":"2025-09-11T07:27:20+00:00","twitter_card":"summary_large_image","twitter_misc":{"Est. reading time":"2 minut\u0117s"},"schema":{"@context":"https:\/\/schema.org","@graph":[{"@type":"WebPage","@id":"https:\/\/bohemehouse.lt\/lt\/solisto-apartamentai-no8\/","url":"https:\/\/bohemehouse.lt\/lt\/solisto-apartamentai-no8\/","name":"B\u014dHEME HOUSE | N\u014d8 Soloist Apartment","isPartOf":{"@id":"https:\/\/bohemehouse.lt\/#website"},"datePublished":"2021-07-01T17:50:40+00:00","dateModified":"2025-09-11T07:27:20+00:00","description":"Exceptional and luxury apartment with Grand piano and freestanding bath in the bedroom. Feel inspired by the living room, offering unique panoramic views to the Town Hall towers.","breadcrumb":{"@id":"https:\/\/bohemehouse.lt\/lt\/solisto-apartamentai-no8\/#breadcrumb"},"inLanguage":"lt-LT","potentialAction":[{"@type":"ReadAction","target":["https:\/\/bohemehouse.lt\/lt\/solisto-apartamentai-no8\/"]}]},{"@type":"BreadcrumbList","@id":"https:\/\/bohemehouse.lt\/lt\/solisto-apartamentai-no8\/#breadcrumb","itemListElement":[{"@type":"ListItem","position":1,"name":"Home","item":"https:\/\/bohemehouse.lt\/lt\/"},{"@type":"ListItem","position":2,"name":"Solisto apartamentai n\u014d8"}]},{"@type":"WebSite","@id":"https:\/\/bohemehouse.lt\/#website","url":"https:\/\/bohemehouse.lt\/","name":"B\u014dHEME HOUSE","description":"Boutique Hotel in Kaunas Old Town","potentialAction":[{"@type":"SearchAction","target":{"@type":"EntryPoint","urlTemplate":"https:\/\/bohemehouse.lt\/?s={search_term_string}"},"query-input":{"@type":"PropertyValueSpecification","valueRequired":true,"valueName":"search_term_string"}}],"inLanguage":"lt-LT"}]}},"_links":{"self":[{"href":"https:\/\/bohemehouse.lt\/lt\/wp-json\/wp\/v2\/pages\/5447","targetHints":{"allow":["GET"]}}],"collection":[{"href":"https:\/\/bohemehouse.lt\/lt\/wp-json\/wp\/v2\/pages"}],"about":[{"href":"https:\/\/bohemehouse.lt\/lt\/wp-json\/wp\/v2\/types\/page"}],"author":[{"embeddable":true,"href":"https:\/\/bohemehouse.lt\/lt\/wp-json\/wp\/v2\/users\/1"}],"replies":[{"embeddable":true,"href":"https:\/\/bohemehouse.lt\/lt\/wp-json\/wp\/v2\/comments?post=5447"}],"version-history":[{"count":5,"href":"https:\/\/bohemehouse.lt\/lt\/wp-json\/wp\/v2\/pages\/5447\/revisions"}],"predecessor-version":[{"id":7652,"href":"https:\/\/bohemehouse.lt\/lt\/wp-json\/wp\/v2\/pages\/5447\/revisions\/7652"}],"wp:attachment":[{"href":"https:\/\/bohemehouse.lt\/lt\/wp-json\/wp\/v2\/media?parent=5447"}],"curies":[{"name":"wp","href":"https:\/\/api.w.org\/{rel}","templated":true}]}}