{"id":5987,"date":"2022-10-27T14:29:17","date_gmt":"2022-10-27T13:29:17","guid":{"rendered":"https:\/\/bohemehouse.lt\/?page_id=5987"},"modified":"2025-09-11T08:27:03","modified_gmt":"2025-09-11T07:27:03","slug":"privatus-viesbutis-naujuju-sutikimui","status":"publish","type":"page","link":"https:\/\/bohemehouse.lt\/lt\/privatus-viesbutis-naujuju-sutikimui\/","title":{"rendered":"Privatus vie\u0161butis Nauj\u0173j\u0173 sutikimui"},"content":{"rendered":"<div class=\"wpb-content-wrapper\"><p>[vc_row el_class=&#8221;desktop&#8221;][vc_column][vc_empty_space height=&#8221;230px&#8221;][\/vc_column][\/vc_row][vc_row el_class=&#8221;mobile&#8221;][vc_column][vc_empty_space height=&#8221;100px&#8221;][\/vc_column][\/vc_row][vc_row el_id=&#8221;about&#8221;][vc_column enable_content_animation=&#8221;yes&#8221; ca_init_scale_x=&#8221;1&#8243; ca_init_scale_y=&#8221;1&#8243; ca_init_scale_z=&#8221;1&#8243; ca_init_opacity=&#8221;0&#8243; ca_an_scale_x=&#8221;1&#8243; ca_an_scale_y=&#8221;1&#8243; ca_an_scale_z=&#8221;1&#8243; ca_an_opacity=&#8221;1&#8243; offset=&#8221;vc_col-md-5&#8243; ca_init_translate_y=&#8221;42&#8243;]<style>.ld_fancy_heading_69efe8de4638d h5{font-size:20px;color:rgb(187, 160, 122);}.ld_fancy_heading_69efe8de4638d h5 {margin-top:0px !important; margin-bottom:0px !important;  } .ld_fancy_heading_69efe8de4638d .lqd-highlight-inner{height:0.275em;bottom:0px;}.ld_fancy_heading_69efe8de4638d h5 {margin-top:0px !important; margin-bottom:0px !important;  } <\/style><div class=\"ld-fancy-heading ld_fancy_heading_69efe8de4638d\">\n\t<h5 class=\"lqd-highlight-underline lqd-highlight-grow-left\" data-split-text=\"true\" data-custom-animations=\"true\" data-ca-options='{\"triggerHandler\":\"inview\",\"animationTarget\":\".lqd-lines .split-inner\",\"duration\":700,\"delay\":100,\"easing\":\"easeOutQuint\",\"direction\":\"forward\",\"initValues\":{\"scale\":1},\"animations\":{\"scale\":1}}' data-split-options='{\"type\":\"lines\"}'><span class=\"ld-fh-txt\"> Tik tavo draug\u0173 kompanijai<\/span><\/h5><\/div>[vc_empty_space height=&#8221;5px&#8221;]<style>.ld_fancy_heading_69efe8de46dd0 h2 {margin-top:0px !important; margin-bottom:0px !important;  } .ld_fancy_heading_69efe8de46dd0 .lqd-highlight-inner{height:0.275em;bottom:0px;}.ld_fancy_heading_69efe8de46dd0 h2 {margin-top:0px !important; margin-bottom:0px !important;  } <\/style><div class=\"ld-fancy-heading ld_fancy_heading_69efe8de46dd0\">\n\t<h2 class=\"lqd-highlight-underline lqd-highlight-grow-left\" data-fittext=\"true\" data-fittext-options='{\"compressor\":0.5,\"maxFontSize\":\"currentFontSize\",\"minFontSize\":\"45\"}' data-split-text=\"true\" data-custom-animations=\"true\" data-ca-options='{\"triggerHandler\":\"inview\",\"animationTarget\":\".lqd-lines .split-inner\",\"duration\":700,\"delay\":100,\"easing\":\"easeOutQuint\",\"direction\":\"forward\",\"initValues\":{\"scale\":1},\"animations\":{\"scale\":1}}' data-split-options='{\"type\":\"lines\"}'><span class=\"ld-fh-txt\"> Privatus vie\u0161butis Nauj\u0173j\u0173 sutikimui<\/span><\/h2><\/div><style>@media (min-width: 992px) { .ld_fancy_heading_69efe8de47268 p {margin-right:8% !important;  }  } .ld_fancy_heading_69efe8de47268 .lqd-highlight-inner{height:0.275em;bottom:0px;}@media (min-width: 992px) { .ld_fancy_heading_69efe8de47268 p {margin-right:8% !important;  }  } <\/style><div class=\"ld-fancy-heading ld_fancy_heading_69efe8de47268\">\n\t<p class=\"lqd-highlight-underline lqd-highlight-grow-left\" data-split-text=\"true\" data-custom-animations=\"true\" data-ca-options='{\"triggerHandler\":\"inview\",\"animationTarget\":\".lqd-lines .split-inner\",\"duration\":700,\"startDelay\":\"180\",\"delay\":100,\"easing\":\"easeOutQuint\",\"direction\":\"forward\",\"initValues\":{\"scale\":1},\"animations\":{\"scale\":1}}' data-split-options='{\"type\":\"lines\"}'><span class=\"ld-fh-txt\"> Vienkartin\u0117 galimyb\u0117 tapti i\u0161skirtinio vie\u0161bu\u010dio \u0161eimininku vienai nak\u010diai. 8 unikalaus dizaino apartamentai J\u016bs\u0173 Nauj\u0173j\u0173 sutikimui, privatus Lobby baras, misti\u0161kasis kino teatras ir panoramin\u0117 stogo terasa. Visa tai laukia tav\u0119s ir tavo draug\u0173 kompanijos, ar pasiry\u0161i?<\/span><\/p><\/div>[vc_empty_space]<style>.ld_fancy_heading_69efe8de474b2 .lqd-highlight-inner{height:0.275em;bottom:0px;}<\/style><div class=\"ld-fancy-heading ld_fancy_heading_69efe8de474b2\">\n\t<p class=\"lqd-highlight-underline lqd-highlight-grow-left\" ><span class=\"ld-fh-txt\"> <strong>SI\u016aLOME<\/strong><\/p>\n<ul>\n<li><em>8 unikalaus dizaino apartamentai iki 22 \u017emoni\u0173 apgyvendinimui<\/em><\/li>\n<\/ul>\n<p>Nuo Mikeland\u017eelo skulpt\u016bros, \u0161iuolaikini\u0173 tapytoj\u0173 k\u016brybos eksponat\u0173, veidrodini\u0173 lub\u0173, kvapni\u0173 g\u0117li\u0173 instaliacij\u0173, baseino kop\u0117\u010diomis pasiekiamo kambario ir apvalios lovos mansardoje iki fortepijono&#8230; Visa tai gali tapti vieta J\u016bs\u0173 Nauj\u0173j\u0173 met\u0173 sutikimui.<\/p>\n<ul>\n<li><em>panoramin\u0117 stogo terasa<\/em><\/li>\n<\/ul>\n<p>Naujametiniais fejerverkais r\u016bpintis nereik\u0117s &#8211; viso miesto dovanojamais fejerverkais gal\u0117site m\u0117gautis ant, ko gero, vienintelio tokio panoraminio stogo Kauno senamiestyje.<\/p>\n<ul>\n<li><em>tik jums skirtas misti\u0161kasis kino teatras<\/em><\/li>\n<\/ul>\n<p>Po Naujametini\u0173 fejerverk\u0173 panoramin\u0117je terasoje, lauksime J\u016bs\u0173 unikaliame amfiteatriniame kino teatre su sprag\u0117siais, kokteiliais, filmais ir gera muzika.<\/p>\n<ul>\n<li><em>privatus Lobby baras su barmenu ir \u0161efu<\/em><\/li>\n<\/ul>\n<p>Modernioje bohemi\u0161koje aplinkoje Nauj\u0173j\u0173 met\u0173 i\u0161vakar\u0117se barmenai J\u016bs\u0173 lauks su pla\u010diu kokteili\u0173, vyn\u0173 ir tauri\u0173j\u0173 g\u0117rim\u0173 meniu, o pirm\u0105j\u012f 2023 met\u0173 ryt\u0105 \u0161efai pasitiks su mimozomis ir priva\u010diai Jums gaminamais v\u0117lyvaisiais pusry\u010diais.<\/p>\n<ul>\n<li><em>Naujametin\u0117 degustacin\u0117 vakarien\u0117 ir papildomos paslaugos<\/em><\/li>\n<\/ul>\n<p>Kvie\u010diame Naujametin\u012f vakar\u0105 prad\u0117ti degustuojant ypating\u0105 4-6 patiekal\u0173 vakarien\u0119. Monumentalioms patirtims rekomenduojame ir somelj\u0117 edukacij\u0105 bei vyn\u0173 derinim\u0105 prie pasirinkt\u0173 patiekal\u0173.<\/span><\/p><\/div>[vc_empty_space]<style>.ld_fancy_heading_69efe8de47714 .lqd-highlight-inner{height:0.275em;bottom:0px;}<\/style><div class=\"ld-fancy-heading text-center ld_fancy_heading_69efe8de47714\">\n\t<h6 class=\"lqd-highlight-underline lqd-highlight-grow-left\" ><span class=\"ld-fh-txt\"> VIENINTELIS TOKS PASI\u016aLYMAS<\/p>\n<p>VIENINTELEI TAVO DRAUG\u0172 KOMPANIJAI<\/span><\/h6><\/div>[vc_empty_space height=&#8221;10px&#8221;]<a href=\"https:\/\/bohemehouse.lt\/offers\/EntireHouse-NY.pdf\" title=\"Entire House Offer for New Years\" class=\"btn btn-solid btn-bordered border-thin ld_button_69efe8de47897 vc_custom_1666881894427\">\n\t<span>\n\t\t\n\t\t\t\t\t<span class=\"btn-txt\">\u017dI\u016aR\u0116TI PASI\u016aLYM\u0104<\/span>\n\t\t\t\n\t\t\t\t<\/span>\n<\/a>\n[vc_empty_space height=&#8221;50px&#8221;][vc_column_text]<\/p>\n<p style=\"text-align: center;\">DAUGIAU INFORMACIJOS: hello@bohemehouse.lt | +370 668 21771<\/p>\n<p>[\/vc_column_text][\/vc_column][vc_column offset=&#8221;vc_col-md-offset-2 vc_col-md-5&#8243;]<style>.ld_counter_69efe8de47e37 .liquid-counter-element{font-size:200px;font-weight:400;}.ld_counter_69efe8de47e37 > .liquid-counter-element > span{color:rgb(187, 160, 122);}<\/style><div id=\"ld_counter_69efe8de47e37\" class=\"liquid-counter liquid-counter-default pull-right ld_counter_69efe8de47e37\">\n\t\n\t\t\t<div class=\"liquid-counter-element \" data-enable-counter=\"true\" data-counter-options='{\"targetNumber\":\"2023\",\"blurEffect\":true}'>\n\t\t\t\t\t\t\t\t\t\t\t\t<span>2023<\/span>\t\t<\/div><!-- \/.liquid-counter-element -->\n\t\n<\/div><!-- \/.liquid-counter --><div id=\"ld_images_group_container_69efe8de4807f\" class=\"liquid-img-group-container ld_images_group_container_69efe8de4807f\"  >\n\t<div class=\"liquid-img-group-inner\">\n\t\t<style>@media (min-width: 992px) { .ld_images_group_element_69efe8de48323 {top:-120px !important;  }  } @media (min-width: 992px) { .ld_images_group_element_69efe8de48323 {margin-left:-30px !important;  }  } <\/style><div id=\"ld_images_group_element_69efe8de48323\" class=\"liquid-img-group-single ld_images_group_element_69efe8de48323\" >\n\t\n\t\t\n\t<div class=\"liquid-img-group-img-container\">\n\t\t\n\t\t\n\t\t\t\t\n\t\t\t\t<div class=\"liquid-img-container-inner\" data-parallax=\"true\" data-parallax-from='{\"translateY\":-42}' data-parallax-to='{\"translateY\":33}' data-parallax-options='{\"overflowHidden\":false,\"easing\":\"linear\"}'>\n\t\t\t<figure ><img decoding=\"async\" width=\"720\" height=\"1280\" src=\"https:\/\/bohemehouse.lt\/wp-content\/uploads\/2022\/10\/ENTIRE-HOUSE-story.gif\" class=\"attachment-full size-full\" alt=\"\" \/><\/figure>\t\t\t\t\t<\/div><!-- \/.liquid-img-container-inner -->\n\t\t\n\t<\/div><!-- \/.liquid-img-group-content -->\n<\/div><!-- \/.liquid-img-group-single -->\n\t\n\t<\/div><!-- \/.liquid-img-group-inner -->\n<\/div><!-- \/.liquid-img-group-container -->[\/vc_column][\/vc_row][vc_row][vc_column][vc_empty_space height=&#8221;100px&#8221;][\/vc_column][\/vc_row][vc_row full_width=&#8221;stretch_row&#8221; el_id=&#8221;footer&#8221; css=&#8221;.vc_custom_1757505980323{padding-top: 35px !important;padding-bottom: 45px !important;background-color: #3F4041 !important;}&#8221;][vc_column align=&#8221;text-center&#8221;]<style>.mobile > li > a{font-size:12px;letter-spacing:0.1em;text-transform:uppercase;}.mobile > li{margin-bottom:30px;}.mobile > li > a,.mobile ul > li > a{color:rgb(204, 205, 206);}<\/style>\n<ul id=\"mobile\" class=\"lqd-custom-menu reset-ul   mobile\"><li id=\"menu-item-5464\" class=\"menu-item menu-item-type-custom menu-item-object-custom menu-item-5464\"><a href=\"\/lt#apartments\">Apartamentai<\/a><\/li>\n<li id=\"menu-item-5465\" class=\"menu-item menu-item-type-custom menu-item-object-custom menu-item-5465\"><a href=\"\/lt#offers\">Pasi\u016blymai<\/a><\/li>\n<li id=\"menu-item-5466\" class=\"desktop menu-item menu-item-type-custom menu-item-object-custom menu-item-5466\"><a href=\"\/lt#lobbyrestoranas\">Restoranas<\/a><\/li>\n<li id=\"menu-item-5467\" class=\"desktop menu-item menu-item-type-custom menu-item-object-custom menu-item-5467\"><a href=\"\/lt#roofterrace\">Stogo terasa<\/a><\/li>\n<li id=\"menu-item-5468\" class=\"desktop menu-item menu-item-type-custom menu-item-object-custom menu-item-5468\"><a href=\"\/lt#cinemalounge\">Kino teatras<\/a><\/li>\n<li id=\"menu-item-5766\" class=\"mobile menu-item menu-item-type-custom menu-item-object-custom menu-item-5766\"><a href=\"https:\/\/bohemehouse.lt\/lt#lobbyrestmob\">Restoranas<\/a><\/li>\n<li id=\"menu-item-5767\" class=\"mobile menu-item menu-item-type-custom menu-item-object-custom menu-item-5767\"><a href=\"https:\/\/bohemehouse.lt\/lt#roofterracemob\">Stogo terasa<\/a><\/li>\n<li id=\"menu-item-5768\" class=\"mobile menu-item menu-item-type-custom menu-item-object-custom menu-item-5768\"><a href=\"https:\/\/bohemehouse.lt\/lt#cinemaloungemob\">Kino teatras<\/a><\/li>\n<li id=\"menu-item-5469\" class=\"menu-item menu-item-type-post_type menu-item-object-page menu-item-5469\"><a href=\"https:\/\/bohemehouse.lt\/lt\/apie\/\">Apie<\/a><\/li>\n<li id=\"menu-item-5470\" class=\"menu-item menu-item-type-post_type menu-item-object-page menu-item-5470\"><a href=\"https:\/\/bohemehouse.lt\/lt\/kontaktai\/\">Kontaktai<\/a><\/li>\n<li id=\"menu-item-5471\" class=\"menu-item menu-item-type-post_type menu-item-object-page menu-item-5471\"><a href=\"https:\/\/bohemehouse.lt\/lt\/bendrosios-taisykles\/\">Bendrosios taisykl\u0117s<\/a><\/li>\n<li id=\"menu-item-5716\" class=\"menu-item menu-item-type-post_type menu-item-object-page menu-item-5716\"><a href=\"https:\/\/bohemehouse.lt\/lt\/privacy-policy\/\">Privatumo politika<\/a><\/li>\n<li id=\"menu-item-5472\" class=\"menu-item menu-item-type-post_type menu-item-object-page menu-item-5472\"><a href=\"https:\/\/bohemehouse.lt\/lt\/duk\/\">DUK<\/a><\/li>\n<\/ul><style>.desktop > li > a{font-size:12px;letter-spacing:0.1em;text-transform:uppercase;}.desktop li + li{margin-left:30px;}.desktop > li > a,.desktop ul > li > a{color:rgb(204, 205, 206);}<\/style>\n<ul id=\"desktop\" class=\"lqd-custom-menu reset-ul inline-nav  desktop\"><li class=\"menu-item menu-item-type-custom menu-item-object-custom menu-item-5464\"><a href=\"\/lt#apartments\">Apartamentai<\/a><\/li>\n<li class=\"menu-item menu-item-type-custom menu-item-object-custom menu-item-5465\"><a href=\"\/lt#offers\">Pasi\u016blymai<\/a><\/li>\n<li class=\"desktop menu-item menu-item-type-custom menu-item-object-custom menu-item-5466\"><a href=\"\/lt#lobbyrestoranas\">Restoranas<\/a><\/li>\n<li class=\"desktop menu-item menu-item-type-custom menu-item-object-custom menu-item-5467\"><a href=\"\/lt#roofterrace\">Stogo terasa<\/a><\/li>\n<li class=\"desktop menu-item menu-item-type-custom menu-item-object-custom menu-item-5468\"><a href=\"\/lt#cinemalounge\">Kino teatras<\/a><\/li>\n<li class=\"mobile menu-item menu-item-type-custom menu-item-object-custom menu-item-5766\"><a href=\"https:\/\/bohemehouse.lt\/lt#lobbyrestmob\">Restoranas<\/a><\/li>\n<li class=\"mobile menu-item menu-item-type-custom menu-item-object-custom menu-item-5767\"><a href=\"https:\/\/bohemehouse.lt\/lt#roofterracemob\">Stogo terasa<\/a><\/li>\n<li class=\"mobile menu-item menu-item-type-custom menu-item-object-custom menu-item-5768\"><a href=\"https:\/\/bohemehouse.lt\/lt#cinemaloungemob\">Kino teatras<\/a><\/li>\n<li class=\"menu-item menu-item-type-post_type menu-item-object-page menu-item-5469\"><a href=\"https:\/\/bohemehouse.lt\/lt\/apie\/\">Apie<\/a><\/li>\n<li class=\"menu-item menu-item-type-post_type menu-item-object-page menu-item-5470\"><a href=\"https:\/\/bohemehouse.lt\/lt\/kontaktai\/\">Kontaktai<\/a><\/li>\n<li class=\"menu-item menu-item-type-post_type menu-item-object-page menu-item-5471\"><a href=\"https:\/\/bohemehouse.lt\/lt\/bendrosios-taisykles\/\">Bendrosios taisykl\u0117s<\/a><\/li>\n<li class=\"menu-item menu-item-type-post_type menu-item-object-page menu-item-5716\"><a href=\"https:\/\/bohemehouse.lt\/lt\/privacy-policy\/\">Privatumo politika<\/a><\/li>\n<li class=\"menu-item menu-item-type-post_type menu-item-object-page menu-item-5472\"><a href=\"https:\/\/bohemehouse.lt\/lt\/duk\/\">DUK<\/a><\/li>\n<\/ul><style>.ld_spacer_69efe8de4da88{height:25px;}<\/style>\n<div class=\"ld-empty-space ld_spacer_69efe8de4da88\"><span class=\"liquid_empty_space_inner\"><\/span><\/div>[\/vc_column][vc_column align=&#8221;text-center&#8221; offset=&#8221;vc_col-md-offset-3 vc_col-md-6&#8243;]<style>.ld_social_icons_69efe8de4dbdf.social-icon li a{color:#CCCDCE;}.ld_social_icons_69efe8de4dbdf.social-icon li a:hover{color:#ffffff;}<\/style><ul class=\"social-icon social-icon-md ld_social_icons_69efe8de4dbdf\" id=ld_social_icons_69efe8de4dbdf>\n<li><a href=\"https:\/\/www.facebook.com\/bohemehouse\/\" target=\"_blank\" rel=\"nofollow\"><i class=\"fa fa-facebook\"><\/i><\/a><\/li><li><a href=\"https:\/\/www.instagram.com\/bohemehouse\/\" target=\"_blank\" rel=\"nofollow\"><i class=\"fa fa-instagram\"><\/i><\/a><\/li><li><a href=\"http:\/\/www.pinterest.com\/thearchitectlt\" target=\"_blank\" rel=\"nofollow\"><i class=\"fa fa-pinterest\"><\/i><\/a><\/li><\/ul>[\/vc_column][\/vc_row]<\/p>\n<\/div>","protected":false},"excerpt":{"rendered":"<p>[vc_row el_class=&#8221;desktop&#8221;][vc_column][vc_empty_space height=&#8221;230px&#8221;][\/vc_column][\/vc_row][vc_row el_class=&#8221;mobile&#8221;][vc_column][vc_empty_space height=&#8221;100px&#8221;][\/vc_column][\/vc_row][vc_row el_id=&#8221;about&#8221;][vc_column enable_content_animation=&#8221;yes&#8221; ca_init_scale_x=&#8221;1&#8243; ca_init_scale_y=&#8221;1&#8243; ca_init_scale_z=&#8221;1&#8243; ca_init_opacity=&#8221;0&#8243; ca_an_scale_x=&#8221;1&#8243; ca_an_scale_y=&#8221;1&#8243; ca_an_scale_z=&#8221;1&#8243; ca_an_opacity=&#8221;1&#8243;&#8230;<\/p>\n","protected":false},"author":2,"featured_media":0,"parent":0,"menu_order":0,"comment_status":"closed","ping_status":"closed","template":"","meta":{"footnotes":""},"class_list":["post-5987","page","type-page","status-publish","hentry"],"yoast_head":"<!-- This site is optimized with the Yoast SEO plugin v27.1.1 - https:\/\/yoast.com\/product\/yoast-seo-wordpress\/ -->\n<title>Privatus vie\u0161butis Nauj\u0173j\u0173 sutikimui - B\u014dHEME HOUSE<\/title>\n<meta name=\"robots\" content=\"index, follow, max-snippet:-1, max-image-preview:large, max-video-preview:-1\" \/>\n<link rel=\"canonical\" href=\"https:\/\/bohemehouse.lt\/lt\/privatus-viesbutis-naujuju-sutikimui\/\" \/>\n<meta property=\"og:locale\" content=\"lt_LT\" \/>\n<meta property=\"og:type\" content=\"article\" \/>\n<meta property=\"og:title\" content=\"Privatus vie\u0161butis Nauj\u0173j\u0173 sutikimui - B\u014dHEME HOUSE\" \/>\n<meta property=\"og:description\" content=\"[vc_row el_class=&#8221;desktop&#8221;][vc_column][vc_empty_space height=&#8221;230px&#8221;][\/vc_column][\/vc_row][vc_row el_class=&#8221;mobile&#8221;][vc_column][vc_empty_space height=&#8221;100px&#8221;][\/vc_column][\/vc_row][vc_row el_id=&#8221;about&#8221;][vc_column enable_content_animation=&#8221;yes&#8221; ca_init_scale_x=&#8221;1&#8243; ca_init_scale_y=&#8221;1&#8243; ca_init_scale_z=&#8221;1&#8243; ca_init_opacity=&#8221;0&#8243; ca_an_scale_x=&#8221;1&#8243; ca_an_scale_y=&#8221;1&#8243; ca_an_scale_z=&#8221;1&#8243; ca_an_opacity=&#8221;1&#8243;...\" \/>\n<meta property=\"og:url\" content=\"https:\/\/bohemehouse.lt\/lt\/privatus-viesbutis-naujuju-sutikimui\/\" \/>\n<meta property=\"og:site_name\" content=\"B\u014dHEME HOUSE\" \/>\n<meta property=\"article:modified_time\" content=\"2025-09-11T07:27:03+00:00\" \/>\n<meta name=\"twitter:card\" content=\"summary_large_image\" \/>\n<meta name=\"twitter:label1\" content=\"Est. reading time\" \/>\n\t<meta name=\"twitter:data1\" content=\"5 minut\u0117s\" \/>\n<script type=\"application\/ld+json\" class=\"yoast-schema-graph\">{\"@context\":\"https:\/\/schema.org\",\"@graph\":[{\"@type\":\"WebPage\",\"@id\":\"https:\/\/bohemehouse.lt\/lt\/privatus-viesbutis-naujuju-sutikimui\/\",\"url\":\"https:\/\/bohemehouse.lt\/lt\/privatus-viesbutis-naujuju-sutikimui\/\",\"name\":\"Privatus vie\u0161butis Nauj\u0173j\u0173 sutikimui - B\u014dHEME HOUSE\",\"isPartOf\":{\"@id\":\"https:\/\/bohemehouse.lt\/#website\"},\"datePublished\":\"2022-10-27T13:29:17+00:00\",\"dateModified\":\"2025-09-11T07:27:03+00:00\",\"breadcrumb\":{\"@id\":\"https:\/\/bohemehouse.lt\/lt\/privatus-viesbutis-naujuju-sutikimui\/#breadcrumb\"},\"inLanguage\":\"lt-LT\",\"potentialAction\":[{\"@type\":\"ReadAction\",\"target\":[\"https:\/\/bohemehouse.lt\/lt\/privatus-viesbutis-naujuju-sutikimui\/\"]}]},{\"@type\":\"BreadcrumbList\",\"@id\":\"https:\/\/bohemehouse.lt\/lt\/privatus-viesbutis-naujuju-sutikimui\/#breadcrumb\",\"itemListElement\":[{\"@type\":\"ListItem\",\"position\":1,\"name\":\"Home\",\"item\":\"https:\/\/bohemehouse.lt\/lt\/\"},{\"@type\":\"ListItem\",\"position\":2,\"name\":\"Privatus vie\u0161butis Nauj\u0173j\u0173 sutikimui\"}]},{\"@type\":\"WebSite\",\"@id\":\"https:\/\/bohemehouse.lt\/#website\",\"url\":\"https:\/\/bohemehouse.lt\/\",\"name\":\"B\u014dHEME HOUSE\",\"description\":\"Boutique Hotel in Kaunas Old Town\",\"potentialAction\":[{\"@type\":\"SearchAction\",\"target\":{\"@type\":\"EntryPoint\",\"urlTemplate\":\"https:\/\/bohemehouse.lt\/?s={search_term_string}\"},\"query-input\":{\"@type\":\"PropertyValueSpecification\",\"valueRequired\":true,\"valueName\":\"search_term_string\"}}],\"inLanguage\":\"lt-LT\"}]}<\/script>\n<!-- \/ Yoast SEO plugin. -->","yoast_head_json":{"title":"Privatus vie\u0161butis Nauj\u0173j\u0173 sutikimui - B\u014dHEME HOUSE","robots":{"index":"index","follow":"follow","max-snippet":"max-snippet:-1","max-image-preview":"max-image-preview:large","max-video-preview":"max-video-preview:-1"},"canonical":"https:\/\/bohemehouse.lt\/lt\/privatus-viesbutis-naujuju-sutikimui\/","og_locale":"lt_LT","og_type":"article","og_title":"Privatus vie\u0161butis Nauj\u0173j\u0173 sutikimui - B\u014dHEME HOUSE","og_description":"[vc_row el_class=&#8221;desktop&#8221;][vc_column][vc_empty_space height=&#8221;230px&#8221;][\/vc_column][\/vc_row][vc_row el_class=&#8221;mobile&#8221;][vc_column][vc_empty_space height=&#8221;100px&#8221;][\/vc_column][\/vc_row][vc_row el_id=&#8221;about&#8221;][vc_column enable_content_animation=&#8221;yes&#8221; ca_init_scale_x=&#8221;1&#8243; ca_init_scale_y=&#8221;1&#8243; ca_init_scale_z=&#8221;1&#8243; ca_init_opacity=&#8221;0&#8243; ca_an_scale_x=&#8221;1&#8243; ca_an_scale_y=&#8221;1&#8243; ca_an_scale_z=&#8221;1&#8243; ca_an_opacity=&#8221;1&#8243;...","og_url":"https:\/\/bohemehouse.lt\/lt\/privatus-viesbutis-naujuju-sutikimui\/","og_site_name":"B\u014dHEME HOUSE","article_modified_time":"2025-09-11T07:27:03+00:00","twitter_card":"summary_large_image","twitter_misc":{"Est. reading time":"5 minut\u0117s"},"schema":{"@context":"https:\/\/schema.org","@graph":[{"@type":"WebPage","@id":"https:\/\/bohemehouse.lt\/lt\/privatus-viesbutis-naujuju-sutikimui\/","url":"https:\/\/bohemehouse.lt\/lt\/privatus-viesbutis-naujuju-sutikimui\/","name":"Privatus vie\u0161butis Nauj\u0173j\u0173 sutikimui - B\u014dHEME HOUSE","isPartOf":{"@id":"https:\/\/bohemehouse.lt\/#website"},"datePublished":"2022-10-27T13:29:17+00:00","dateModified":"2025-09-11T07:27:03+00:00","breadcrumb":{"@id":"https:\/\/bohemehouse.lt\/lt\/privatus-viesbutis-naujuju-sutikimui\/#breadcrumb"},"inLanguage":"lt-LT","potentialAction":[{"@type":"ReadAction","target":["https:\/\/bohemehouse.lt\/lt\/privatus-viesbutis-naujuju-sutikimui\/"]}]},{"@type":"BreadcrumbList","@id":"https:\/\/bohemehouse.lt\/lt\/privatus-viesbutis-naujuju-sutikimui\/#breadcrumb","itemListElement":[{"@type":"ListItem","position":1,"name":"Home","item":"https:\/\/bohemehouse.lt\/lt\/"},{"@type":"ListItem","position":2,"name":"Privatus vie\u0161butis Nauj\u0173j\u0173 sutikimui"}]},{"@type":"WebSite","@id":"https:\/\/bohemehouse.lt\/#website","url":"https:\/\/bohemehouse.lt\/","name":"B\u014dHEME HOUSE","description":"Boutique Hotel in Kaunas Old Town","potentialAction":[{"@type":"SearchAction","target":{"@type":"EntryPoint","urlTemplate":"https:\/\/bohemehouse.lt\/?s={search_term_string}"},"query-input":{"@type":"PropertyValueSpecification","valueRequired":true,"valueName":"search_term_string"}}],"inLanguage":"lt-LT"}]}},"_links":{"self":[{"href":"https:\/\/bohemehouse.lt\/lt\/wp-json\/wp\/v2\/pages\/5987","targetHints":{"allow":["GET"]}}],"collection":[{"href":"https:\/\/bohemehouse.lt\/lt\/wp-json\/wp\/v2\/pages"}],"about":[{"href":"https:\/\/bohemehouse.lt\/lt\/wp-json\/wp\/v2\/types\/page"}],"author":[{"embeddable":true,"href":"https:\/\/bohemehouse.lt\/lt\/wp-json\/wp\/v2\/users\/2"}],"replies":[{"embeddable":true,"href":"https:\/\/bohemehouse.lt\/lt\/wp-json\/wp\/v2\/comments?post=5987"}],"version-history":[{"count":11,"href":"https:\/\/bohemehouse.lt\/lt\/wp-json\/wp\/v2\/pages\/5987\/revisions"}],"predecessor-version":[{"id":7649,"href":"https:\/\/bohemehouse.lt\/lt\/wp-json\/wp\/v2\/pages\/5987\/revisions\/7649"}],"wp:attachment":[{"href":"https:\/\/bohemehouse.lt\/lt\/wp-json\/wp\/v2\/media?parent=5987"}],"curies":[{"name":"wp","href":"https:\/\/api.w.org\/{rel}","templated":true}]}}