{"id":6116,"date":"2022-11-08T13:11:07","date_gmt":"2022-11-08T13:11:07","guid":{"rendered":"https:\/\/bohemehouse.lt\/?page_id=6116"},"modified":"2025-09-11T08:26:10","modified_gmt":"2025-09-11T07:26:10","slug":"degustacine-vakariene","status":"publish","type":"page","link":"https:\/\/bohemehouse.lt\/lt\/degustacine-vakariene\/","title":{"rendered":"Degustacin\u0117 vakarien\u0117"},"content":{"rendered":"<div class=\"wpb-content-wrapper\"><p>[vc_row el_class=&#8221;desktop&#8221;][vc_column][vc_empty_space height=&#8221;230px&#8221;][\/vc_column][\/vc_row][vc_row el_class=&#8221;mobile&#8221;][vc_column][vc_empty_space height=&#8221;100px&#8221;][\/vc_column][\/vc_row][vc_row el_id=&#8221;about&#8221;][vc_column enable_content_animation=&#8221;yes&#8221; ca_init_scale_x=&#8221;1&#8243; ca_init_scale_y=&#8221;1&#8243; ca_init_scale_z=&#8221;1&#8243; ca_init_opacity=&#8221;0&#8243; ca_an_scale_x=&#8221;1&#8243; ca_an_scale_y=&#8221;1&#8243; ca_an_scale_z=&#8221;1&#8243; ca_an_opacity=&#8221;1&#8243; offset=&#8221;vc_col-md-5&#8243; ca_init_translate_y=&#8221;42&#8243;]<style>.ld_fancy_heading_69e1d3b0db1f6 h5{font-size:20px;color:rgb(187, 160, 122);}.ld_fancy_heading_69e1d3b0db1f6 h5 {margin-top:0px !important; margin-bottom:0px !important;  } .ld_fancy_heading_69e1d3b0db1f6 .lqd-highlight-inner{height:0.275em;bottom:0px;}.ld_fancy_heading_69e1d3b0db1f6 h5 {margin-top:0px !important; margin-bottom:0px !important;  } <\/style><div class=\"ld-fancy-heading ld_fancy_heading_69e1d3b0db1f6\">\n\t<h5 class=\"lqd-highlight-underline lqd-highlight-grow-left\" data-split-text=\"true\" data-custom-animations=\"true\" data-ca-options='{\"triggerHandler\":\"inview\",\"animationTarget\":\".lqd-lines .split-inner\",\"duration\":700,\"delay\":100,\"easing\":\"easeOutQuint\",\"direction\":\"forward\",\"initValues\":{\"scale\":1},\"animations\":{\"scale\":1}}' data-split-options='{\"type\":\"lines\"}'><span class=\"ld-fh-txt\"> Pasim\u0117gaukite priva\u010dia<\/span><\/h5><\/div>[vc_empty_space height=&#8221;5px&#8221;]<style>.ld_fancy_heading_69e1d3b0db6ac h2 {margin-top:0px !important; margin-bottom:0px !important;  } .ld_fancy_heading_69e1d3b0db6ac .lqd-highlight-inner{height:0.275em;bottom:0px;}.ld_fancy_heading_69e1d3b0db6ac h2 {margin-top:0px !important; margin-bottom:0px !important;  } <\/style><div class=\"ld-fancy-heading ld_fancy_heading_69e1d3b0db6ac\">\n\t<h2 class=\"lqd-highlight-underline lqd-highlight-grow-left\" data-fittext=\"true\" data-fittext-options='{\"compressor\":0.5,\"maxFontSize\":\"currentFontSize\",\"minFontSize\":\"45\"}' data-split-text=\"true\" data-custom-animations=\"true\" data-ca-options='{\"triggerHandler\":\"inview\",\"animationTarget\":\".lqd-lines .split-inner\",\"duration\":700,\"delay\":100,\"easing\":\"easeOutQuint\",\"direction\":\"forward\",\"initValues\":{\"scale\":1},\"animations\":{\"scale\":1}}' data-split-options='{\"type\":\"lines\"}'><span class=\"ld-fh-txt\"> DEGUSTACINE VAKARIENE<\/span><\/h2><\/div><style>@media (min-width: 992px) { .ld_fancy_heading_69e1d3b0db85a p {margin-right:8% !important;  }  } .ld_fancy_heading_69e1d3b0db85a .lqd-highlight-inner{height:0.275em;bottom:0px;}@media (min-width: 992px) { .ld_fancy_heading_69e1d3b0db85a p {margin-right:8% !important;  }  } <\/style><div class=\"ld-fancy-heading ld_fancy_heading_69e1d3b0db85a\">\n\t<p class=\"lqd-highlight-underline lqd-highlight-grow-left\" data-split-text=\"true\" data-custom-animations=\"true\" data-ca-options='{\"triggerHandler\":\"inview\",\"animationTarget\":\".lqd-lines .split-inner\",\"duration\":700,\"startDelay\":\"180\",\"delay\":100,\"easing\":\"easeOutQuint\",\"direction\":\"forward\",\"initValues\":{\"scale\":1},\"animations\":{\"scale\":1}}' data-split-options='{\"type\":\"lines\"}'><span class=\"ld-fh-txt\"> <\/p>\n<p class=\"p1\">Naujasis B\u014dHEME HOUSE restoranas kvie\u010dia rezervuoti norimas datas 2025 metams. Kiekvienam sezonui ruo\u0161iamas naujas meniu, leid\u017eiantis pasirinkti lengv\u0105 u\u017ekand\u017ei\u0173 format\u0105, &#8216;family style&#8217; dalinimuisi skirt\u0105 vakarien\u0119 arba degustacin\u0119 vakarien\u0119, kurias lydi patyrimai &#8211; r\u016bko, \u0161vies\u0173 efektai, temin\u0117s instaliacijos, praturtinan\u010dios J\u016bs\u0173 \u0161vent\u0119. M\u0117gaukit\u0117s \u0161ef\u0173 specialiai Jums paruo\u0161ta vakariene naujajame restorane arba stogo terasoje, kur 360\u2019 vaizdai apr\u0117pia vis\u0105 senamiest\u012f, Rotu\u0161\u0117s bok\u0161tus ir t\u0119siasi iki pat Prisik\u0117limo ba\u017eny\u010dios ir Aleksoto \u0161lait\u0173.<\/p>\n<p class=\"p1\"><i>Kaina &#8211; vakarien\u0117 55-90 Eur\/\u017emogui*<\/i><\/p>\n<p class=\"p1\">*priklauso nuo patiekal\u0173 pasirinkimo, j\u0173 skai\u010diaus ir galutinio sve\u010di\u0173 skai\u010diaus<\/p>\n<p><\/span><\/p><\/div>[vc_empty_space]<style>@media (min-width: 992px) { .ld_fancy_heading_69e1d3b0dba66 p {margin-right:8% !important;  }  } .ld_fancy_heading_69e1d3b0dba66 .lqd-highlight-inner{height:0.275em;bottom:0px;}@media (min-width: 992px) { .ld_fancy_heading_69e1d3b0dba66 p {margin-right:8% !important;  }  } <\/style><div class=\"ld-fancy-heading ld_fancy_heading_69e1d3b0dba66\">\n\t<p class=\"lqd-highlight-underline lqd-highlight-grow-left\" data-split-text=\"true\" data-custom-animations=\"true\" data-ca-options='{\"triggerHandler\":\"inview\",\"animationTarget\":\".lqd-lines .split-inner\",\"duration\":700,\"startDelay\":\"180\",\"delay\":100,\"easing\":\"easeOutQuint\",\"direction\":\"forward\",\"initValues\":{\"scale\":1},\"animations\":{\"scale\":1}}' data-split-options='{\"type\":\"lines\"}'><span class=\"ld-fh-txt\"> <strong>PAPILDOMAI SI\u016aLOME<\/strong><\/p>\n<ul>\n<li>Vyn\u0173 degustacijai si\u016blome profesional\u0173 somelj\u0117, kuris prie patiekal\u0173 derina vynus (\u0161ampanus, visk\u012f ar kitus g\u0117rimus) bei veda edukacin\u0119 2-3 valand\u0173 trukm\u0117s program\u0105<\/li>\n<\/ul>\n<p><em>Kaina &#8211; nuo 250\u20ac\/programa<\/em><\/p>\n<p>&nbsp;<\/p>\n<ul>\n<li>\u00a0Gyvai muzikai si\u016blome smuik\u0105, vokal\u0105, pianin\u0105\/sintezatori\u0173 arba saksofon\u0105<\/li>\n<\/ul>\n<p><em>Kaina &#8211; nuo 190\u20ac\/val<\/em><\/p>\n<p>&nbsp;<\/p>\n<ul>\n<li>Vakaro pabaigai-afterparty sve\u010diai po degustacijos da\u017enai renkasi m\u016bs\u0173 privat\u0173 kino teatr\u0105, kuriame \u017ei\u016br\u0117dami filmus arba muzikos koncertus degustuoja g\u0117rimus su sprag\u0117siais ir desertus<\/li>\n<\/ul>\n<p><em>Kaina &#8211; 70-85\u20ac\/val<\/em><\/p>\n<p>&nbsp;<\/p>\n<ul>\n<li>Kitos edukacijos &#8211; sve\u010di\u0173 \u0161ventes praturtiname \u012fvairiomis edukacijomis &#8211; dirbtuv\u0117mis su floriste arba keramike, Breakfast at Tiffany&#8217;s v\u0117lyvieji pusry\u010diai kartu su deimant\u0173 edukacija. Para\u0161ykite mums ir pad\u0117sime sukurti unikal\u0173 scenarij\u0173 J\u016bs\u0173 \u0161ventei.<\/li>\n<\/ul>\n<p><\/span><\/p><\/div>[vc_empty_space height=&#8221;48 px&#8221;][vc_column_text]<\/p>\n<p style=\"text-align: center;\"><strong>DAUGIAU INFORMACIJOS AR NORINT REZERVUOTI<\/strong><\/p>\n<p style=\"text-align: center;\"><strong>hello@bohemehouse.lt | +370 668 21771<\/strong><\/p>\n<p>[\/vc_column_text][vc_empty_space height=&#8221;48 px&#8221;][\/vc_column][vc_column offset=&#8221;vc_col-md-offset-2 vc_col-md-5&#8243;]<div id=\"ld_images_group_container_69e1d3b0dbceb\" class=\"liquid-img-group-container ld_images_group_container_69e1d3b0dbceb\"  >\n\t<div class=\"liquid-img-group-inner\">\n\t\t<div id=\"ld_images_group_element_69e1d3b0dc1b8\" class=\"liquid-img-group-single ld_images_group_element_69e1d3b0dc1b8\" >\n\t\n\t\t\n\t<div class=\"liquid-img-group-img-container\">\n\t\t\n\t\t\n\t\t\t\t\n\t\t\t\t<div class=\"liquid-img-container-inner\" >\n\t\t\t<figure ><img decoding=\"async\" width=\"1920\" height=\"1363\" src=\"https:\/\/bohemehouse.lt\/wp-content\/uploads\/2022\/11\/IMG_6567-scaled-e1668674022225.jpg\" class=\"attachment-full size-full\" alt=\"Tasting dinner\" srcset=\"https:\/\/bohemehouse.lt\/wp-content\/uploads\/2022\/11\/IMG_6567-scaled-e1668674022225.jpg 1920w, https:\/\/bohemehouse.lt\/wp-content\/uploads\/2022\/11\/IMG_6567-scaled-e1668674022225-300x213.jpg 300w, https:\/\/bohemehouse.lt\/wp-content\/uploads\/2022\/11\/IMG_6567-scaled-e1668674022225-1024x727.jpg 1024w, https:\/\/bohemehouse.lt\/wp-content\/uploads\/2022\/11\/IMG_6567-scaled-e1668674022225-768x545.jpg 768w, https:\/\/bohemehouse.lt\/wp-content\/uploads\/2022\/11\/IMG_6567-scaled-e1668674022225-1536x1090.jpg 1536w\" sizes=\"(max-width: 1920px) 100vw, 1920px\" \/><\/figure>\t\t\t\t\t<\/div><!-- \/.liquid-img-container-inner -->\n\t\t\n\t<\/div><!-- \/.liquid-img-group-content -->\n<\/div><!-- \/.liquid-img-group-single -->\n\t\n\t<\/div><!-- \/.liquid-img-group-inner -->\n<\/div><!-- \/.liquid-img-group-container -->[\/vc_column][\/vc_row][vc_row][vc_column][vc_empty_space height=&#8221;100px&#8221;][\/vc_column][\/vc_row][vc_row full_width=&#8221;stretch_row&#8221; el_id=&#8221;footer&#8221; css=&#8221;.vc_custom_1757505980323{padding-top: 35px !important;padding-bottom: 45px !important;background-color: #3F4041 !important;}&#8221;][vc_column align=&#8221;text-center&#8221;]<style>.mobile > li > a{font-size:12px;letter-spacing:0.1em;text-transform:uppercase;}.mobile > li{margin-bottom:30px;}.mobile > li > a,.mobile ul > li > a{color:rgb(204, 205, 206);}<\/style>\n<ul id=\"mobile\" class=\"lqd-custom-menu reset-ul   mobile\"><li id=\"menu-item-5464\" class=\"menu-item menu-item-type-custom menu-item-object-custom menu-item-5464\"><a href=\"\/lt#apartments\">Apartamentai<\/a><\/li>\n<li id=\"menu-item-5465\" class=\"menu-item menu-item-type-custom menu-item-object-custom menu-item-5465\"><a href=\"\/lt#offers\">Pasi\u016blymai<\/a><\/li>\n<li id=\"menu-item-5466\" class=\"desktop menu-item menu-item-type-custom menu-item-object-custom menu-item-5466\"><a href=\"\/lt#lobbyrestoranas\">Restoranas<\/a><\/li>\n<li id=\"menu-item-5467\" class=\"desktop menu-item menu-item-type-custom menu-item-object-custom menu-item-5467\"><a href=\"\/lt#roofterrace\">Stogo terasa<\/a><\/li>\n<li id=\"menu-item-5468\" class=\"desktop menu-item menu-item-type-custom menu-item-object-custom menu-item-5468\"><a href=\"\/lt#cinemalounge\">Kino teatras<\/a><\/li>\n<li id=\"menu-item-5766\" class=\"mobile menu-item menu-item-type-custom menu-item-object-custom menu-item-5766\"><a href=\"https:\/\/bohemehouse.lt\/lt#lobbyrestmob\">Restoranas<\/a><\/li>\n<li id=\"menu-item-5767\" class=\"mobile menu-item menu-item-type-custom menu-item-object-custom menu-item-5767\"><a href=\"https:\/\/bohemehouse.lt\/lt#roofterracemob\">Stogo terasa<\/a><\/li>\n<li id=\"menu-item-5768\" class=\"mobile menu-item menu-item-type-custom menu-item-object-custom menu-item-5768\"><a href=\"https:\/\/bohemehouse.lt\/lt#cinemaloungemob\">Kino teatras<\/a><\/li>\n<li id=\"menu-item-5469\" class=\"menu-item menu-item-type-post_type menu-item-object-page menu-item-5469\"><a href=\"https:\/\/bohemehouse.lt\/lt\/apie\/\">Apie<\/a><\/li>\n<li id=\"menu-item-5470\" class=\"menu-item menu-item-type-post_type menu-item-object-page menu-item-5470\"><a href=\"https:\/\/bohemehouse.lt\/lt\/kontaktai\/\">Kontaktai<\/a><\/li>\n<li id=\"menu-item-5471\" class=\"menu-item menu-item-type-post_type menu-item-object-page menu-item-5471\"><a href=\"https:\/\/bohemehouse.lt\/lt\/bendrosios-taisykles\/\">Bendrosios taisykl\u0117s<\/a><\/li>\n<li id=\"menu-item-5716\" class=\"menu-item menu-item-type-post_type menu-item-object-page menu-item-5716\"><a href=\"https:\/\/bohemehouse.lt\/lt\/privacy-policy\/\">Privatumo politika<\/a><\/li>\n<li id=\"menu-item-5472\" class=\"menu-item menu-item-type-post_type menu-item-object-page menu-item-5472\"><a href=\"https:\/\/bohemehouse.lt\/lt\/duk\/\">DUK<\/a><\/li>\n<\/ul><style>.desktop > li > a{font-size:12px;letter-spacing:0.1em;text-transform:uppercase;}.desktop li + li{margin-left:30px;}.desktop > li > a,.desktop ul > li > a{color:rgb(204, 205, 206);}<\/style>\n<ul id=\"desktop\" class=\"lqd-custom-menu reset-ul inline-nav  desktop\"><li class=\"menu-item menu-item-type-custom menu-item-object-custom menu-item-5464\"><a href=\"\/lt#apartments\">Apartamentai<\/a><\/li>\n<li class=\"menu-item menu-item-type-custom menu-item-object-custom menu-item-5465\"><a href=\"\/lt#offers\">Pasi\u016blymai<\/a><\/li>\n<li class=\"desktop menu-item menu-item-type-custom menu-item-object-custom menu-item-5466\"><a href=\"\/lt#lobbyrestoranas\">Restoranas<\/a><\/li>\n<li class=\"desktop menu-item menu-item-type-custom menu-item-object-custom menu-item-5467\"><a href=\"\/lt#roofterrace\">Stogo terasa<\/a><\/li>\n<li class=\"desktop menu-item menu-item-type-custom menu-item-object-custom menu-item-5468\"><a href=\"\/lt#cinemalounge\">Kino teatras<\/a><\/li>\n<li class=\"mobile menu-item menu-item-type-custom menu-item-object-custom menu-item-5766\"><a href=\"https:\/\/bohemehouse.lt\/lt#lobbyrestmob\">Restoranas<\/a><\/li>\n<li class=\"mobile menu-item menu-item-type-custom menu-item-object-custom menu-item-5767\"><a href=\"https:\/\/bohemehouse.lt\/lt#roofterracemob\">Stogo terasa<\/a><\/li>\n<li class=\"mobile menu-item menu-item-type-custom menu-item-object-custom menu-item-5768\"><a href=\"https:\/\/bohemehouse.lt\/lt#cinemaloungemob\">Kino teatras<\/a><\/li>\n<li class=\"menu-item menu-item-type-post_type menu-item-object-page menu-item-5469\"><a href=\"https:\/\/bohemehouse.lt\/lt\/apie\/\">Apie<\/a><\/li>\n<li class=\"menu-item menu-item-type-post_type menu-item-object-page menu-item-5470\"><a href=\"https:\/\/bohemehouse.lt\/lt\/kontaktai\/\">Kontaktai<\/a><\/li>\n<li class=\"menu-item menu-item-type-post_type menu-item-object-page menu-item-5471\"><a href=\"https:\/\/bohemehouse.lt\/lt\/bendrosios-taisykles\/\">Bendrosios taisykl\u0117s<\/a><\/li>\n<li class=\"menu-item menu-item-type-post_type menu-item-object-page menu-item-5716\"><a href=\"https:\/\/bohemehouse.lt\/lt\/privacy-policy\/\">Privatumo politika<\/a><\/li>\n<li class=\"menu-item menu-item-type-post_type menu-item-object-page menu-item-5472\"><a href=\"https:\/\/bohemehouse.lt\/lt\/duk\/\">DUK<\/a><\/li>\n<\/ul><style>.ld_spacer_69e1d3b0e1074{height:25px;}<\/style>\n<div class=\"ld-empty-space ld_spacer_69e1d3b0e1074\"><span class=\"liquid_empty_space_inner\"><\/span><\/div>[\/vc_column][vc_column align=&#8221;text-center&#8221; offset=&#8221;vc_col-md-offset-3 vc_col-md-6&#8243;]<style>.ld_social_icons_69e1d3b0e1162.social-icon li a{color:#CCCDCE;}.ld_social_icons_69e1d3b0e1162.social-icon li a:hover{color:#ffffff;}<\/style><ul class=\"social-icon social-icon-md ld_social_icons_69e1d3b0e1162\" id=ld_social_icons_69e1d3b0e1162>\n<li><a href=\"https:\/\/www.facebook.com\/bohemehouse\/\" target=\"_blank\" rel=\"nofollow\"><i class=\"fa fa-facebook\"><\/i><\/a><\/li><li><a href=\"https:\/\/www.instagram.com\/bohemehouse\/\" target=\"_blank\" rel=\"nofollow\"><i class=\"fa fa-instagram\"><\/i><\/a><\/li><li><a href=\"http:\/\/www.pinterest.com\/thearchitectlt\" target=\"_blank\" rel=\"nofollow\"><i class=\"fa fa-pinterest\"><\/i><\/a><\/li><\/ul>[\/vc_column][\/vc_row]<\/p>\n<\/div>","protected":false},"excerpt":{"rendered":"<p>[vc_row el_class=&#8221;desktop&#8221;][vc_column][vc_empty_space height=&#8221;230px&#8221;][\/vc_column][\/vc_row][vc_row el_class=&#8221;mobile&#8221;][vc_column][vc_empty_space height=&#8221;100px&#8221;][\/vc_column][\/vc_row][vc_row el_id=&#8221;about&#8221;][vc_column enable_content_animation=&#8221;yes&#8221; ca_init_scale_x=&#8221;1&#8243; ca_init_scale_y=&#8221;1&#8243; ca_init_scale_z=&#8221;1&#8243; ca_init_opacity=&#8221;0&#8243; ca_an_scale_x=&#8221;1&#8243; ca_an_scale_y=&#8221;1&#8243; ca_an_scale_z=&#8221;1&#8243; ca_an_opacity=&#8221;1&#8243;&#8230;<\/p>\n","protected":false},"author":2,"featured_media":0,"parent":0,"menu_order":0,"comment_status":"closed","ping_status":"closed","template":"","meta":{"footnotes":""},"class_list":["post-6116","page","type-page","status-publish","hentry"],"yoast_head":"<!-- This site is optimized with the Yoast SEO plugin v27.1.1 - https:\/\/yoast.com\/product\/yoast-seo-wordpress\/ -->\n<title>Degustacin\u0117 vakarien\u0117 - B\u014dHEME HOUSE<\/title>\n<meta name=\"robots\" content=\"index, follow, max-snippet:-1, max-image-preview:large, max-video-preview:-1\" \/>\n<link rel=\"canonical\" href=\"https:\/\/bohemehouse.lt\/lt\/degustacine-vakariene\/\" \/>\n<meta property=\"og:locale\" content=\"lt_LT\" \/>\n<meta property=\"og:type\" content=\"article\" \/>\n<meta property=\"og:title\" content=\"Degustacin\u0117 vakarien\u0117 - B\u014dHEME HOUSE\" \/>\n<meta property=\"og:description\" content=\"[vc_row el_class=&#8221;desktop&#8221;][vc_column][vc_empty_space height=&#8221;230px&#8221;][\/vc_column][\/vc_row][vc_row el_class=&#8221;mobile&#8221;][vc_column][vc_empty_space height=&#8221;100px&#8221;][\/vc_column][\/vc_row][vc_row el_id=&#8221;about&#8221;][vc_column enable_content_animation=&#8221;yes&#8221; ca_init_scale_x=&#8221;1&#8243; ca_init_scale_y=&#8221;1&#8243; ca_init_scale_z=&#8221;1&#8243; ca_init_opacity=&#8221;0&#8243; ca_an_scale_x=&#8221;1&#8243; ca_an_scale_y=&#8221;1&#8243; ca_an_scale_z=&#8221;1&#8243; ca_an_opacity=&#8221;1&#8243;...\" \/>\n<meta property=\"og:url\" content=\"https:\/\/bohemehouse.lt\/lt\/degustacine-vakariene\/\" \/>\n<meta property=\"og:site_name\" content=\"B\u014dHEME HOUSE\" \/>\n<meta property=\"article:modified_time\" content=\"2025-09-11T07:26:10+00:00\" \/>\n<meta name=\"twitter:card\" content=\"summary_large_image\" \/>\n<meta name=\"twitter:label1\" content=\"Est. reading time\" \/>\n\t<meta name=\"twitter:data1\" content=\"5 minut\u0117s\" \/>\n<script type=\"application\/ld+json\" class=\"yoast-schema-graph\">{\"@context\":\"https:\/\/schema.org\",\"@graph\":[{\"@type\":\"WebPage\",\"@id\":\"https:\/\/bohemehouse.lt\/lt\/degustacine-vakariene\/\",\"url\":\"https:\/\/bohemehouse.lt\/lt\/degustacine-vakariene\/\",\"name\":\"Degustacin\u0117 vakarien\u0117 - B\u014dHEME HOUSE\",\"isPartOf\":{\"@id\":\"https:\/\/bohemehouse.lt\/#website\"},\"datePublished\":\"2022-11-08T13:11:07+00:00\",\"dateModified\":\"2025-09-11T07:26:10+00:00\",\"breadcrumb\":{\"@id\":\"https:\/\/bohemehouse.lt\/lt\/degustacine-vakariene\/#breadcrumb\"},\"inLanguage\":\"lt-LT\",\"potentialAction\":[{\"@type\":\"ReadAction\",\"target\":[\"https:\/\/bohemehouse.lt\/lt\/degustacine-vakariene\/\"]}]},{\"@type\":\"BreadcrumbList\",\"@id\":\"https:\/\/bohemehouse.lt\/lt\/degustacine-vakariene\/#breadcrumb\",\"itemListElement\":[{\"@type\":\"ListItem\",\"position\":1,\"name\":\"Home\",\"item\":\"https:\/\/bohemehouse.lt\/lt\/\"},{\"@type\":\"ListItem\",\"position\":2,\"name\":\"Degustacin\u0117 vakarien\u0117\"}]},{\"@type\":\"WebSite\",\"@id\":\"https:\/\/bohemehouse.lt\/#website\",\"url\":\"https:\/\/bohemehouse.lt\/\",\"name\":\"B\u014dHEME HOUSE\",\"description\":\"Boutique Hotel in Kaunas Old Town\",\"potentialAction\":[{\"@type\":\"SearchAction\",\"target\":{\"@type\":\"EntryPoint\",\"urlTemplate\":\"https:\/\/bohemehouse.lt\/?s={search_term_string}\"},\"query-input\":{\"@type\":\"PropertyValueSpecification\",\"valueRequired\":true,\"valueName\":\"search_term_string\"}}],\"inLanguage\":\"lt-LT\"}]}<\/script>\n<!-- \/ Yoast SEO plugin. -->","yoast_head_json":{"title":"Degustacin\u0117 vakarien\u0117 - B\u014dHEME HOUSE","robots":{"index":"index","follow":"follow","max-snippet":"max-snippet:-1","max-image-preview":"max-image-preview:large","max-video-preview":"max-video-preview:-1"},"canonical":"https:\/\/bohemehouse.lt\/lt\/degustacine-vakariene\/","og_locale":"lt_LT","og_type":"article","og_title":"Degustacin\u0117 vakarien\u0117 - B\u014dHEME HOUSE","og_description":"[vc_row el_class=&#8221;desktop&#8221;][vc_column][vc_empty_space height=&#8221;230px&#8221;][\/vc_column][\/vc_row][vc_row el_class=&#8221;mobile&#8221;][vc_column][vc_empty_space height=&#8221;100px&#8221;][\/vc_column][\/vc_row][vc_row el_id=&#8221;about&#8221;][vc_column enable_content_animation=&#8221;yes&#8221; ca_init_scale_x=&#8221;1&#8243; ca_init_scale_y=&#8221;1&#8243; ca_init_scale_z=&#8221;1&#8243; ca_init_opacity=&#8221;0&#8243; ca_an_scale_x=&#8221;1&#8243; ca_an_scale_y=&#8221;1&#8243; ca_an_scale_z=&#8221;1&#8243; ca_an_opacity=&#8221;1&#8243;...","og_url":"https:\/\/bohemehouse.lt\/lt\/degustacine-vakariene\/","og_site_name":"B\u014dHEME HOUSE","article_modified_time":"2025-09-11T07:26:10+00:00","twitter_card":"summary_large_image","twitter_misc":{"Est. reading time":"5 minut\u0117s"},"schema":{"@context":"https:\/\/schema.org","@graph":[{"@type":"WebPage","@id":"https:\/\/bohemehouse.lt\/lt\/degustacine-vakariene\/","url":"https:\/\/bohemehouse.lt\/lt\/degustacine-vakariene\/","name":"Degustacin\u0117 vakarien\u0117 - B\u014dHEME HOUSE","isPartOf":{"@id":"https:\/\/bohemehouse.lt\/#website"},"datePublished":"2022-11-08T13:11:07+00:00","dateModified":"2025-09-11T07:26:10+00:00","breadcrumb":{"@id":"https:\/\/bohemehouse.lt\/lt\/degustacine-vakariene\/#breadcrumb"},"inLanguage":"lt-LT","potentialAction":[{"@type":"ReadAction","target":["https:\/\/bohemehouse.lt\/lt\/degustacine-vakariene\/"]}]},{"@type":"BreadcrumbList","@id":"https:\/\/bohemehouse.lt\/lt\/degustacine-vakariene\/#breadcrumb","itemListElement":[{"@type":"ListItem","position":1,"name":"Home","item":"https:\/\/bohemehouse.lt\/lt\/"},{"@type":"ListItem","position":2,"name":"Degustacin\u0117 vakarien\u0117"}]},{"@type":"WebSite","@id":"https:\/\/bohemehouse.lt\/#website","url":"https:\/\/bohemehouse.lt\/","name":"B\u014dHEME HOUSE","description":"Boutique Hotel in Kaunas Old Town","potentialAction":[{"@type":"SearchAction","target":{"@type":"EntryPoint","urlTemplate":"https:\/\/bohemehouse.lt\/?s={search_term_string}"},"query-input":{"@type":"PropertyValueSpecification","valueRequired":true,"valueName":"search_term_string"}}],"inLanguage":"lt-LT"}]}},"_links":{"self":[{"href":"https:\/\/bohemehouse.lt\/lt\/wp-json\/wp\/v2\/pages\/6116","targetHints":{"allow":["GET"]}}],"collection":[{"href":"https:\/\/bohemehouse.lt\/lt\/wp-json\/wp\/v2\/pages"}],"about":[{"href":"https:\/\/bohemehouse.lt\/lt\/wp-json\/wp\/v2\/types\/page"}],"author":[{"embeddable":true,"href":"https:\/\/bohemehouse.lt\/lt\/wp-json\/wp\/v2\/users\/2"}],"replies":[{"embeddable":true,"href":"https:\/\/bohemehouse.lt\/lt\/wp-json\/wp\/v2\/comments?post=6116"}],"version-history":[{"count":10,"href":"https:\/\/bohemehouse.lt\/lt\/wp-json\/wp\/v2\/pages\/6116\/revisions"}],"predecessor-version":[{"id":7637,"href":"https:\/\/bohemehouse.lt\/lt\/wp-json\/wp\/v2\/pages\/6116\/revisions\/7637"}],"wp:attachment":[{"href":"https:\/\/bohemehouse.lt\/lt\/wp-json\/wp\/v2\/media?parent=6116"}],"curies":[{"name":"wp","href":"https:\/\/api.w.org\/{rel}","templated":true}]}}