{"id":6759,"date":"2023-07-15T21:23:52","date_gmt":"2023-07-15T20:23:52","guid":{"rendered":"https:\/\/bohemehouse.lt\/?page_id=6759"},"modified":"2025-09-11T08:01:04","modified_gmt":"2025-09-11T07:01:04","slug":"ambasada-nidoje","status":"publish","type":"page","link":"https:\/\/bohemehouse.lt\/lt\/ambasada-nidoje\/","title":{"rendered":"Ambasada Nidoje"},"content":{"rendered":"<div class=\"wpb-content-wrapper\"><p>[vc_row el_class=&#8221;desktop&#8221;][vc_column][vc_empty_space height=&#8221;230px&#8221;][\/vc_column][\/vc_row][vc_row el_class=&#8221;mobile&#8221;][vc_column][vc_empty_space height=&#8221;100px&#8221;][\/vc_column][\/vc_row][vc_row][vc_column width=&#8221;1\/2&#8243; align=&#8221;text-center&#8221;][vc_column_text css=&#8221;.vc_custom_1689452489760{margin-right: 0px !important;margin-left: 0px !important;padding-right: 50px !important;padding-left: 50px !important;}&#8221;]<\/p>\n<p style=\"text-align: center;\"><strong>AMBASADA NIDOJE<\/strong><\/p>\n<p>Ne paslaptis, kad Nida &#8211; kupina magijos. Kupina paslapties, savo atokumu leid\u017eianti palikti r\u016bpes\u010dius kontinente ir keltu persikelti \u012f am\u017eino sekmadienio \u0161al\u012f.<\/p>\n<p>\u012ekv\u0117pti Kur\u0161i\u0173 Nerijos brutalios modernistin\u0117s prieplaukos, gelb\u0117jimo sto\u010di\u0173 ir jauki\u0173 medinuk\u0173 architekt\u016bros kontrast\u0173 k\u016br\u0117me ypatingus atostog\u0173 namus. Namus, kurie miesto \u017emogui vasar\u0105 leis pab\u0117gti nuo kontinente garuojan\u010dio asfalto, o \u017eiem\u0105 kvies su\u0161ilti nuosavame spa po pasivaik\u0161\u010diojimo pu\u0161yno pusnimis.<\/p>\n<p>J\u016aR\u0172 MARI\u0172 apartamentai, \u012fsik\u016br\u0119 Urbo kalno pap\u0117d\u0117je, kupini tylios prabangos, kokyb\u0117s, komforto ir \u012fkv\u0117pimo.[\/vc_column_text][vc_empty_space]<div class=\"header-module\">\n\t<style>.ld_button_69d61a0a5fdf8.btn-icon-solid .btn-icon{background:rgb(0, 0, 0);}.ld_button_69d61a0a5fdf8.btn-icon-circle.btn-icon-ripple .btn-icon:before{border-color:rgb(0, 0, 0);}.ld_button_69d61a0a5fdf8.btn-icon-solid:hover .btn-icon{background:rgb(42, 42, 42);}.ld_button_69d61a0a5fdf8{background-color:rgb(0, 0, 0);border-color:rgb(0, 0, 0);color:rgb(255, 255, 255);font-size:13px !important;font-weight:500 !important;letter-spacing:0.2em !important;}.ld_button_69d61a0a5fdf8:hover{background-color:rgb(42, 42, 42);border-color:rgb(42, 42, 42);color:rgb(255, 255, 255);}.ld_button_69d61a0a5fdf8 .btn-gradient-bg-hover{background:-webkit-linear-gradient(to right, rgb(42, 42, 42) 0%, rgb(42, 42, 42) 100%);background:linear-gradient(to right, rgb(42, 42, 42) 0%, rgb(42, 42, 42) 100%);}.ld_button_69d61a0a5fdf8 .btn-gradient-border defs stop:first-child{stop-color:rgb(0, 0, 0);}.ld_button_69d61a0a5fdf8 .btn-gradient-border defs stop:last-child{stop-color:rgb(0, 0, 0);}.ld_button_69d61a0a5fdf8:hover .btn-gradient-border defs stop:first-child{stop-color:rgb(42, 42, 42);}.ld_button_69d61a0a5fdf8:hover .btn-gradient-border defs stop:last-child{stop-color:rgb(42, 42, 42);}<\/style><a href=\"https:\/\/bohemehouse.lt\/lt\/ambasada-nidoje-juru-link\/\" class=\"btn btn-solid text-uppercase btn-sm btn-bordered border-thin ld_header_button_69d61a0a5f682 ld_button_69d61a0a5fdf8 vc_custom_1689454674583\">\n\t<span>\n\t\t\n\t\t\t\t\t<span class=\"btn-txt\">J\u016aR\u0172 LINK<\/span>\n\t\t\t\n\t\t\t\t<\/span>\n<\/a>\n<\/div><div class=\"header-module\">\n\t<style>.ld_button_69d61a0a602f6.btn-icon-solid .btn-icon{background:rgb(0, 0, 0);}.ld_button_69d61a0a602f6.btn-icon-circle.btn-icon-ripple .btn-icon:before{border-color:rgb(0, 0, 0);}.ld_button_69d61a0a602f6.btn-icon-solid:hover .btn-icon{background:rgb(42, 42, 42);}.ld_button_69d61a0a602f6{background-color:rgb(0, 0, 0);border-color:rgb(0, 0, 0);color:rgb(255, 255, 255);font-size:13px !important;font-weight:500 !important;letter-spacing:0.2em !important;}.ld_button_69d61a0a602f6:hover{background-color:rgb(42, 42, 42);border-color:rgb(42, 42, 42);color:rgb(255, 255, 255);}.ld_button_69d61a0a602f6 .btn-gradient-bg-hover{background:-webkit-linear-gradient(to right, rgb(42, 42, 42) 0%, rgb(42, 42, 42) 100%);background:linear-gradient(to right, rgb(42, 42, 42) 0%, rgb(42, 42, 42) 100%);}.ld_button_69d61a0a602f6 .btn-gradient-border defs stop:first-child{stop-color:rgb(0, 0, 0);}.ld_button_69d61a0a602f6 .btn-gradient-border defs stop:last-child{stop-color:rgb(0, 0, 0);}.ld_button_69d61a0a602f6:hover .btn-gradient-border defs stop:first-child{stop-color:rgb(42, 42, 42);}.ld_button_69d61a0a602f6:hover .btn-gradient-border defs stop:last-child{stop-color:rgb(42, 42, 42);}<\/style><a href=\"https:\/\/bohemehouse.lt\/lt\/ambasada-nidoje-mariu-link\/\" class=\"btn btn-solid text-uppercase btn-sm btn-bordered border-thin ld_header_button_69d61a0a601de ld_button_69d61a0a602f6 vc_custom_1689455203680\">\n\t<span>\n\t\t\n\t\t\t\t\t<span class=\"btn-txt\">MARI\u0172 LINK<\/span>\n\t\t\t\n\t\t\t\t<\/span>\n<\/a>\n<\/div>[\/vc_column][vc_column width=&#8221;1\/2&#8243; css=&#8221;.vc_custom_1689452192100{margin-left: 50px !important;}&#8221;][vc_column_text]<img decoding=\"async\" class=\"alignnone wp-image-6838\" src=\"https:\/\/bohemehouse.lt\/wp-content\/uploads\/2023\/10\/0_COVER_Vaiva-Mazone_Mariu-apartamentai-Large-2-300x200.jpeg\" alt=\"\" width=\"500\" height=\"334\" srcset=\"https:\/\/bohemehouse.lt\/wp-content\/uploads\/2023\/10\/0_COVER_Vaiva-Mazone_Mariu-apartamentai-Large-2-300x200.jpeg 300w, https:\/\/bohemehouse.lt\/wp-content\/uploads\/2023\/10\/0_COVER_Vaiva-Mazone_Mariu-apartamentai-Large-2-1024x683.jpeg 1024w, https:\/\/bohemehouse.lt\/wp-content\/uploads\/2023\/10\/0_COVER_Vaiva-Mazone_Mariu-apartamentai-Large-2.jpeg 1280w\" sizes=\"(max-width: 500px) 100vw, 500px\" \/>[\/vc_column_text][\/vc_column][\/vc_row][vc_row][vc_column][vc_empty_space][\/vc_column][\/vc_row][vc_row][vc_column][vc_empty_space][\/vc_column][\/vc_row][vc_row full_width=&#8221;stretch_row&#8221; el_id=&#8221;footer&#8221; css=&#8221;.vc_custom_1757505980323{padding-top: 35px !important;padding-bottom: 45px !important;background-color: #3F4041 !important;}&#8221;][vc_column align=&#8221;text-center&#8221;]<style>.mobile > li > a{font-size:12px;letter-spacing:0.1em;text-transform:uppercase;}.mobile > li{margin-bottom:30px;}.mobile > li > a,.mobile ul > li > a{color:rgb(204, 205, 206);}<\/style>\n<ul id=\"mobile\" class=\"lqd-custom-menu reset-ul   mobile\"><li id=\"menu-item-5464\" class=\"menu-item menu-item-type-custom menu-item-object-custom menu-item-5464\"><a href=\"\/lt#apartments\">Apartamentai<\/a><\/li>\n<li id=\"menu-item-5465\" class=\"menu-item menu-item-type-custom menu-item-object-custom menu-item-5465\"><a href=\"\/lt#offers\">Pasi\u016blymai<\/a><\/li>\n<li id=\"menu-item-5466\" class=\"desktop menu-item menu-item-type-custom menu-item-object-custom menu-item-5466\"><a href=\"\/lt#lobbyrestoranas\">Restoranas<\/a><\/li>\n<li id=\"menu-item-5467\" class=\"desktop menu-item menu-item-type-custom menu-item-object-custom menu-item-5467\"><a href=\"\/lt#roofterrace\">Stogo terasa<\/a><\/li>\n<li id=\"menu-item-5468\" class=\"desktop menu-item menu-item-type-custom menu-item-object-custom menu-item-5468\"><a href=\"\/lt#cinemalounge\">Kino teatras<\/a><\/li>\n<li id=\"menu-item-5766\" class=\"mobile menu-item menu-item-type-custom menu-item-object-custom menu-item-5766\"><a href=\"https:\/\/bohemehouse.lt\/lt#lobbyrestmob\">Restoranas<\/a><\/li>\n<li id=\"menu-item-5767\" class=\"mobile menu-item menu-item-type-custom menu-item-object-custom menu-item-5767\"><a href=\"https:\/\/bohemehouse.lt\/lt#roofterracemob\">Stogo terasa<\/a><\/li>\n<li id=\"menu-item-5768\" class=\"mobile menu-item menu-item-type-custom menu-item-object-custom menu-item-5768\"><a href=\"https:\/\/bohemehouse.lt\/lt#cinemaloungemob\">Kino teatras<\/a><\/li>\n<li id=\"menu-item-5469\" class=\"menu-item menu-item-type-post_type menu-item-object-page menu-item-5469\"><a href=\"https:\/\/bohemehouse.lt\/lt\/apie\/\">Apie<\/a><\/li>\n<li id=\"menu-item-5470\" class=\"menu-item menu-item-type-post_type menu-item-object-page menu-item-5470\"><a href=\"https:\/\/bohemehouse.lt\/lt\/kontaktai\/\">Kontaktai<\/a><\/li>\n<li id=\"menu-item-5471\" class=\"menu-item menu-item-type-post_type menu-item-object-page menu-item-5471\"><a href=\"https:\/\/bohemehouse.lt\/lt\/bendrosios-taisykles\/\">Bendrosios taisykl\u0117s<\/a><\/li>\n<li id=\"menu-item-5716\" class=\"menu-item menu-item-type-post_type menu-item-object-page menu-item-5716\"><a href=\"https:\/\/bohemehouse.lt\/lt\/privacy-policy\/\">Privatumo politika<\/a><\/li>\n<li id=\"menu-item-5472\" class=\"menu-item menu-item-type-post_type menu-item-object-page menu-item-5472\"><a href=\"https:\/\/bohemehouse.lt\/lt\/duk\/\">DUK<\/a><\/li>\n<\/ul><style>.desktop > li > a{font-size:12px;letter-spacing:0.1em;text-transform:uppercase;}.desktop li + li{margin-left:30px;}.desktop > li > a,.desktop ul > li > a{color:rgb(204, 205, 206);}<\/style>\n<ul id=\"desktop\" class=\"lqd-custom-menu reset-ul inline-nav  desktop\"><li class=\"menu-item menu-item-type-custom menu-item-object-custom menu-item-5464\"><a href=\"\/lt#apartments\">Apartamentai<\/a><\/li>\n<li class=\"menu-item menu-item-type-custom menu-item-object-custom menu-item-5465\"><a href=\"\/lt#offers\">Pasi\u016blymai<\/a><\/li>\n<li class=\"desktop menu-item menu-item-type-custom menu-item-object-custom menu-item-5466\"><a href=\"\/lt#lobbyrestoranas\">Restoranas<\/a><\/li>\n<li class=\"desktop menu-item menu-item-type-custom menu-item-object-custom menu-item-5467\"><a href=\"\/lt#roofterrace\">Stogo terasa<\/a><\/li>\n<li class=\"desktop menu-item menu-item-type-custom menu-item-object-custom menu-item-5468\"><a href=\"\/lt#cinemalounge\">Kino teatras<\/a><\/li>\n<li class=\"mobile menu-item menu-item-type-custom menu-item-object-custom menu-item-5766\"><a href=\"https:\/\/bohemehouse.lt\/lt#lobbyrestmob\">Restoranas<\/a><\/li>\n<li class=\"mobile menu-item menu-item-type-custom menu-item-object-custom menu-item-5767\"><a href=\"https:\/\/bohemehouse.lt\/lt#roofterracemob\">Stogo terasa<\/a><\/li>\n<li class=\"mobile menu-item menu-item-type-custom menu-item-object-custom menu-item-5768\"><a href=\"https:\/\/bohemehouse.lt\/lt#cinemaloungemob\">Kino teatras<\/a><\/li>\n<li class=\"menu-item menu-item-type-post_type menu-item-object-page menu-item-5469\"><a href=\"https:\/\/bohemehouse.lt\/lt\/apie\/\">Apie<\/a><\/li>\n<li class=\"menu-item menu-item-type-post_type menu-item-object-page menu-item-5470\"><a href=\"https:\/\/bohemehouse.lt\/lt\/kontaktai\/\">Kontaktai<\/a><\/li>\n<li class=\"menu-item menu-item-type-post_type menu-item-object-page menu-item-5471\"><a href=\"https:\/\/bohemehouse.lt\/lt\/bendrosios-taisykles\/\">Bendrosios taisykl\u0117s<\/a><\/li>\n<li class=\"menu-item menu-item-type-post_type menu-item-object-page menu-item-5716\"><a href=\"https:\/\/bohemehouse.lt\/lt\/privacy-policy\/\">Privatumo politika<\/a><\/li>\n<li class=\"menu-item menu-item-type-post_type menu-item-object-page menu-item-5472\"><a href=\"https:\/\/bohemehouse.lt\/lt\/duk\/\">DUK<\/a><\/li>\n<\/ul><style>.ld_spacer_69d61a0a6760a{height:25px;}<\/style>\n<div class=\"ld-empty-space ld_spacer_69d61a0a6760a\"><span class=\"liquid_empty_space_inner\"><\/span><\/div>[\/vc_column][vc_column align=&#8221;text-center&#8221; offset=&#8221;vc_col-md-offset-3 vc_col-md-6&#8243;]<style>.ld_social_icons_69d61a0a677ef.social-icon li a{color:#CCCDCE;}.ld_social_icons_69d61a0a677ef.social-icon li a:hover{color:#ffffff;}<\/style><ul class=\"social-icon social-icon-md ld_social_icons_69d61a0a677ef\" id=ld_social_icons_69d61a0a677ef>\n<li><a href=\"https:\/\/www.facebook.com\/bohemehouse\/\" target=\"_blank\" rel=\"nofollow\"><i class=\"fa fa-facebook\"><\/i><\/a><\/li><li><a href=\"https:\/\/www.instagram.com\/bohemehouse\/\" target=\"_blank\" rel=\"nofollow\"><i class=\"fa fa-instagram\"><\/i><\/a><\/li><li><a href=\"http:\/\/www.pinterest.com\/thearchitectlt\" target=\"_blank\" rel=\"nofollow\"><i class=\"fa fa-pinterest\"><\/i><\/a><\/li><\/ul>[\/vc_column][\/vc_row]<\/p>\n<\/div>","protected":false},"excerpt":{"rendered":"<p>[vc_row el_class=&#8221;desktop&#8221;][vc_column][vc_empty_space height=&#8221;230px&#8221;][\/vc_column][\/vc_row][vc_row el_class=&#8221;mobile&#8221;][vc_column][vc_empty_space height=&#8221;100px&#8221;][\/vc_column][\/vc_row][vc_row][vc_column width=&#8221;1\/2&#8243; align=&#8221;text-center&#8221;][vc_column_text css=&#8221;.vc_custom_1689452489760{margin-right: 0px !important;margin-left: 0px !important;padding-right: 50px !important;padding-left: 50px&#8230;<\/p>\n","protected":false},"author":2,"featured_media":0,"parent":0,"menu_order":0,"comment_status":"closed","ping_status":"closed","template":"","meta":{"footnotes":""},"class_list":["post-6759","page","type-page","status-publish","hentry"],"yoast_head":"<!-- This site is optimized with the Yoast SEO plugin v27.1.1 - https:\/\/yoast.com\/product\/yoast-seo-wordpress\/ -->\n<title>B\u014dHEME HOUSE | Ambasada Nidoje<\/title>\n<meta name=\"description\" content=\"Ambasada nidoje, isskirtiniu apartamentu nuoma nidoje\" \/>\n<meta name=\"robots\" content=\"index, follow, max-snippet:-1, max-image-preview:large, max-video-preview:-1\" \/>\n<link rel=\"canonical\" href=\"https:\/\/bohemehouse.lt\/lt\/ambasada-nidoje\/\" \/>\n<meta property=\"og:locale\" content=\"lt_LT\" \/>\n<meta property=\"og:type\" content=\"article\" \/>\n<meta property=\"og:title\" content=\"B\u014dHEME HOUSE | Ambasada Nidoje\" \/>\n<meta property=\"og:description\" content=\"Ambasada nidoje, isskirtiniu apartamentu nuoma nidoje\" \/>\n<meta property=\"og:url\" content=\"https:\/\/bohemehouse.lt\/lt\/ambasada-nidoje\/\" \/>\n<meta property=\"og:site_name\" content=\"B\u014dHEME HOUSE\" \/>\n<meta property=\"article:modified_time\" content=\"2025-09-11T07:01:04+00:00\" \/>\n<meta property=\"og:image\" content=\"https:\/\/bohemehouse.lt\/wp-content\/uploads\/2023\/10\/0_COVER_Vaiva-Mazone_Mariu-apartamentai-Large-2.jpeg\" \/>\n\t<meta property=\"og:image:width\" content=\"1280\" \/>\n\t<meta property=\"og:image:height\" content=\"854\" \/>\n\t<meta property=\"og:image:type\" content=\"image\/jpeg\" \/>\n<meta name=\"twitter:card\" content=\"summary_large_image\" \/>\n<meta name=\"twitter:label1\" content=\"Est. reading time\" \/>\n\t<meta name=\"twitter:data1\" content=\"2 minut\u0117s\" \/>\n<script type=\"application\/ld+json\" class=\"yoast-schema-graph\">{\"@context\":\"https:\/\/schema.org\",\"@graph\":[{\"@type\":\"WebPage\",\"@id\":\"https:\/\/bohemehouse.lt\/lt\/ambasada-nidoje\/\",\"url\":\"https:\/\/bohemehouse.lt\/lt\/ambasada-nidoje\/\",\"name\":\"B\u014dHEME HOUSE | Ambasada Nidoje\",\"isPartOf\":{\"@id\":\"https:\/\/bohemehouse.lt\/#website\"},\"primaryImageOfPage\":{\"@id\":\"https:\/\/bohemehouse.lt\/lt\/ambasada-nidoje\/#primaryimage\"},\"image\":{\"@id\":\"https:\/\/bohemehouse.lt\/lt\/ambasada-nidoje\/#primaryimage\"},\"thumbnailUrl\":\"https:\/\/bohemehouse.lt\/wp-content\/uploads\/2023\/10\/0_COVER_Vaiva-Mazone_Mariu-apartamentai-Large-2-300x200.jpeg\",\"datePublished\":\"2023-07-15T20:23:52+00:00\",\"dateModified\":\"2025-09-11T07:01:04+00:00\",\"description\":\"Ambasada nidoje, isskirtiniu apartamentu nuoma nidoje\",\"breadcrumb\":{\"@id\":\"https:\/\/bohemehouse.lt\/lt\/ambasada-nidoje\/#breadcrumb\"},\"inLanguage\":\"lt-LT\",\"potentialAction\":[{\"@type\":\"ReadAction\",\"target\":[\"https:\/\/bohemehouse.lt\/lt\/ambasada-nidoje\/\"]}]},{\"@type\":\"ImageObject\",\"inLanguage\":\"lt-LT\",\"@id\":\"https:\/\/bohemehouse.lt\/lt\/ambasada-nidoje\/#primaryimage\",\"url\":\"https:\/\/bohemehouse.lt\/wp-content\/uploads\/2023\/10\/0_COVER_Vaiva-Mazone_Mariu-apartamentai-Large-2-300x200.jpeg\",\"contentUrl\":\"https:\/\/bohemehouse.lt\/wp-content\/uploads\/2023\/10\/0_COVER_Vaiva-Mazone_Mariu-apartamentai-Large-2-300x200.jpeg\"},{\"@type\":\"BreadcrumbList\",\"@id\":\"https:\/\/bohemehouse.lt\/lt\/ambasada-nidoje\/#breadcrumb\",\"itemListElement\":[{\"@type\":\"ListItem\",\"position\":1,\"name\":\"Home\",\"item\":\"https:\/\/bohemehouse.lt\/lt\/\"},{\"@type\":\"ListItem\",\"position\":2,\"name\":\"Ambasada Nidoje\"}]},{\"@type\":\"WebSite\",\"@id\":\"https:\/\/bohemehouse.lt\/#website\",\"url\":\"https:\/\/bohemehouse.lt\/\",\"name\":\"B\u014dHEME HOUSE\",\"description\":\"Boutique Hotel in Kaunas Old Town\",\"potentialAction\":[{\"@type\":\"SearchAction\",\"target\":{\"@type\":\"EntryPoint\",\"urlTemplate\":\"https:\/\/bohemehouse.lt\/?s={search_term_string}\"},\"query-input\":{\"@type\":\"PropertyValueSpecification\",\"valueRequired\":true,\"valueName\":\"search_term_string\"}}],\"inLanguage\":\"lt-LT\"}]}<\/script>\n<!-- \/ Yoast SEO plugin. -->","yoast_head_json":{"title":"B\u014dHEME HOUSE | Ambasada Nidoje","description":"Ambasada nidoje, isskirtiniu apartamentu nuoma nidoje","robots":{"index":"index","follow":"follow","max-snippet":"max-snippet:-1","max-image-preview":"max-image-preview:large","max-video-preview":"max-video-preview:-1"},"canonical":"https:\/\/bohemehouse.lt\/lt\/ambasada-nidoje\/","og_locale":"lt_LT","og_type":"article","og_title":"B\u014dHEME HOUSE | Ambasada Nidoje","og_description":"Ambasada nidoje, isskirtiniu apartamentu nuoma nidoje","og_url":"https:\/\/bohemehouse.lt\/lt\/ambasada-nidoje\/","og_site_name":"B\u014dHEME HOUSE","article_modified_time":"2025-09-11T07:01:04+00:00","og_image":[{"width":1280,"height":854,"url":"https:\/\/bohemehouse.lt\/wp-content\/uploads\/2023\/10\/0_COVER_Vaiva-Mazone_Mariu-apartamentai-Large-2.jpeg","type":"image\/jpeg"}],"twitter_card":"summary_large_image","twitter_misc":{"Est. reading time":"2 minut\u0117s"},"schema":{"@context":"https:\/\/schema.org","@graph":[{"@type":"WebPage","@id":"https:\/\/bohemehouse.lt\/lt\/ambasada-nidoje\/","url":"https:\/\/bohemehouse.lt\/lt\/ambasada-nidoje\/","name":"B\u014dHEME HOUSE | Ambasada Nidoje","isPartOf":{"@id":"https:\/\/bohemehouse.lt\/#website"},"primaryImageOfPage":{"@id":"https:\/\/bohemehouse.lt\/lt\/ambasada-nidoje\/#primaryimage"},"image":{"@id":"https:\/\/bohemehouse.lt\/lt\/ambasada-nidoje\/#primaryimage"},"thumbnailUrl":"https:\/\/bohemehouse.lt\/wp-content\/uploads\/2023\/10\/0_COVER_Vaiva-Mazone_Mariu-apartamentai-Large-2-300x200.jpeg","datePublished":"2023-07-15T20:23:52+00:00","dateModified":"2025-09-11T07:01:04+00:00","description":"Ambasada nidoje, isskirtiniu apartamentu nuoma nidoje","breadcrumb":{"@id":"https:\/\/bohemehouse.lt\/lt\/ambasada-nidoje\/#breadcrumb"},"inLanguage":"lt-LT","potentialAction":[{"@type":"ReadAction","target":["https:\/\/bohemehouse.lt\/lt\/ambasada-nidoje\/"]}]},{"@type":"ImageObject","inLanguage":"lt-LT","@id":"https:\/\/bohemehouse.lt\/lt\/ambasada-nidoje\/#primaryimage","url":"https:\/\/bohemehouse.lt\/wp-content\/uploads\/2023\/10\/0_COVER_Vaiva-Mazone_Mariu-apartamentai-Large-2-300x200.jpeg","contentUrl":"https:\/\/bohemehouse.lt\/wp-content\/uploads\/2023\/10\/0_COVER_Vaiva-Mazone_Mariu-apartamentai-Large-2-300x200.jpeg"},{"@type":"BreadcrumbList","@id":"https:\/\/bohemehouse.lt\/lt\/ambasada-nidoje\/#breadcrumb","itemListElement":[{"@type":"ListItem","position":1,"name":"Home","item":"https:\/\/bohemehouse.lt\/lt\/"},{"@type":"ListItem","position":2,"name":"Ambasada Nidoje"}]},{"@type":"WebSite","@id":"https:\/\/bohemehouse.lt\/#website","url":"https:\/\/bohemehouse.lt\/","name":"B\u014dHEME HOUSE","description":"Boutique Hotel in Kaunas Old Town","potentialAction":[{"@type":"SearchAction","target":{"@type":"EntryPoint","urlTemplate":"https:\/\/bohemehouse.lt\/?s={search_term_string}"},"query-input":{"@type":"PropertyValueSpecification","valueRequired":true,"valueName":"search_term_string"}}],"inLanguage":"lt-LT"}]}},"_links":{"self":[{"href":"https:\/\/bohemehouse.lt\/lt\/wp-json\/wp\/v2\/pages\/6759","targetHints":{"allow":["GET"]}}],"collection":[{"href":"https:\/\/bohemehouse.lt\/lt\/wp-json\/wp\/v2\/pages"}],"about":[{"href":"https:\/\/bohemehouse.lt\/lt\/wp-json\/wp\/v2\/types\/page"}],"author":[{"embeddable":true,"href":"https:\/\/bohemehouse.lt\/lt\/wp-json\/wp\/v2\/users\/2"}],"replies":[{"embeddable":true,"href":"https:\/\/bohemehouse.lt\/lt\/wp-json\/wp\/v2\/comments?post=6759"}],"version-history":[{"count":6,"href":"https:\/\/bohemehouse.lt\/lt\/wp-json\/wp\/v2\/pages\/6759\/revisions"}],"predecessor-version":[{"id":7612,"href":"https:\/\/bohemehouse.lt\/lt\/wp-json\/wp\/v2\/pages\/6759\/revisions\/7612"}],"wp:attachment":[{"href":"https:\/\/bohemehouse.lt\/lt\/wp-json\/wp\/v2\/media?parent=6759"}],"curies":[{"name":"wp","href":"https:\/\/api.w.org\/{rel}","templated":true}]}}