{"id":6781,"date":"2023-07-15T22:01:58","date_gmt":"2023-07-15T21:01:58","guid":{"rendered":"https:\/\/bohemehouse.lt\/?page_id=6781"},"modified":"2025-09-11T08:24:28","modified_gmt":"2025-09-11T07:24:28","slug":"ambasada-nidoje-mariu-link","status":"publish","type":"page","link":"https:\/\/bohemehouse.lt\/lt\/ambasada-nidoje-mariu-link\/","title":{"rendered":"Ambasada Nidoje &#8211; Mari\u0173 link"},"content":{"rendered":"<div class=\"wpb-content-wrapper\"><p>[vc_row el_class=&#8221;desktop&#8221;][vc_column][vc_empty_space height=&#8221;230px&#8221;][\/vc_column][\/vc_row][vc_row el_class=&#8221;mobile&#8221;][vc_column][vc_empty_space height=&#8221;100px&#8221;][\/vc_column][\/vc_row][vc_row][vc_column width=&#8221;1\/2&#8243; align=&#8221;text-center&#8221;][vc_column_text css=&#8221;.vc_custom_1691743277042{margin-right: 0px !important;margin-left: 0px !important;padding-right: 50px !important;padding-left: 50px !important;}&#8221;]<\/p>\n<p style=\"text-align: center;\"><strong>MARI\u0172 LINK<\/strong><\/p>\n<p>62 KVM APARTAMENTAI<br \/>\nMIEGAMASIS KAMBARYS<br \/>\nPRIVATUS SPA SU KINO TEATRU<br \/>\nVIRTUV\u0116 | VALGOMASIS | SVETAIN\u0116<br \/>\nVONIOS KAMBARYS<br \/>\nDARBO STALAS<br \/>\nDRABU\u017dIN\u0116<br \/>\nGALERINIS BALKONAS VIDINIAME KIEME<br \/>\nREZERVUOTA PARKAVIMO VIETA<br \/>\nKONDICIONIERIAI | REKUPERACINIS V\u0116DINIMAS<br \/>\nSKALBYKL\u0116 &#8211; D\u017dIOVYKL\u0116 | ORKAIT\u0116 | INDAPLOV\u0116 | \u0160ALDYTUVAS<br \/>\nSMART TV IR VISI KITI \u012eMANOMI PATOGUMAI<br \/>\n__________________<br \/>\nLOKACIJA | 55\u00b018&#8217;30 20\u00b059&#8217;39<br \/>\nNIDOS URBO KALNO PAP\u0116D\u0116JE<br \/>\nKELIOS MINUT\u0116S J\u016aR\u0172 LINK IR KELIOS MINUT\u0116S MARI\u0172 LINK.[\/vc_column_text][vc_empty_space][\/vc_column][vc_column width=&#8221;1\/2&#8243; css=&#8221;.vc_custom_1689452192100{margin-left: 50px !important;}&#8221;][vc_column_text]Apartamentai mari\u0173 link &#8211; tobulai subalansuoti kinematografi\u0161koms atostostogoms dviems arba darbostogoms, ie\u0161kant \u012fkv\u0117pimo.<\/p>\n<p>\u012esivaizduokite maloniai nuo kar\u0161to sm\u0117lio ar v\u0117saus pu\u0161yno nuvargusias kojas, po pasivaik\u0161\u010diojimo \u012fbrendan\u010dias \u012f privat\u0173 spa j\u016bs\u0173 miegamajame. Pripildykite dviviet\u0119 voni\u0105 &#8211; basein\u0105 putomis, spustelkite kino teatro projektoriaus mygtuk\u0105 ir pasinerkite \u012f kinematografi\u0161k\u0105 relaksacij\u0105.<\/p>\n<p>Tiesa, tok\u012f pat\u012f poj\u016bt\u012f suteiks net ir pogulis ant sofos &#8211; it ant sm\u0117lio kopos. M\u0117gaukit\u0117s komfortu, didel\u0117mis erdv\u0117mis, nat\u016braliomis med\u017eiagomis, unikaliu dizainu bei supan\u010diais meno k\u016briniais.<\/p>\n<div><\/div>\n<div>\n<div>Norite rezervuoti kinematografi\u0161kas atostogas Nidoje? Lauksime J\u016bs\u0173 el.lai\u0161ko su pageidaujama atostog\u0173 data.<\/div>\n<div>Daugiau apie J\u016bs\u0173 atostog\u0173 namus\u00a0<strong><a href=\"https:\/\/www.instagram.com\/jurumariu\/\" target=\"_blank\" rel=\"noopener\">instagrame.<\/a><\/strong><\/div>\n<\/div>\n<p>[\/vc_column_text][vc_empty_space][vc_empty_space][vc_empty_space][vc_empty_space]<div class=\"header-module\">\n\t<style>.ld_button_69de2c418510d.btn-icon-solid .btn-icon{background:rgb(0, 0, 0);}.ld_button_69de2c418510d.btn-icon-circle.btn-icon-ripple .btn-icon:before{border-color:rgb(0, 0, 0);}.ld_button_69de2c418510d.btn-icon-solid:hover .btn-icon{background:rgb(42, 42, 42);}.ld_button_69de2c418510d{background-color:rgb(0, 0, 0);border-color:rgb(0, 0, 0);color:rgb(255, 255, 255);font-size:13px !important;font-weight:500 !important;letter-spacing:0.2em !important;}.ld_button_69de2c418510d:hover{background-color:rgb(42, 42, 42);border-color:rgb(42, 42, 42);color:rgb(255, 255, 255);}.ld_button_69de2c418510d .btn-gradient-bg-hover{background:-webkit-linear-gradient(to right, rgb(42, 42, 42) 0%, rgb(42, 42, 42) 100%);background:linear-gradient(to right, rgb(42, 42, 42) 0%, rgb(42, 42, 42) 100%);}.ld_button_69de2c418510d .btn-gradient-border defs stop:first-child{stop-color:rgb(0, 0, 0);}.ld_button_69de2c418510d .btn-gradient-border defs stop:last-child{stop-color:rgb(0, 0, 0);}.ld_button_69de2c418510d:hover .btn-gradient-border defs stop:first-child{stop-color:rgb(42, 42, 42);}.ld_button_69de2c418510d:hover .btn-gradient-border defs stop:last-child{stop-color:rgb(42, 42, 42);}<\/style><a href=\"mailto:nida@bohemehouse.lt\" class=\"btn btn-solid text-uppercase btn-sm btn-bordered border-thin ld_header_button_69de2c4184d46 ld_button_69de2c418510d vc_custom_1689453976586\">\n\t<span>\n\t\t\n\t\t\t\t\t<span class=\"btn-txt\">TEIRAUTIS D\u0116L REZERVACIJOS<\/span>\n\t\t\t\n\t\t\t\t<\/span>\n<\/a>\n<\/div>[\/vc_column][\/vc_row][vc_row][vc_column][vc_empty_space][\/vc_column][\/vc_row][vc_row][vc_column][vc_gallery interval=&#8221;0&#8243; images=&#8221;6920,6922,6924,6904,6902,6906,6878,6880,6882,6884,6886,6888,6890,6892,6894,6896,6898,6900,6908,6910,6912,6914,6916,6918,7008&#8243; img_size=&#8221;large&#8221;][\/vc_column][\/vc_row][vc_row full_width=&#8221;stretch_row&#8221; el_id=&#8221;footer&#8221; css=&#8221;.vc_custom_1757505980323{padding-top: 35px !important;padding-bottom: 45px !important;background-color: #3F4041 !important;}&#8221;][vc_column align=&#8221;text-center&#8221;]<style>.mobile > li > a{font-size:12px;letter-spacing:0.1em;text-transform:uppercase;}.mobile > li{margin-bottom:30px;}.mobile > li > a,.mobile ul > li > a{color:rgb(204, 205, 206);}<\/style>\n<ul id=\"mobile\" class=\"lqd-custom-menu reset-ul   mobile\"><li id=\"menu-item-5464\" class=\"menu-item menu-item-type-custom menu-item-object-custom menu-item-5464\"><a href=\"\/lt#apartments\">Apartamentai<\/a><\/li>\n<li id=\"menu-item-5465\" class=\"menu-item menu-item-type-custom menu-item-object-custom menu-item-5465\"><a href=\"\/lt#offers\">Pasi\u016blymai<\/a><\/li>\n<li id=\"menu-item-5466\" class=\"desktop menu-item menu-item-type-custom menu-item-object-custom menu-item-5466\"><a href=\"\/lt#lobbyrestoranas\">Restoranas<\/a><\/li>\n<li id=\"menu-item-5467\" class=\"desktop menu-item menu-item-type-custom menu-item-object-custom menu-item-5467\"><a href=\"\/lt#roofterrace\">Stogo terasa<\/a><\/li>\n<li id=\"menu-item-5468\" class=\"desktop menu-item menu-item-type-custom menu-item-object-custom menu-item-5468\"><a href=\"\/lt#cinemalounge\">Kino teatras<\/a><\/li>\n<li id=\"menu-item-5766\" class=\"mobile menu-item menu-item-type-custom menu-item-object-custom menu-item-5766\"><a href=\"https:\/\/bohemehouse.lt\/lt#lobbyrestmob\">Restoranas<\/a><\/li>\n<li id=\"menu-item-5767\" class=\"mobile menu-item menu-item-type-custom menu-item-object-custom menu-item-5767\"><a href=\"https:\/\/bohemehouse.lt\/lt#roofterracemob\">Stogo terasa<\/a><\/li>\n<li id=\"menu-item-5768\" class=\"mobile menu-item menu-item-type-custom menu-item-object-custom menu-item-5768\"><a href=\"https:\/\/bohemehouse.lt\/lt#cinemaloungemob\">Kino teatras<\/a><\/li>\n<li id=\"menu-item-5469\" class=\"menu-item menu-item-type-post_type menu-item-object-page menu-item-5469\"><a href=\"https:\/\/bohemehouse.lt\/lt\/apie\/\">Apie<\/a><\/li>\n<li id=\"menu-item-5470\" class=\"menu-item menu-item-type-post_type menu-item-object-page menu-item-5470\"><a href=\"https:\/\/bohemehouse.lt\/lt\/kontaktai\/\">Kontaktai<\/a><\/li>\n<li id=\"menu-item-5471\" class=\"menu-item menu-item-type-post_type menu-item-object-page menu-item-5471\"><a href=\"https:\/\/bohemehouse.lt\/lt\/bendrosios-taisykles\/\">Bendrosios taisykl\u0117s<\/a><\/li>\n<li id=\"menu-item-5716\" class=\"menu-item menu-item-type-post_type menu-item-object-page menu-item-5716\"><a href=\"https:\/\/bohemehouse.lt\/lt\/privacy-policy\/\">Privatumo politika<\/a><\/li>\n<li id=\"menu-item-5472\" class=\"menu-item menu-item-type-post_type menu-item-object-page menu-item-5472\"><a href=\"https:\/\/bohemehouse.lt\/lt\/duk\/\">DUK<\/a><\/li>\n<\/ul><style>.desktop > li > a{font-size:12px;letter-spacing:0.1em;text-transform:uppercase;}.desktop li + li{margin-left:30px;}.desktop > li > a,.desktop ul > li > a{color:rgb(204, 205, 206);}<\/style>\n<ul id=\"desktop\" class=\"lqd-custom-menu reset-ul inline-nav  desktop\"><li class=\"menu-item menu-item-type-custom menu-item-object-custom menu-item-5464\"><a href=\"\/lt#apartments\">Apartamentai<\/a><\/li>\n<li class=\"menu-item menu-item-type-custom menu-item-object-custom menu-item-5465\"><a href=\"\/lt#offers\">Pasi\u016blymai<\/a><\/li>\n<li class=\"desktop menu-item menu-item-type-custom menu-item-object-custom menu-item-5466\"><a href=\"\/lt#lobbyrestoranas\">Restoranas<\/a><\/li>\n<li class=\"desktop menu-item menu-item-type-custom menu-item-object-custom menu-item-5467\"><a href=\"\/lt#roofterrace\">Stogo terasa<\/a><\/li>\n<li class=\"desktop menu-item menu-item-type-custom menu-item-object-custom menu-item-5468\"><a href=\"\/lt#cinemalounge\">Kino teatras<\/a><\/li>\n<li class=\"mobile menu-item menu-item-type-custom menu-item-object-custom menu-item-5766\"><a href=\"https:\/\/bohemehouse.lt\/lt#lobbyrestmob\">Restoranas<\/a><\/li>\n<li class=\"mobile menu-item menu-item-type-custom menu-item-object-custom menu-item-5767\"><a href=\"https:\/\/bohemehouse.lt\/lt#roofterracemob\">Stogo terasa<\/a><\/li>\n<li class=\"mobile menu-item menu-item-type-custom menu-item-object-custom menu-item-5768\"><a href=\"https:\/\/bohemehouse.lt\/lt#cinemaloungemob\">Kino teatras<\/a><\/li>\n<li class=\"menu-item menu-item-type-post_type menu-item-object-page menu-item-5469\"><a href=\"https:\/\/bohemehouse.lt\/lt\/apie\/\">Apie<\/a><\/li>\n<li class=\"menu-item menu-item-type-post_type menu-item-object-page menu-item-5470\"><a href=\"https:\/\/bohemehouse.lt\/lt\/kontaktai\/\">Kontaktai<\/a><\/li>\n<li class=\"menu-item menu-item-type-post_type menu-item-object-page menu-item-5471\"><a href=\"https:\/\/bohemehouse.lt\/lt\/bendrosios-taisykles\/\">Bendrosios taisykl\u0117s<\/a><\/li>\n<li class=\"menu-item menu-item-type-post_type menu-item-object-page menu-item-5716\"><a href=\"https:\/\/bohemehouse.lt\/lt\/privacy-policy\/\">Privatumo politika<\/a><\/li>\n<li class=\"menu-item menu-item-type-post_type menu-item-object-page menu-item-5472\"><a href=\"https:\/\/bohemehouse.lt\/lt\/duk\/\">DUK<\/a><\/li>\n<\/ul><style>.ld_spacer_69de2c4189fd4{height:25px;}<\/style>\n<div class=\"ld-empty-space ld_spacer_69de2c4189fd4\"><span class=\"liquid_empty_space_inner\"><\/span><\/div>[\/vc_column][vc_column align=&#8221;text-center&#8221; offset=&#8221;vc_col-md-offset-3 vc_col-md-6&#8243;]<style>.ld_social_icons_69de2c418a0eb.social-icon li a{color:#CCCDCE;}.ld_social_icons_69de2c418a0eb.social-icon li a:hover{color:#ffffff;}<\/style><ul class=\"social-icon social-icon-md ld_social_icons_69de2c418a0eb\" id=ld_social_icons_69de2c418a0eb>\n<li><a href=\"https:\/\/www.facebook.com\/bohemehouse\/\" target=\"_blank\" rel=\"nofollow\"><i class=\"fa fa-facebook\"><\/i><\/a><\/li><li><a href=\"https:\/\/www.instagram.com\/bohemehouse\/\" target=\"_blank\" rel=\"nofollow\"><i class=\"fa fa-instagram\"><\/i><\/a><\/li><li><a href=\"http:\/\/www.pinterest.com\/thearchitectlt\" target=\"_blank\" rel=\"nofollow\"><i class=\"fa fa-pinterest\"><\/i><\/a><\/li><\/ul>[\/vc_column][\/vc_row]<\/p>\n<\/div>","protected":false},"excerpt":{"rendered":"<p>[vc_row el_class=&#8221;desktop&#8221;][vc_column][vc_empty_space height=&#8221;230px&#8221;][\/vc_column][\/vc_row][vc_row el_class=&#8221;mobile&#8221;][vc_column][vc_empty_space height=&#8221;100px&#8221;][\/vc_column][\/vc_row][vc_row][vc_column width=&#8221;1\/2&#8243; align=&#8221;text-center&#8221;][vc_column_text css=&#8221;.vc_custom_1691743277042{margin-right: 0px !important;margin-left: 0px !important;padding-right: 50px !important;padding-left: 50px&#8230;<\/p>\n","protected":false},"author":2,"featured_media":0,"parent":0,"menu_order":0,"comment_status":"closed","ping_status":"closed","template":"","meta":{"footnotes":""},"class_list":["post-6781","page","type-page","status-publish","hentry"],"yoast_head":"<!-- This site is optimized with the Yoast SEO plugin v27.1.1 - https:\/\/yoast.com\/product\/yoast-seo-wordpress\/ -->\n<title>B\u014dHEME HOUSE | Ambasada Nidoje - Apartamentai Mari\u0173 link<\/title>\n<meta name=\"description\" content=\"Ambasada Nidoje - i\u0161skirtinio dizaino apartamentai poilsiui, darbostogoms, \u012fkv\u0117pimui\" \/>\n<meta name=\"robots\" content=\"index, follow, max-snippet:-1, max-image-preview:large, max-video-preview:-1\" \/>\n<link rel=\"canonical\" href=\"https:\/\/bohemehouse.lt\/lt\/ambasada-nidoje-mariu-link\/\" \/>\n<meta property=\"og:locale\" content=\"lt_LT\" \/>\n<meta property=\"og:type\" content=\"article\" \/>\n<meta property=\"og:title\" content=\"B\u014dHEME HOUSE | Ambasada Nidoje - Apartamentai Mari\u0173 link\" \/>\n<meta property=\"og:description\" content=\"Ambasada Nidoje - i\u0161skirtinio dizaino apartamentai poilsiui, darbostogoms, \u012fkv\u0117pimui\" \/>\n<meta property=\"og:url\" content=\"https:\/\/bohemehouse.lt\/lt\/ambasada-nidoje-mariu-link\/\" \/>\n<meta property=\"og:site_name\" content=\"B\u014dHEME HOUSE\" \/>\n<meta property=\"article:modified_time\" content=\"2025-09-11T07:24:28+00:00\" \/>\n<meta name=\"twitter:card\" content=\"summary_large_image\" \/>\n<meta name=\"twitter:label1\" content=\"Est. reading time\" \/>\n\t<meta name=\"twitter:data1\" content=\"2 minut\u0117s\" \/>\n<script type=\"application\/ld+json\" class=\"yoast-schema-graph\">{\"@context\":\"https:\/\/schema.org\",\"@graph\":[{\"@type\":\"WebPage\",\"@id\":\"https:\/\/bohemehouse.lt\/lt\/ambasada-nidoje-mariu-link\/\",\"url\":\"https:\/\/bohemehouse.lt\/lt\/ambasada-nidoje-mariu-link\/\",\"name\":\"B\u014dHEME HOUSE | Ambasada Nidoje - Apartamentai Mari\u0173 link\",\"isPartOf\":{\"@id\":\"https:\/\/bohemehouse.lt\/#website\"},\"datePublished\":\"2023-07-15T21:01:58+00:00\",\"dateModified\":\"2025-09-11T07:24:28+00:00\",\"description\":\"Ambasada Nidoje - i\u0161skirtinio dizaino apartamentai poilsiui, darbostogoms, \u012fkv\u0117pimui\",\"breadcrumb\":{\"@id\":\"https:\/\/bohemehouse.lt\/lt\/ambasada-nidoje-mariu-link\/#breadcrumb\"},\"inLanguage\":\"lt-LT\",\"potentialAction\":[{\"@type\":\"ReadAction\",\"target\":[\"https:\/\/bohemehouse.lt\/lt\/ambasada-nidoje-mariu-link\/\"]}]},{\"@type\":\"BreadcrumbList\",\"@id\":\"https:\/\/bohemehouse.lt\/lt\/ambasada-nidoje-mariu-link\/#breadcrumb\",\"itemListElement\":[{\"@type\":\"ListItem\",\"position\":1,\"name\":\"Home\",\"item\":\"https:\/\/bohemehouse.lt\/lt\/\"},{\"@type\":\"ListItem\",\"position\":2,\"name\":\"Ambasada Nidoje &#8211; Mari\u0173 link\"}]},{\"@type\":\"WebSite\",\"@id\":\"https:\/\/bohemehouse.lt\/#website\",\"url\":\"https:\/\/bohemehouse.lt\/\",\"name\":\"B\u014dHEME HOUSE\",\"description\":\"Boutique Hotel in Kaunas Old Town\",\"potentialAction\":[{\"@type\":\"SearchAction\",\"target\":{\"@type\":\"EntryPoint\",\"urlTemplate\":\"https:\/\/bohemehouse.lt\/?s={search_term_string}\"},\"query-input\":{\"@type\":\"PropertyValueSpecification\",\"valueRequired\":true,\"valueName\":\"search_term_string\"}}],\"inLanguage\":\"lt-LT\"}]}<\/script>\n<!-- \/ Yoast SEO plugin. -->","yoast_head_json":{"title":"B\u014dHEME HOUSE | Ambasada Nidoje - Apartamentai Mari\u0173 link","description":"Ambasada Nidoje - i\u0161skirtinio dizaino apartamentai poilsiui, darbostogoms, \u012fkv\u0117pimui","robots":{"index":"index","follow":"follow","max-snippet":"max-snippet:-1","max-image-preview":"max-image-preview:large","max-video-preview":"max-video-preview:-1"},"canonical":"https:\/\/bohemehouse.lt\/lt\/ambasada-nidoje-mariu-link\/","og_locale":"lt_LT","og_type":"article","og_title":"B\u014dHEME HOUSE | Ambasada Nidoje - Apartamentai Mari\u0173 link","og_description":"Ambasada Nidoje - i\u0161skirtinio dizaino apartamentai poilsiui, darbostogoms, \u012fkv\u0117pimui","og_url":"https:\/\/bohemehouse.lt\/lt\/ambasada-nidoje-mariu-link\/","og_site_name":"B\u014dHEME HOUSE","article_modified_time":"2025-09-11T07:24:28+00:00","twitter_card":"summary_large_image","twitter_misc":{"Est. reading time":"2 minut\u0117s"},"schema":{"@context":"https:\/\/schema.org","@graph":[{"@type":"WebPage","@id":"https:\/\/bohemehouse.lt\/lt\/ambasada-nidoje-mariu-link\/","url":"https:\/\/bohemehouse.lt\/lt\/ambasada-nidoje-mariu-link\/","name":"B\u014dHEME HOUSE | Ambasada Nidoje - Apartamentai Mari\u0173 link","isPartOf":{"@id":"https:\/\/bohemehouse.lt\/#website"},"datePublished":"2023-07-15T21:01:58+00:00","dateModified":"2025-09-11T07:24:28+00:00","description":"Ambasada Nidoje - i\u0161skirtinio dizaino apartamentai poilsiui, darbostogoms, \u012fkv\u0117pimui","breadcrumb":{"@id":"https:\/\/bohemehouse.lt\/lt\/ambasada-nidoje-mariu-link\/#breadcrumb"},"inLanguage":"lt-LT","potentialAction":[{"@type":"ReadAction","target":["https:\/\/bohemehouse.lt\/lt\/ambasada-nidoje-mariu-link\/"]}]},{"@type":"BreadcrumbList","@id":"https:\/\/bohemehouse.lt\/lt\/ambasada-nidoje-mariu-link\/#breadcrumb","itemListElement":[{"@type":"ListItem","position":1,"name":"Home","item":"https:\/\/bohemehouse.lt\/lt\/"},{"@type":"ListItem","position":2,"name":"Ambasada Nidoje &#8211; Mari\u0173 link"}]},{"@type":"WebSite","@id":"https:\/\/bohemehouse.lt\/#website","url":"https:\/\/bohemehouse.lt\/","name":"B\u014dHEME HOUSE","description":"Boutique Hotel in Kaunas Old Town","potentialAction":[{"@type":"SearchAction","target":{"@type":"EntryPoint","urlTemplate":"https:\/\/bohemehouse.lt\/?s={search_term_string}"},"query-input":{"@type":"PropertyValueSpecification","valueRequired":true,"valueName":"search_term_string"}}],"inLanguage":"lt-LT"}]}},"_links":{"self":[{"href":"https:\/\/bohemehouse.lt\/lt\/wp-json\/wp\/v2\/pages\/6781","targetHints":{"allow":["GET"]}}],"collection":[{"href":"https:\/\/bohemehouse.lt\/lt\/wp-json\/wp\/v2\/pages"}],"about":[{"href":"https:\/\/bohemehouse.lt\/lt\/wp-json\/wp\/v2\/types\/page"}],"author":[{"embeddable":true,"href":"https:\/\/bohemehouse.lt\/lt\/wp-json\/wp\/v2\/users\/2"}],"replies":[{"embeddable":true,"href":"https:\/\/bohemehouse.lt\/lt\/wp-json\/wp\/v2\/comments?post=6781"}],"version-history":[{"count":19,"href":"https:\/\/bohemehouse.lt\/lt\/wp-json\/wp\/v2\/pages\/6781\/revisions"}],"predecessor-version":[{"id":7620,"href":"https:\/\/bohemehouse.lt\/lt\/wp-json\/wp\/v2\/pages\/6781\/revisions\/7620"}],"wp:attachment":[{"href":"https:\/\/bohemehouse.lt\/lt\/wp-json\/wp\/v2\/media?parent=6781"}],"curies":[{"name":"wp","href":"https:\/\/api.w.org\/{rel}","templated":true}]}}